{"id":3575,"date":"2023-07-17T12:28:13","date_gmt":"2023-07-17T12:28:13","guid":{"rendered":"https:\/\/smoke.ch\/product\/cohiba-talisman-edicion-limitada-2017-single-cigar\/"},"modified":"2025-10-06T07:31:45","modified_gmt":"2025-10-06T07:31:45","slug":"cohiba-talisman-edicion-limitada-2017-single-cigar","status":"publish","type":"product","link":"https:\/\/smoke.ch\/en\/product\/cohiba-talisman-edicion-limitada-2017-single-cigar\/","title":{"rendered":"Cohiba Talism\u00e1n &#8211; Edici\u00f3n Limitada 2017"},"content":{"rendered":"<p>The production name of the <strong><a href=\"https:\/\/smoke.ch\/en\/product-category\/zigarren-en\/cohiba-en\/\">Cohiba<\/a> Talism\u00e1n<\/strong> is &#8220;Sublime No.1&#8221;. This <a href=\"https:\/\/smoke.ch\/en\/product-category\/zigarren-en\/\"><strong>cigar<\/strong><\/a> is completely new from <a href=\"https:\/\/www.habanos.com\/en\/\"><strong>Habanos<\/strong><\/a> S.A. for this limited edition.<br \/>\nThe tobacco blend is characterized by the medium-strong to strong blend of the L\u00ednea Cl\u00e1sica. However, as is usual for the Edici\u00f3n Limitada cigars, it consists exclusively of tobaccos aged for at least two years.<br \/>\nWith its majestic format, the exceptional <strong>Cohiba Talism\u00e1n<\/strong> offers connoisseurs maximum cigar enjoyment for very special moments.<br \/>\nThis <strong>limited edition<\/strong> was only produced for a short time. Secure now still a box for your <strong><a href=\"https:\/\/smoke.ch\/en\/product-category\/humidore-en\/\">humidor <\/a><\/strong><strong><a href=\"https:\/\/smoke.ch\/en\/product-category\/zigarren-en\/cohiba-en\/\">Cohiba <\/a><\/strong>is a legendary brand in the world of premium cigars. This iconic brand has been enjoyed by cigar lovers around the world for over five decades. In addition, Cohiba<a href=\"https:\/\/smoke.ch\/en\/product-category\/zigarren-en\/\"><strong> Cigars <\/strong><\/a>known for their unsurpassed quality, exquisite taste and luxurious smoking experience.<\/p>\n<h2><\/h2>\n","protected":false},"excerpt":{"rendered":"<p>The production name of the Cohiba Talism\u00e1n is &#8220;Sublime No.1&#8221;. This cigar is completely new from Habanos S.A. for this limited edition. The tobacco blend is characterized by the medium-strong to strong blend of the L\u00ednea Cl\u00e1sica. However, as is usual for the Edici\u00f3n Limitada cigars, it consists exclusively of tobaccos aged for at least [&hellip;]<\/p>\n","protected":false},"featured_media":2166,"comment_status":"open","ping_status":"closed","template":"","meta":{"_et_pb_use_builder":"","_et_pb_old_content":"","_et_gb_content_width":""},"product_brand":[],"product_cat":[84,78,86,77],"product_tag":[1100,997,370,1104,1160,520,1084,1105,1111,1113,1112,998,1016,1029,792],"class_list":{"0":"post-3575","1":"product","2":"type-product","3":"status-publish","4":"has-post-thumbnail","6":"product_cat-zigarren-en","7":"product_cat-cohiba-humidore-en","8":"product_cat-cohiba-en","9":"product_cat-humidore-en","10":"product_tag-cigars","11":"product_tag-cigars-for-collectors","12":"product_tag-cohiba-en","13":"product_tag-cohiba-cigars","14":"product_tag-cohiba-talisman-en","15":"product_tag-cohiba-talisman-edicion-limitada-2017-en","16":"product_tag-cuban-cigars-en","17":"product_tag-cuban-vintage-cigars-en-2","18":"product_tag-exclusive-cuban-cigars","19":"product_tag-habanos-en","20":"product_tag-habanos-cigars","21":"product_tag-limited-cigars","22":"product_tag-premium-cigar","23":"product_tag-rare-cigars-en","24":"product_tag-vintage-cigars","26":"first","27":"instock","28":"shipping-taxable","29":"purchasable","30":"product-type-variable"},"aioseo_notices":[],"_links":{"self":[{"href":"https:\/\/smoke.ch\/en\/wp-json\/wp\/v2\/product\/3575","targetHints":{"allow":["GET"]}}],"collection":[{"href":"https:\/\/smoke.ch\/en\/wp-json\/wp\/v2\/product"}],"about":[{"href":"https:\/\/smoke.ch\/en\/wp-json\/wp\/v2\/types\/product"}],"replies":[{"embeddable":true,"href":"https:\/\/smoke.ch\/en\/wp-json\/wp\/v2\/comments?post=3575"}],"wp:featuredmedia":[{"embeddable":true,"href":"https:\/\/smoke.ch\/en\/wp-json\/wp\/v2\/media\/2166"}],"wp:attachment":[{"href":"https:\/\/smoke.ch\/en\/wp-json\/wp\/v2\/media?parent=3575"}],"wp:term":[{"taxonomy":"product_brand","embeddable":true,"href":"https:\/\/smoke.ch\/en\/wp-json\/wp\/v2\/product_brand?post=3575"},{"taxonomy":"product_cat","embeddable":true,"href":"https:\/\/smoke.ch\/en\/wp-json\/wp\/v2\/product_cat?post=3575"},{"taxonomy":"product_tag","embeddable":true,"href":"https:\/\/smoke.ch\/en\/wp-json\/wp\/v2\/product_tag?post=3575"}],"curies":[{"name":"wp","href":"https:\/\/api.w.org\/{rel}","templated":true}]}}