{"id":11946,"date":"2022-06-30T18:53:12","date_gmt":"2022-06-30T18:53:12","guid":{"rendered":"https:\/\/smoke.ch\/gastos-de-envio\/"},"modified":"2024-12-09T13:05:07","modified_gmt":"2024-12-09T13:05:07","slug":"gastos-de-envio","status":"publish","type":"page","link":"https:\/\/smoke.ch\/es\/gastos-de-envio\/","title":{"rendered":"Gastos de env\u00edo"},"content":{"rendered":"<p>[et_pb_section admin_label=\u00bbsection\u00bb]<br \/>\n\t\t\t[et_pb_row admin_label=\u00bbfila\u00bb]<br \/>\n\t\t\t\t[et_pb_column type=\u00bb4_4&#8243;][et_pb_text admin_label=\u00bbText\u00bb]<\/p>\n\n<h3 class=\"wp-block-heading\">El env\u00edo lo realiza Correos. Los paquetes est\u00e1n asegurados y se env\u00edan por correo certificado.<\/h3>\n\n<h3 class=\"wp-block-heading\">INTERIOR<\/h3>\n\n<p>Pa\u00edses: Suiza, Liechtenstein<\/p>\n\n<figure class=\"wp-block-table\"><table><tbody><tr><td>Valor del pedido<\/td><td>Gastos de env\u00edo<\/td><\/tr><tr><td>hasta 500,00 CHF<\/td><td>12,00 CHF<\/td><\/tr><tr><td>m\u00e1s de 500,00 CHF<\/td><td>CHF 0,00<\/td><\/tr><\/tbody><\/table><\/figure>\n\n<h3 class=\"wp-block-heading\">UE-EXTRANJERO<\/h3>\n\n<p>Pa\u00edses: Alemania, Austria, Andorra, B\u00e9lgica, Dinamarca, Espa\u00f1a, Finlandia, Francia, Grecia, Irlanda, Italia, Luxemburgo, Malta, M\u00f3naco, Noruega, Pa\u00edses Bajos, Portugal, Reino Unido, Suecia y Hungr\u00eda.<\/p>\n\n<figure class=\"wp-block-table\"><table><tbody><tr><td>Valor del pedido<\/td><td>Gastos de env\u00edo<\/td><\/tr><tr><td>hasta 1.000,00 CHF<\/td><td>25,00 CHF<\/td><\/tr><tr><td>m\u00e1s de 1.000,00 CHF<\/td><td>CHF 0,00<\/td><\/tr><\/tbody><\/table><\/figure>\n\n<h3 class=\"wp-block-heading\">EN EL EXTRANJERO<\/h3>\n\n<p>Pa\u00edses: todos los dem\u00e1s<\/p>\n\n<figure class=\"wp-block-table\"><table><tbody><tr><td>Valor del pedido<\/td><td>Gastos de env\u00edo<\/td><\/tr><tr><td>hasta 1.000,00 CHF<\/td><td>30,00 CHF<\/td><\/tr><tr><td>m\u00e1s de 1.000,00 CHF<\/td><td>CHF 0,00<\/td><\/tr><\/tbody><\/table><\/figure>\n\n<p>Los paquetes enviados al extranjero est\u00e1n exentos del IVA suizo. Los derechos de aduana y los impuestos recaudados en el pa\u00eds receptor correr\u00e1n a cargo del receptor.<\/p>\n<p>[\/et_pb_text][\/et_pb_column]<br \/>\n\t\t\t[\/et_pb_row]<br \/>\n\t\t[\/et_pb_section]<\/p>\n","protected":false},"excerpt":{"rendered":"<p>El env\u00edo lo realiza Correos. Los paquetes est\u00e1n asegurados y se env\u00edan por correo certificado. INTERIOR Pa\u00edses: Suiza, Liechtenstein Valor del pedidoGastos de env\u00edohasta 500,00 CHF12,00 CHFm\u00e1s de 500,00 CHFCHF 0,00 UE-EXTRANJERO Pa\u00edses: Alemania, Austria, Andorra, B\u00e9lgica, Dinamarca, Espa\u00f1a, Finlandia, Francia, Grecia, Irlanda, Italia, Luxemburgo, Malta, M\u00f3naco, Noruega, Pa\u00edses Bajos, Portugal, Reino Unido, Suecia y [&hellip;]<\/p>\n","protected":false},"author":1,"featured_media":0,"parent":0,"menu_order":0,"comment_status":"closed","ping_status":"closed","template":"","meta":{"_et_pb_use_builder":"on","_et_pb_old_content":"","_et_gb_content_width":"","footnotes":""},"class_list":["post-11946","page","type-page","status-publish","hentry"],"aioseo_notices":[],"_links":{"self":[{"href":"https:\/\/smoke.ch\/es\/wp-json\/wp\/v2\/pages\/11946","targetHints":{"allow":["GET"]}}],"collection":[{"href":"https:\/\/smoke.ch\/es\/wp-json\/wp\/v2\/pages"}],"about":[{"href":"https:\/\/smoke.ch\/es\/wp-json\/wp\/v2\/types\/page"}],"author":[{"embeddable":true,"href":"https:\/\/smoke.ch\/es\/wp-json\/wp\/v2\/users\/1"}],"replies":[{"embeddable":true,"href":"https:\/\/smoke.ch\/es\/wp-json\/wp\/v2\/comments?post=11946"}],"version-history":[{"count":1,"href":"https:\/\/smoke.ch\/es\/wp-json\/wp\/v2\/pages\/11946\/revisions"}],"predecessor-version":[{"id":11948,"href":"https:\/\/smoke.ch\/es\/wp-json\/wp\/v2\/pages\/11946\/revisions\/11948"}],"wp:attachment":[{"href":"https:\/\/smoke.ch\/es\/wp-json\/wp\/v2\/media?parent=11946"}],"curies":[{"name":"wp","href":"https:\/\/api.w.org\/{rel}","templated":true}]}}