{"id":11957,"date":"2022-10-18T07:54:41","date_gmt":"2022-10-18T07:54:41","guid":{"rendered":"https:\/\/smoke.ch\/smoke-ch\/"},"modified":"2025-07-22T15:59:40","modified_gmt":"2025-07-22T15:59:40","slug":"smoke-ch","status":"publish","type":"page","link":"https:\/\/smoke.ch\/es\/","title":{"rendered":"smoke.ch"},"content":{"rendered":"<p>[et_pb_section fb_built=\u00bb1&#8243; _builder_version=\u00bb4.27.2&#8243; _module_preset=\u00bbe7c411c0-0795-4e17-84ec-d0f725ae9a7d\u00bb overflow-y=\u00bbhidden\u00bb custom_margin=\u00bb0px||0px||false|false\u00bb custom_padding=\u00bb0px||0px||false|false\u00bb global_colors_info=\u00bb{}\u00bb][et_pb_row _builder_version=\u00bb4.27.2&#8243; _module_preset=\u00bbdefault\u00bb global_colors_info=\u00bb{}\u00bb][et_pb_column type=\u00bb4_4&#8243; _builder_version=\u00bb4.27.0&#8243; _module_preset=\u00bbdefault\u00bb global_colors_info=\u00bb{}\u00bb][et_pb_image src=\u00bbhttps:\/\/smoke.ch\/wp-content\/uploads\/2025\/06\/Smoke_Front_2-1024&#215;355.jpg\u00bb title_text=\u00bbFachada_de_humo_2&#8243; disabled_on=\u00bbon|off|off\u00bb _builder_version=\u00bb4.27.4&#8243; _module_preset=\u00bbdefault\u00bb global_colors_info=\u00bb{}\u00bb][\/et_pb_image][et_pb_text _builder_version=\u00bb4.27.4&#8243; _module_preset=\u00bbdefault\u00bb global_colors_info=\u00bb{}\u00bb]<\/p>\n<h2 style=\"text-align: center;\">La mejor selecci\u00f3n desde hace m\u00e1s de 30 a\u00f1os<\/h2>\n<p>&nbsp;<\/p>\n<p>[\/et_pb_text][et_pb_divider _builder_version=\u00bb4.27.4&#8243; _module_preset=\u00bbdefault\u00bb global_colors_info=\u00bb{}\u00bb][\/et_pb_divider][et_pb_shop type=\u00bbfeatured\u00bb posts_number=\u00bb4&#8243; columns_number=\u00bb4&#8243; _builder_version=\u00bb4.27.2&#8243; _module_preset=\u00bbdefault\u00bb title_text_color=\u00bb#000000&#8243; price_text_color=\u00bb#000000&#8243; global_colors_info=\u00bb{}\u00bb][\/et_pb_shop][et_pb_divider _builder_version=\u00bb4.27.4&#8243; _module_preset=\u00bbdefault\u00bb global_colors_info=\u00bb{}\u00bb][\/et_pb_divider][et_pb_post_slider include_categories=\u00bball\u00bb show_meta=\u00bboff\u00bb bg_overlay_color=\u00bbrgba(10,10,10,0.64)\u00bb use_text_overlay=\u00bboff\u00bb _builder_version=\u00bb4.27.4&#8243; _module_preset=\u00bbdefault\u00bb global_colors_info=\u00bb{}\u00bb][\/et_pb_post_slider][et_pb_divider _builder_version=\u00bb4.27.4&#8243; _module_preset=\u00bbdefault\u00bb global_colors_info=\u00bb{}\u00bb][\/et_pb_divider][\/et_pb_column][\/et_pb_row][\/et_pb_section][et_pb_section fb_built=\u00bb1&#8243; _builder_version=\u00bb4.27.0&#8243; _module_preset=\u00bbbb1fe67c-4fe4-4bc8-aced-81ecd0d020f8&#8243; background_color=\u00bb#FFFFFF\u00bb overflow-x=\u00bbhidden\u00bb overflow-y=\u00bbhidden\u00bb custom_margin=\u00bb0px||0px||false|false\u00bb custom_padding=\u00bb0px||0px||false|false\u00bb global_colors_info=\u00bb{%22gcid-11d3dbbb-f6dc-4fb8-929b-9d6994368d00%22:%91%22background_color_gradient_stops%22%93,%22gcid-9fa4a1b6-767d-41ca-984c-a6f10449c843%22:%91%22background_color_gradient_stops%22%93}\u00bb][et_pb_row column_structure=\u00bb1_3,1_3,1_3&#8243; make_equal=\u00bbon\u00bb _builder_version=\u00bb4.27.4&#8243; _module_preset=\u00bbdefault\u00bb scroll_horizontal_motion=\u00bb0|25|25|100|4|0|0&#8243; global_colors_info=\u00bb{}\u00bb][et_pb_column type=\u00bb1_3&#8243; _builder_version=\u00bb4.24.3&#8243; _module_preset=\u00bbdefault\u00bb global_colors_info=\u00bb{}\u00bb][et_pb_image src=\u00bbhttps:\/\/smoke.ch\/wp-content\/uploads\/2022\/03\/Cohiba_50_Aniversario_inside.png\u00bb alt=\u00bbCohiba 50 Aniversario interior\u00bb title_text=\u00bbCohiba_50_Aniversario_interior\u00bb align=\u00bbcenter\u00bb _builder_version=\u00bb4.27.4&#8243; _module_preset=\u00bbdefault\u00bb min_height=\u00bb300px\u00bb height=\u00bb300px\u00bb max_height=\u00bb300px\u00bb global_colors_info=\u00bb{}\u00bb][\/et_pb_image][et_pb_text _builder_version=\u00bb4.27.4&#8243; _module_preset=\u00bbdefault\u00bb custom_padding_tablet=\u00bb0px||||false|false\u00bb custom_padding_phone=\u00bb0px||||false|false\u00bb custom_padding_last_edited=\u00bbon|desktop\u00bb global_colors_info=\u00bb{}\u00bb]<\/p>\n<h1><span style=\"font-family: inherit;\">Humidificadores<\/span><\/h1>\n<p>Descubre nuestra gama de humidores raros de Cohiba, Romeo y Julieta y Trinidad.<\/p>\n<p>[\/et_pb_text][et_pb_button button_url=\u00bbhttps:\/\/smoke.ch\/es\/categoria-producto\/humidificadores\/\u00bb button_text=\u00bbNuestros humidores\u00bb button_alignment=\u00bbcenter\u00bb _builder_version=\u00bb4.27.4&#8243; _module_preset=\u00bb48a0841a-7e41-41be-9af2-206687f8066a\u00bb button_bg_color=\u00bbgcid-a14b5d87-6979-4035-8633-abd9b36ecdb3&#8243; button_font=\u00bb|700||on|||||\u00bb hover_enabled=\u00bb0&#8243; locked=\u00bboff\u00bb global_colors_info=\u00bb{%22gcid-a14b5d87-6979-4035-8633-abd9b36ecdb3%22:%91%22button_bg_color%22%93}\u00bb sticky_enabled=\u00bb0&#8243;][\/et_pb_button][\/et_pb_column][et_pb_column type=\u00bb1_3&#8243; _builder_version=\u00bb4.24.3&#8243; _module_preset=\u00bbdefault\u00bb global_colors_info=\u00bb{}\u00bb][et_pb_image src=\u00bbhttps:\/\/smoke.ch\/wp-content\/uploads\/2024\/10\/Cohiba_BHK56_23_inside-225&#215;300.png\u00bb alt=\u00bbCaja Cohiba BHK 56&#8243; title_text=\u00bbCohiba_BHK56_23_inside\u00bb align=\u00bbcenter\u00bb _builder_version=\u00bb4.27.4&#8243; _module_preset=\u00bbdefault\u00bb min_height=\u00bb300px\u00bb height=\u00bb300px\u00bb max_height=\u00bb300px\u00bb custom_margin_tablet=\u00bb||0px||false|false\u00bb custom_margin_phone=\u00bb||0px||false|false\u00bb custom_margin_last_edited=\u00bbon|phone\u00bb global_colors_info=\u00bb{}\u00bb][\/et_pb_image][et_pb_text disabled_on=\u00bboff|off|off\u00bb _builder_version=\u00bb4.27.4&#8243; _module_preset=\u00bbdefault\u00bb custom_padding_tablet=\u00bb0px||||false|false\u00bb custom_padding_phone=\u00bb0px||||false|false\u00bb custom_padding_last_edited=\u00bbon|phone\u00bb locked=\u00bboff\u00bb global_colors_info=\u00bb{}\u00bb]<\/p>\n<h1>Puros<\/h1>\n<p>Descubre nuestra gama de puros a\u00f1ejos y rarezas exclusivas de Cuba, desde Bol\u00edvar hasta Vegas Robaina.<\/p>\n<p>[\/et_pb_text][et_pb_button button_url=\u00bbhttps:\/\/smoke.ch\/es\/categoria-producto\/puros\/\u00bb button_text=\u00bbNuestros puros\u00bb button_alignment=\u00bbcenter\u00bb disabled_on=\u00bboff|off|off\u00bb _builder_version=\u00bb4.27.4&#8243; _module_preset=\u00bb48a0841a-7e41-41be-9af2-206687f8066a\u00bb button_bg_color=\u00bbgcid-a14b5d87-6979-4035-8633-abd9b36ecdb3&#8243; button_font=\u00bb|700||on|||||\u00bb custom_margin=\u00bb||0px||false|false\u00bb hover_enabled=\u00bb0&#8243; locked=\u00bboff\u00bb global_colors_info=\u00bb{%22gcid-a14b5d87-6979-4035-8633-abd9b36ecdb3%22:%91%22button_bg_color%22%93}\u00bb sticky_enabled=\u00bb0&#8243;][\/et_pb_button][\/et_pb_column][et_pb_column type=\u00bb1_3&#8243; _builder_version=\u00bb4.27.4&#8243; _module_preset=\u00bbdefault\u00bb global_colors_info=\u00bb{}\u00bb][et_pb_image src=\u00bbhttps:\/\/smoke.ch\/wp-content\/uploads\/2022\/03\/Burberrys_25glas-web.png\u00bb alt=\u00bbWhisky Burberrys 25 a\u00f1os de cer\u00e1mica\u00bb title_text=\u00bbBurberrys_25vidrio\u00bb align=\u00bbcenter\u00bb _builder_version=\u00bb4.27.4&#8243; _module_preset=\u00bbdefault\u00bb height=\u00bb300px\u00bb global_colors_info=\u00bb{}\u00bb][\/et_pb_image][et_pb_text _builder_version=\u00bb4.27.4&#8243; _module_preset=\u00bbdefault\u00bb custom_padding_tablet=\u00bb0px||||false|false\u00bb custom_padding_phone=\u00bb0px||||false|false\u00bb custom_padding_last_edited=\u00bbon|phone\u00bb global_colors_info=\u00bb{}\u00bb]<\/p>\n<h1>Esp\u00edritus<\/h1>\n<p>Te ofrecemos una selecci\u00f3n de licores raros de todo el mundo.<\/p>\n<p>[\/et_pb_text][et_pb_button button_url=\u00bbhttps:\/\/smoke.ch\/es\/categoria-producto\/espiritus\/\u00bb button_text=\u00bbNuestros esp\u00edritus\u00bb button_alignment=\u00bbcenter\u00bb _builder_version=\u00bb4.27.4&#8243; _module_preset=\u00bb48a0841a-7e41-41be-9af2-206687f8066a\u00bb button_bg_color=\u00bbgcid-a14b5d87-6979-4035-8633-abd9b36ecdb3&#8243; button_font=\u00bb|700||on|||||\u00bb hover_enabled=\u00bb0&#8243; locked=\u00bboff\u00bb global_colors_info=\u00bb{%22gcid-a14b5d87-6979-4035-8633-abd9b36ecdb3%22:%91%22button_bg_color%22%93}\u00bb sticky_enabled=\u00bb0&#8243;][\/et_pb_button][\/et_pb_column][\/et_pb_row][\/et_pb_section]<\/p>\n","protected":false},"excerpt":{"rendered":"<p>La mejor selecci\u00f3n desde hace m\u00e1s de 30 a\u00f1os &nbsp;Humidificadores Descubre nuestra gama de humidores raros de Cohiba, Romeo y Julieta y Trinidad.Puros Descubre nuestra gama de puros a\u00f1ejos y rarezas exclusivas de Cuba, desde Bol\u00edvar hasta Vegas Robaina.Esp\u00edritus Te ofrecemos una selecci\u00f3n de licores raros de todo el mundo.<\/p>\n","protected":false},"author":1,"featured_media":0,"parent":0,"menu_order":0,"comment_status":"closed","ping_status":"closed","template":"","meta":{"_et_pb_use_builder":"on","_et_pb_old_content":"","_et_gb_content_width":"","footnotes":""},"class_list":["post-11957","page","type-page","status-publish","hentry"],"aioseo_notices":[],"_links":{"self":[{"href":"https:\/\/smoke.ch\/es\/wp-json\/wp\/v2\/pages\/11957","targetHints":{"allow":["GET"]}}],"collection":[{"href":"https:\/\/smoke.ch\/es\/wp-json\/wp\/v2\/pages"}],"about":[{"href":"https:\/\/smoke.ch\/es\/wp-json\/wp\/v2\/types\/page"}],"author":[{"embeddable":true,"href":"https:\/\/smoke.ch\/es\/wp-json\/wp\/v2\/users\/1"}],"replies":[{"embeddable":true,"href":"https:\/\/smoke.ch\/es\/wp-json\/wp\/v2\/comments?post=11957"}],"version-history":[{"count":3,"href":"https:\/\/smoke.ch\/es\/wp-json\/wp\/v2\/pages\/11957\/revisions"}],"predecessor-version":[{"id":16076,"href":"https:\/\/smoke.ch\/es\/wp-json\/wp\/v2\/pages\/11957\/revisions\/16076"}],"wp:attachment":[{"href":"https:\/\/smoke.ch\/es\/wp-json\/wp\/v2\/media?parent=11957"}],"curies":[{"name":"wp","href":"https:\/\/api.w.org\/{rel}","templated":true}]}}