{"id":11962,"date":"2023-03-27T09:52:47","date_gmt":"2023-03-27T09:52:47","guid":{"rendered":"https:\/\/smoke.ch\/pie-de-imprenta\/"},"modified":"2024-12-09T13:05:15","modified_gmt":"2024-12-09T13:05:15","slug":"pie-de-imprenta","status":"publish","type":"page","link":"https:\/\/smoke.ch\/es\/pie-de-imprenta\/","title":{"rendered":"Pie de imprenta"},"content":{"rendered":"<p>[et_pb_section fb_built=\u00bb1&#8243; _builder_version=\u00bb4.16&#8243; global_colors_info=\u00bb{}\u00bb][et_pb_row _builder_version=\u00bb4.16&#8243; background_size=\u00bbinitial\u00bb background_position=\u00bbtop_left\u00bb background_repeat=\u00bbrepeat\u00bb global_colors_info=\u00bb{}\u00bb column_structure=\u00bb1_2,1_2&#8243;][et_pb_column type=\u00bb1_2&#8243; _builder_version=\u00bb4.16&#8243; custom_padding=\u00bb|||\u00bb global_colors_info=\u00bb{}\u00bb custom_padding__hover=\u00bb|||\u00bb][et_pb_text _builder_version=\u00bb4.16&#8243; background_size=\u00bbinitial\u00bb background_position=\u00bbtop_left\u00bb background_repeat=\u00bbrepeat\u00bb global_colors_info=\u00bb{}\u00bb]<\/p>\n<h1>Direcci\u00f3n<\/h1>\n<p>GustoMondial GmbH Dienerstrasse 29 8004 Z\u00farich<\/p>\n<p><a href=\"mailto:info@smoke.ch\" target=\"_blank\" rel=\"noreferrer noopener\">info@smoke.ch<\/a><\/p>\n<p>[\/et_pb_text][\/et_pb_column][et_pb_column _builder_version=\u00bb4.24.3&#8243; _module_preset=\u00bbdefault\u00bb type=\u00bb1_2&#8243;][et_pb_text _builder_version=\u00bb4.24.3&#8243; _module_preset=\u00bbdefault\u00bb hover_enabled=\u00bb0&#8243; sticky_enabled=\u00bb0&#8243;]<\/p>\n<p>Inscripci\u00f3n en el registro mercantil: 28.07.1994 Domicilio legal: 8000 Z\u00farich N\u00famero de RRHH: CH-020.4.000.578-8 UID: CHE-107.631.030 Firmantes autorizados: Claudio Blatter, Sandra Blatter Oficina de RRHH: Cant\u00f3n de Z\u00farich, Sch\u00f6ntalstrasse 5, 8022 Z\u00farich<\/p>\n<p>[\/et_pb_text][\/et_pb_column][\/et_pb_row][\/et_pb_section]<\/p>\n","protected":false},"excerpt":{"rendered":"<p>Direcci\u00f3n GustoMondial GmbH Dienerstrasse 29 8004 Z\u00farich info@smoke.chInscripci\u00f3n en el registro mercantil: 28.07.1994 Domicilio legal: 8000 Z\u00farich N\u00famero de RRHH: CH-020.4.000.578-8 UID: CHE-107.631.030 Firmantes autorizados: Claudio Blatter, Sandra Blatter Oficina de RRHH: Cant\u00f3n de Z\u00farich, Sch\u00f6ntalstrasse 5, 8022 Z\u00farich<\/p>\n","protected":false},"author":1,"featured_media":0,"parent":0,"menu_order":0,"comment_status":"closed","ping_status":"closed","template":"","meta":{"_et_pb_use_builder":"on","_et_pb_old_content":"","_et_gb_content_width":"","footnotes":""},"class_list":["post-11962","page","type-page","status-publish","hentry"],"aioseo_notices":[],"_links":{"self":[{"href":"https:\/\/smoke.ch\/es\/wp-json\/wp\/v2\/pages\/11962","targetHints":{"allow":["GET"]}}],"collection":[{"href":"https:\/\/smoke.ch\/es\/wp-json\/wp\/v2\/pages"}],"about":[{"href":"https:\/\/smoke.ch\/es\/wp-json\/wp\/v2\/types\/page"}],"author":[{"embeddable":true,"href":"https:\/\/smoke.ch\/es\/wp-json\/wp\/v2\/users\/1"}],"replies":[{"embeddable":true,"href":"https:\/\/smoke.ch\/es\/wp-json\/wp\/v2\/comments?post=11962"}],"version-history":[{"count":2,"href":"https:\/\/smoke.ch\/es\/wp-json\/wp\/v2\/pages\/11962\/revisions"}],"predecessor-version":[{"id":11966,"href":"https:\/\/smoke.ch\/es\/wp-json\/wp\/v2\/pages\/11962\/revisions\/11966"}],"wp:attachment":[{"href":"https:\/\/smoke.ch\/es\/wp-json\/wp\/v2\/media?parent=11962"}],"curies":[{"name":"wp","href":"https:\/\/api.w.org\/{rel}","templated":true}]}}