{"id":11999,"date":"2024-08-13T13:55:33","date_gmt":"2024-08-13T13:55:33","guid":{"rendered":"https:\/\/smoke.ch\/product\/cohiba-30-aniversario-tarro-de-ceramica\/"},"modified":"2025-10-13T08:14:26","modified_gmt":"2025-10-13T08:14:26","slug":"cohiba-30-aniversario-tarro-de-ceramica","status":"publish","type":"product","link":"https:\/\/smoke.ch\/es\/producto\/cohiba-30-aniversario-tarro-de-ceramica\/","title":{"rendered":"Cohiba 30 Aniversario \u2013 Tarro de cer\u00e1mica \u2013 cigarro individual"},"content":{"rendered":"<p>El <strong> <a href=\"https:\/\/smoke.ch\/es\/categoria-producto\/puros\/cohiba-es\/\">Tarro<\/a> de Cer\u00e1mica Cohiba 30 Aniversario<\/strong> celebra 30 a\u00f1os de excelente calidad de puros y tradici\u00f3n cubana. Esta pieza de coleccionista estrictamente limitada es un homenaje a la mundialmente famosa marca <strong>Cohiba<\/strong>, sin\u00f3nimo de artesan\u00eda perfecta y lujo sin igual.<\/p>\n<p>Con su dise\u00f1o art\u00edstico y los exquisitos puros de su interior, esta edici\u00f3n de aniversario es un codiciado punto culminante para los amantes y coleccionistas de puros.<\/p>\n<hr \/>\n<h3>Dise\u00f1o elegante para las m\u00e1s altas exigencias<\/h3>\n<p>El <strong>tarro de cer\u00e1mica<\/strong> impresiona por sus lujosos detalles y su pr\u00e1ctica funcionalidad.<\/p>\n<ul>\n<li><strong>Cer\u00e1mica de primera calidad<\/strong>: Protege \u00f3ptimamente los puros y garantiza unas condiciones de almacenamiento ideales.<\/li>\n<li><strong>Dise\u00f1o exclusivo<\/strong>: Con detalles dorados y negros que encarnan la est\u00e9tica ic\u00f3nica de Cohiba.<\/li>\n<li><strong>Tapa herm\u00e9tica<\/strong>: Conserva de forma fiable el sabor y la frescura de los puros.<\/li>\n<\/ul>\n<p>Este tarro es algo m\u00e1s que un recipiente de almacenamiento: es un objeto de arte decorativo que impresiona en cualquier ambiente.<\/p>\n<hr \/>\n<h3>Puros exclusivos para entendidos<\/h3>\n<p>Dentro del <a href=\"https:\/\/smoke.ch\/es\/categoria-producto\/humidificadores\/\"><strong>Tarro de Cer\u00e1mica Cohiba 30 Aniversario<\/strong> <\/a>contiene puros de la m\u00e1s alta calidad, especialmente seleccionados para la ocasi\u00f3n.<\/p>\n<ul>\n<li><strong>Tabaco de alta calidad<\/strong>: Las mejores hojas de la renombrada regi\u00f3n <strong>de Vuelta Abajo<\/strong> garantizan una experiencia de fumada inigualable.<\/li>\n<li><strong>Perfil de sabor complejo<\/strong>: Una armoniosa mezcla de notas terrosas, amaderadas y cremosas, complementada con un sutil dulzor.<\/li>\n<li><strong>Maduraci\u00f3n perfecta<\/strong>: El tabaco se madura cuidadosamente para proporcionar una experiencia de sabor equilibrada y llena de matices.<\/li>\n<\/ul>\n<p>Cada puro de esta edici\u00f3n es una expresi\u00f3n de finura e ideal para ocasiones especiales.<\/p>\n<hr \/>\n<h3>Edici\u00f3n limitada con alto valor de coleccionista<\/h3>\n<p>El <strong>Tarro de Cer\u00e1mica Cohiba 30\u00ba Aniversario<\/strong> est\u00e1 disponible en cantidades muy limitadas. Su combinaci\u00f3n de dise\u00f1o elegante, puros de primera clase y la ocasi\u00f3n hist\u00f3rica la convierten en un aut\u00e9ntico objeto de coleccionista cada vez m\u00e1s apreciado.<\/p>\n<hr \/>\n<h3>Razones para comprar el Tarro de Cer\u00e1mica Cohiba 30 Aniversario<\/h3>\n<ul>\n<li><strong>Exclusividad<\/strong>: Limitada y s\u00f3lo disponible para verdaderos entendidos.<\/li>\n<li><strong>Dise\u00f1o lujoso<\/strong>: una simbiosis perfecta de estilo y funcionalidad.<\/li>\n<li><strong>Sabor inolvidable<\/strong>: Puros \u00fanicos que ofrecen el m\u00e1ximo disfrute.<\/li>\n<\/ul>\n<hr \/>\n<h3>Conclusi\u00f3n<\/h3>\n<p>El <strong>Tarro de Cer\u00e1mica Cohiba 30 Aniversario<\/strong> es una verdadera obra maestra del arte del puro cubano de<a href=\"https:\/\/www.habanos.com\/en\/\"><strong> Habanos S.A.<\/strong><\/a> Ya sea como regalo, como complemento de una colecci\u00f3n exclusiva o para disfrute personal, este tarro ofrece una oportunidad \u00fanica de formar parte de la singular historia de Cohiba.<\/p>\n<p><strong>\u00a1Aseg\u00farate ahora esta pieza de coleccionista limitada y experimenta el arte de los puros Cohiba al m\u00e1s alto nivel!<\/strong><\/p>\n","protected":false},"excerpt":{"rendered":"<p>El Tarro de Cer\u00e1mica Cohiba 30 Aniversario celebra 30 a\u00f1os de excelente calidad de puros y tradici\u00f3n cubana. Esta pieza de coleccionista estrictamente limitada es un homenaje a la mundialmente famosa marca Cohiba, sin\u00f3nimo de artesan\u00eda perfecta y lujo sin igual. Con su dise\u00f1o art\u00edstico y los exquisitos puros de su interior, esta edici\u00f3n de [&hellip;]<\/p>\n","protected":false},"featured_media":12001,"comment_status":"open","ping_status":"closed","template":"","meta":{"_et_pb_use_builder":"","_et_pb_old_content":"","_et_gb_content_width":""},"product_brand":[],"product_cat":[271,284,278,270],"product_tag":[929,798,914,913,800,1125,1012,1098,1121,1117,1076,1122,1118,928,1030,1133],"class_list":{"0":"post-11999","1":"product","2":"type-product","3":"status-publish","4":"has-post-thumbnail","6":"product_cat-cohiba-es","7":"product_cat-cohiba-es-2","8":"product_cat-humidificadores","9":"product_cat-puros","10":"product_tag-cigarros-limitados","11":"product_tag-cohiba-es","12":"product_tag-cohiba-30-aniversario","13":"product_tag-cohiba-30-aniversario-humidor-es","14":"product_tag-cohiba-aniversario-es","15":"product_tag-habanos-es","16":"product_tag-puro-premium","17":"product_tag-puros","18":"product_tag-puros-anejos-cubanos","19":"product_tag-puros-cohiba","20":"product_tag-puros-cubanos","21":"product_tag-puros-cubanos-exclusivos","22":"product_tag-puros-habanos","23":"product_tag-puros-para-coleccionistas","24":"product_tag-puros-raros","25":"product_tag-tarro-cohiba","27":"first","28":"instock","29":"shipping-taxable","30":"purchasable","31":"product-type-simple"},"aioseo_notices":[],"_links":{"self":[{"href":"https:\/\/smoke.ch\/es\/wp-json\/wp\/v2\/product\/11999","targetHints":{"allow":["GET"]}}],"collection":[{"href":"https:\/\/smoke.ch\/es\/wp-json\/wp\/v2\/product"}],"about":[{"href":"https:\/\/smoke.ch\/es\/wp-json\/wp\/v2\/types\/product"}],"replies":[{"embeddable":true,"href":"https:\/\/smoke.ch\/es\/wp-json\/wp\/v2\/comments?post=11999"}],"wp:featuredmedia":[{"embeddable":true,"href":"https:\/\/smoke.ch\/es\/wp-json\/wp\/v2\/media\/12001"}],"wp:attachment":[{"href":"https:\/\/smoke.ch\/es\/wp-json\/wp\/v2\/media?parent=11999"}],"wp:term":[{"taxonomy":"product_brand","embeddable":true,"href":"https:\/\/smoke.ch\/es\/wp-json\/wp\/v2\/product_brand?post=11999"},{"taxonomy":"product_cat","embeddable":true,"href":"https:\/\/smoke.ch\/es\/wp-json\/wp\/v2\/product_cat?post=11999"},{"taxonomy":"product_tag","embeddable":true,"href":"https:\/\/smoke.ch\/es\/wp-json\/wp\/v2\/product_tag?post=11999"}],"curies":[{"name":"wp","href":"https:\/\/api.w.org\/{rel}","templated":true}]}}