{"id":12000,"date":"2024-10-23T13:36:14","date_gmt":"2024-10-23T13:36:14","guid":{"rendered":"https:\/\/smoke.ch\/product\/cohiba-lanceros-caja-diplomatica\/"},"modified":"2025-03-22T10:44:28","modified_gmt":"2025-03-22T10:44:28","slug":"cohiba-lanceros-caja-diplomatica","status":"publish","type":"product","link":"https:\/\/smoke.ch\/es\/producto\/cohiba-lanceros-caja-diplomatica\/","title":{"rendered":"Cohiba Lanceros \u2013 caja diplom\u00e1tica"},"content":{"rendered":"<p>Una leyenda viva en la historia del puro cubano: el Lancero est\u00e1 considerado como el primer <a href=\"https:\/\/smoke.ch\/product-category\/zigarren\/cohiba\/\"><strong>cigarro Cohiba<\/strong><\/a> y cuenta la historia de los or\u00edgenes de lo que hoy es el fabricante de tabaco m\u00e1s legendario del mundo.<br \/>\nEn los a\u00f1os 60, el guardaespaldas de Fidel Castro, Bienvenido \u00abChicho\u00bb P\u00e9rez, le ofreci\u00f3 un cigarro fragante. <a href=\"https:\/\/smoke.ch\/product-category\/zigarren\/\"><strong>puro perfumado<\/strong><\/a> en un formato inusual \u2013 y Castro se enamor\u00f3 inmediatamente de su inusual sabor. Poco despu\u00e9s, conoci\u00f3 a Eduardo Rivera, un torcedor amigo de su guardaespaldas, que se convirti\u00f3 en el torcedor de puros personal de Castro. Inicialmente pensada \u00fanicamente como regalo para los invitados de Estado y los diplom\u00e1ticos de alto rango de Cuba, Rivera fund\u00f3 una peque\u00f1a f\u00e1brica en 1964,<br \/>\nprecursora del famoso <a href=\"https:\/\/smoke.ch\/product-category\/humidore\/cohiba-humidore\/\"><strong>El Laguito de La Habana<\/strong><\/a>. All\u00ed trabajaban ocho torcedores de puros seleccionados a mano, entre ellos Norma Fern\u00e1ndez,<br \/>\nque cre\u00f3 el nombre Cohiba en 1966 \u2013 y sent\u00f3 as\u00ed las bases de una marca \u00fanica de <a href=\"https:\/\/www.habanos.com\/en\/\"><strong>Habanos S.A.<\/strong><\/a> marca.<\/p>\n<p>Con una impresionante longitud de casi 20 cm y un delgado calibre de anilla 38, el formato Lancero es sin duda el m\u00e1s llamativo y extravagante de la famosa L\u00ednea Cl\u00e1sica de Cohiba. La experiencia \u00fanica a nivel mundial en calidad y procesamiento se refleja en cada calada de los Lanceros: las hojas de tabaco cuidadosamente seleccionadas de la renombrada provincia de Vuelta Abajo se someten a una triple fermentaci\u00f3n para la L\u00ednea Cl\u00e1sica y desarrollan as\u00ed sabores incre\u00edblemente finos, no adulterados y al mismo tiempo intensos.<\/p>\n<p>Con cada calada, el Lancero demuestra que una creaci\u00f3n cubana de este tama\u00f1o no tiene por qu\u00e9 ser prepotente: aqu\u00ed no hay pesadez abrumadora. Un placer altamente complejo y de primera clase al que no s\u00f3lo Fidel Castro sucumbi\u00f3. A d\u00eda de hoy <a href=\"https:\/\/smoke.ch\/product-category\/zigarren\/cohiba\/\"><strong>este Cohiba<\/strong> <\/a>sigue teniendo un aura elitista y encarna lo que probablemente sea la declaraci\u00f3n m\u00e1s legendaria del disfrute del puro, hechizando una y otra vez a los aficionados de forma incomparable. Actualmente es especialmente raro y codiciado en todo el mundo.<\/p>\n<p>Por lo que sabemos, se trata de cajas VIP o los llamados regalos diplom\u00e1ticos, que se entregan a funcionarios del gobierno y personalidades selectas.<\/p>\n","protected":false},"excerpt":{"rendered":"<p>Una leyenda viva en la historia del puro cubano: el Lancero est\u00e1 considerado como el primer cigarro Cohiba y cuenta la historia de los or\u00edgenes de lo que hoy es el fabricante de tabaco m\u00e1s legendario del mundo. En los a\u00f1os 60, el guardaespaldas de Fidel Castro, Bienvenido \u00abChicho\u00bb P\u00e9rez, le ofreci\u00f3 un cigarro fragante. [&hellip;]<\/p>\n","protected":false},"featured_media":12002,"comment_status":"open","ping_status":"closed","template":"","meta":{"_et_pb_use_builder":"","_et_pb_old_content":"","_et_gb_content_width":""},"product_brand":[],"product_cat":[271,270],"product_tag":[929,798,799,1125,1012,1098,1121,886,1117,1076,1122,1118,928,1032],"class_list":{"0":"post-12000","1":"product","2":"type-product","3":"status-publish","4":"has-post-thumbnail","6":"product_cat-cohiba-es","7":"product_cat-puros","8":"product_tag-cigarros-limitados","9":"product_tag-cohiba-es","10":"product_tag-cohiba-lanceros-es","11":"product_tag-habanos-es","12":"product_tag-puro-premium","13":"product_tag-puros","14":"product_tag-puros-anejos-cubanos","15":"product_tag-puros-antiguos","16":"product_tag-puros-cohiba","17":"product_tag-puros-cubanos","18":"product_tag-puros-cubanos-exclusivos","19":"product_tag-puros-habanos","20":"product_tag-puros-para-coleccionistas","21":"product_tag-puros-raros-es","23":"first","24":"instock","25":"featured","26":"shipping-taxable","27":"purchasable","28":"product-type-variable"},"aioseo_notices":[],"_links":{"self":[{"href":"https:\/\/smoke.ch\/es\/wp-json\/wp\/v2\/product\/12000","targetHints":{"allow":["GET"]}}],"collection":[{"href":"https:\/\/smoke.ch\/es\/wp-json\/wp\/v2\/product"}],"about":[{"href":"https:\/\/smoke.ch\/es\/wp-json\/wp\/v2\/types\/product"}],"replies":[{"embeddable":true,"href":"https:\/\/smoke.ch\/es\/wp-json\/wp\/v2\/comments?post=12000"}],"wp:featuredmedia":[{"embeddable":true,"href":"https:\/\/smoke.ch\/es\/wp-json\/wp\/v2\/media\/12002"}],"wp:attachment":[{"href":"https:\/\/smoke.ch\/es\/wp-json\/wp\/v2\/media?parent=12000"}],"wp:term":[{"taxonomy":"product_brand","embeddable":true,"href":"https:\/\/smoke.ch\/es\/wp-json\/wp\/v2\/product_brand?post=12000"},{"taxonomy":"product_cat","embeddable":true,"href":"https:\/\/smoke.ch\/es\/wp-json\/wp\/v2\/product_cat?post=12000"},{"taxonomy":"product_tag","embeddable":true,"href":"https:\/\/smoke.ch\/es\/wp-json\/wp\/v2\/product_tag?post=12000"}],"curies":[{"name":"wp","href":"https:\/\/api.w.org\/{rel}","templated":true}]}}