{"id":12064,"date":"2024-05-18T13:43:56","date_gmt":"2024-05-18T13:43:56","guid":{"rendered":"https:\/\/smoke.ch\/product\/bolivar-regentes-edicion-limitada-2021\/"},"modified":"2025-04-14T13:26:04","modified_gmt":"2025-04-14T13:26:04","slug":"bolivar-regentes-edicion-limitada-2021","status":"publish","type":"product","link":"https:\/\/smoke.ch\/es\/producto\/bolivar-regentes-edicion-limitada-2021\/","title":{"rendered":"Bol\u00edvar Regentes Edici\u00f3n Limitada 2021"},"content":{"rendered":"<p>La p\u00e1gina<a href=\"https:\/\/smoke.ch\/es\/categoria-producto\/puros\/bolivar-es\/\"><br \/>\n  <strong> Bol\u00edvar Regentes<\/strong><br \/>\n<\/a> \u2013 Edici\u00f3n Limitada 2021 es la cuarta vez que se utiliza la marca para la serie Edici\u00f3n Limitada. La mezcla de gran potencia por la que es famoso Bol\u00edvar es la favorita desde hace mucho tiempo para los lanzamientos regionales.<\/p>\n<p>El esperado Bol\u00edvar Regentes es el <a href=\"https:\/\/www.habanos.com\/es\/\"><strong>Habanos Edici\u00f3n Limitada 2021<\/strong><\/a> y tiene un calibre de 5 1\/8 pulgadas (130 mm) x 52. La vitola se conoce en las mundialmente famosas f\u00e1bricas de puros de Cuba como Discretos y se ofrece en cajas SLB especialmente fabricadas con 25 puros.<br \/>\nEl puro Bol\u00edvar Regentes tiene las mismas dimensiones que el <a href=\"https:\/\/smoke.ch\/es\/categoria-producto\/puros\/partagas-es\/\"><strong>Partag\u00e1s Maduros n\u00ba 1<\/strong> <\/a>y ofrece un humo voluminoso y redondo al paladar, equilibrado por sabores intensos y de m\u00faltiples capas y ricos aromas, una marca registrada de esta poderosa marca de Habanos.<\/p>\n<p>Todo el tabaco para los <a href=\"https:\/\/smoke.ch\/es\/categoria-producto\/puros\/\"><strong>cigarros Bol\u00edvar Regentes<\/strong><\/a>ha sido madurado durante al menos dos a\u00f1os, lo que ha sido una norma para todas las hojas destinadas a convertirse en una Edici\u00f3n Limitada Habano desde 2007.<br \/>\nAunque puede que \u00e9ste no sea un puro para principiantes, sus caracter\u00edsticas lo convierten en una de las marcas m\u00e1s buscadas entre los fumadores de puros m\u00e1s experimentados y los coleccionistas que desean redondear los sabores fuertes y ricos mediante el a\u00f1ejamiento.<\/p>\n","protected":false},"excerpt":{"rendered":"<p>La p\u00e1gina Bol\u00edvar Regentes \u2013 Edici\u00f3n Limitada 2021 es la cuarta vez que se utiliza la marca para la serie Edici\u00f3n Limitada. La mezcla de gran potencia por la que es famoso Bol\u00edvar es la favorita desde hace mucho tiempo para los lanzamientos regionales. El esperado Bol\u00edvar Regentes es el Habanos Edici\u00f3n Limitada 2021 y [&hellip;]<\/p>\n","protected":false},"featured_media":12067,"comment_status":"open","ping_status":"closed","template":"","meta":{"_et_pb_use_builder":"","_et_pb_old_content":"","_et_gb_content_width":""},"product_brand":[],"product_cat":[276,270],"product_tag":[811,813,929,1125,1012,1098,1121,886,1214,1076,1122,1118,928,1032],"class_list":{"0":"post-12064","1":"product","2":"type-product","3":"status-publish","4":"has-post-thumbnail","6":"product_cat-bolivar-es","7":"product_cat-puros","8":"product_tag-bolivar-es","9":"product_tag-bolivar-regentes-edicion-limitada-es","10":"product_tag-cigarros-limitados","11":"product_tag-habanos-es","12":"product_tag-puro-premium","13":"product_tag-puros","14":"product_tag-puros-anejos-cubanos","15":"product_tag-puros-antiguos","16":"product_tag-puros-bolivar","17":"product_tag-puros-cubanos","18":"product_tag-puros-cubanos-exclusivos","19":"product_tag-puros-habanos","20":"product_tag-puros-para-coleccionistas","21":"product_tag-puros-raros-es","23":"first","24":"instock","25":"shipping-taxable","26":"purchasable","27":"product-type-variable"},"aioseo_notices":[],"_links":{"self":[{"href":"https:\/\/smoke.ch\/es\/wp-json\/wp\/v2\/product\/12064","targetHints":{"allow":["GET"]}}],"collection":[{"href":"https:\/\/smoke.ch\/es\/wp-json\/wp\/v2\/product"}],"about":[{"href":"https:\/\/smoke.ch\/es\/wp-json\/wp\/v2\/types\/product"}],"replies":[{"embeddable":true,"href":"https:\/\/smoke.ch\/es\/wp-json\/wp\/v2\/comments?post=12064"}],"wp:featuredmedia":[{"embeddable":true,"href":"https:\/\/smoke.ch\/es\/wp-json\/wp\/v2\/media\/12067"}],"wp:attachment":[{"href":"https:\/\/smoke.ch\/es\/wp-json\/wp\/v2\/media?parent=12064"}],"wp:term":[{"taxonomy":"product_brand","embeddable":true,"href":"https:\/\/smoke.ch\/es\/wp-json\/wp\/v2\/product_brand?post=12064"},{"taxonomy":"product_cat","embeddable":true,"href":"https:\/\/smoke.ch\/es\/wp-json\/wp\/v2\/product_cat?post=12064"},{"taxonomy":"product_tag","embeddable":true,"href":"https:\/\/smoke.ch\/es\/wp-json\/wp\/v2\/product_tag?post=12064"}],"curies":[{"name":"wp","href":"https:\/\/api.w.org\/{rel}","templated":true}]}}