{"id":12087,"date":"2024-05-17T13:28:45","date_gmt":"2024-05-17T13:28:45","guid":{"rendered":"https:\/\/smoke.ch\/product\/cohiba-siglo-vi\/"},"modified":"2025-08-24T10:24:52","modified_gmt":"2025-08-24T10:24:52","slug":"cohiba-siglo-vi","status":"publish","type":"product","link":"https:\/\/smoke.ch\/es\/producto\/cohiba-siglo-vi\/","title":{"rendered":"Cohiba Siglo VI"},"content":{"rendered":"<p>Disfruta de la exclusiva experiencia de sabor del <a href=\"https:\/\/smoke.ch\/product-category\/zigarren\/cohiba\/\"><br \/>\n  <strong>Cohiba Siglo VI<\/strong><br \/>\n<\/a>elaborado con las mejores materias primas. Este cigarro \u00fanico de <a href=\"https:\/\/www.habanos.com\/en\/\"><br \/>\n  <strong>Habanos S.A.<\/strong><br \/>\n<\/a> es el sexto cigarro Siglo de Cohiba que no se produce como edici\u00f3n especial y ahora por fin vuelve a estar disponible, pero s\u00f3lo en cantidades limitadas. El Cohiba Siglo VI con el nombre de f\u00e1brica Ca\u00f1onazo hace las delicias de los aficionados de todo el mundo y goza de gran popularidad.<\/p>\n<p>Sum\u00e9rgete en el mundo de Cohiba y d\u00e9jate seducir por este <a href=\"https:\/\/smoke.ch\/product-category\/zigarren\/\"><br \/>\n  <strong>puro<\/strong><br \/>\n<\/a> \u00a1con su intenso sabor y su incomparable experiencia de fumada! Prueba el Cohiba Siglo VI y descubre los refinados matices de sabor que hacen de este puro una aut\u00e9ntica obra maestra. Pero no esperes demasiado, \u00a1porque podr\u00eda ser dif\u00edcil conseguirlos debido a su limitada disponibilidad! Pide ahora este puro para tu <a href=\"https:\/\/smoke.ch\/product-category\/humidore\/\"><br \/>\n  <strong>humidor<\/strong><br \/>\n<\/a> \u00a1y reg\u00e1late este placer exclusivo!<\/p>\n","protected":false},"excerpt":{"rendered":"<p>Disfruta de la exclusiva experiencia de sabor del Cohiba Siglo VI elaborado con las mejores materias primas. Este cigarro \u00fanico de Habanos S.A. es el sexto cigarro Siglo de Cohiba que no se produce como edici\u00f3n especial y ahora por fin vuelve a estar disponible, pero s\u00f3lo en cantidades limitadas. El Cohiba Siglo VI con [&hellip;]<\/p>\n","protected":false},"featured_media":12094,"comment_status":"open","ping_status":"closed","template":"","meta":{"_et_pb_use_builder":"","_et_pb_old_content":"","_et_gb_content_width":""},"product_brand":[],"product_cat":[271,270],"product_tag":[1144,1690,1691,1117,1076],"class_list":{"0":"post-12087","1":"product","2":"type-product","3":"status-publish","4":"has-post-thumbnail","6":"product_cat-cohiba-es","7":"product_cat-puros","8":"product_tag-cohiba-siglo-vi-es","9":"product_tag-comprar-cohiba-siglo-vi","10":"product_tag-precio-del-cohiba-siglo-vi","11":"product_tag-puros-cohiba","12":"product_tag-puros-cubanos","14":"first","15":"instock","16":"shipping-taxable","17":"purchasable","18":"product-type-variable"},"aioseo_notices":[],"_links":{"self":[{"href":"https:\/\/smoke.ch\/es\/wp-json\/wp\/v2\/product\/12087","targetHints":{"allow":["GET"]}}],"collection":[{"href":"https:\/\/smoke.ch\/es\/wp-json\/wp\/v2\/product"}],"about":[{"href":"https:\/\/smoke.ch\/es\/wp-json\/wp\/v2\/types\/product"}],"replies":[{"embeddable":true,"href":"https:\/\/smoke.ch\/es\/wp-json\/wp\/v2\/comments?post=12087"}],"wp:featuredmedia":[{"embeddable":true,"href":"https:\/\/smoke.ch\/es\/wp-json\/wp\/v2\/media\/12094"}],"wp:attachment":[{"href":"https:\/\/smoke.ch\/es\/wp-json\/wp\/v2\/media?parent=12087"}],"wp:term":[{"taxonomy":"product_brand","embeddable":true,"href":"https:\/\/smoke.ch\/es\/wp-json\/wp\/v2\/product_brand?post=12087"},{"taxonomy":"product_cat","embeddable":true,"href":"https:\/\/smoke.ch\/es\/wp-json\/wp\/v2\/product_cat?post=12087"},{"taxonomy":"product_tag","embeddable":true,"href":"https:\/\/smoke.ch\/es\/wp-json\/wp\/v2\/product_tag?post=12087"}],"curies":[{"name":"wp","href":"https:\/\/api.w.org\/{rel}","templated":true}]}}