{"id":12114,"date":"2024-05-15T14:45:27","date_gmt":"2024-05-15T14:45:27","guid":{"rendered":"https:\/\/smoke.ch\/product\/partagas-linea-maestro-rito\/"},"modified":"2025-04-14T14:31:55","modified_gmt":"2025-04-14T14:31:55","slug":"partagas-linea-maestro-rito","status":"publish","type":"product","link":"https:\/\/smoke.ch\/es\/producto\/partagas-linea-maestro-rito\/","title":{"rendered":"Partagas L\u00ednea Maestro \u2013 Rito"},"content":{"rendered":"<p>En el Festival del Habano 2023 del a\u00f1o pasado, Habanos <a href=\"https:\/\/www.habanos.com\/en\/\"><br \/>\n  <strong>Habanos S.A.<\/strong><br \/>\n<\/a> present\u00f3 con orgullo el nuevo Partagas L\u00ednea Maestra. Esta exclusiva l\u00ednea maestra, envuelta en un inusual pero elegante color azul, ampliar\u00e1 ahora la gama Partagas con una serie premium.<\/p>\n<p>Los tres nuevos formatos de esta serie tienen una forma de cabeza ligeramente redondeada, una caracter\u00edstica que no se encuentra actualmente en ninguna otra gama de Habanos. La primera impresi\u00f3n de estos puros es sorprendentemente suave para un <a href=\"https:\/\/smoke.ch\/es\/categoria-producto\/puros\/partagas-es\/\"><br \/>\n  <strong>mezcla Partagas<\/strong><br \/>\n<\/a> y ofrece un placer cremoso al fumar.<\/p>\n<p>Los tabacos Partagas L\u00ednea Maestra se someten a un proceso de fermentaci\u00f3n especial, similar al de los tabacos de <a href=\"https:\/\/smoke.ch\/es\/categoria-producto\/puros\/cohiba-es\/\"><br \/>\n  <strong>Cohiba<\/strong><br \/>\n<\/a>que se someten a varios ciclos de fermentaci\u00f3n. El dulzor de estos tabacos est\u00e1 muy influido por su posici\u00f3n en la frontera entre el seco y el ligero. En cambio, el tabaco Volado, que crece m\u00e1s abajo en la planta, tiende a tener un sabor amargo.<\/p>\n<p>La L\u00ednea Maestra se presenta como primicia para el conglomerado de puros cubanos con un di\u00e1metro de 46 a 56 anillos. Las tres variantes de esta serie parecen ser completamente nuevas, caracterizadas por las denominaciones de f\u00e1brica Deleites, Bondadosos y Gustosos.<\/p>\n<p>Cada caja de<a href=\"https:\/\/smoke.ch\/es\/categoria-producto\/puros\/\"><br \/>\n  <strong> L\u00ednea Maestra contiene 20 puros<\/strong><br \/>\n<\/a> y est\u00e1 etiquetada como edici\u00f3n especial por la f\u00e1brica Partagas. Habanos S.A. subraya que la L\u00ednea Maestra es un homenaje al origen \u00fanico, al conocimiento adquirido y a la tradici\u00f3n del Habano, que lo convierten en un placer ritual, y a los maestros que hacen posible verdaderas obras maestras para los aficionados.<\/p>\n<p>Actualmente s\u00f3lo tenemos unas pocas cajas en stock, por lo que s\u00f3lo podemos ofrecerlas a la venta individualmente. Cada uno de estos tres finos y excepcionales puros debe estar en cualquier humidor.<a href=\"https:\/\/smoke.ch\/es\/categoria-producto\/humidificadores\/\"><br \/>\n  <strong> humidor<\/strong><br \/>\n<\/a>.<\/p>\n","protected":false},"excerpt":{"rendered":"<p>En el Festival del Habano 2023 del a\u00f1o pasado, Habanos Habanos S.A. present\u00f3 con orgullo el nuevo Partagas L\u00ednea Maestra. Esta exclusiva l\u00ednea maestra, envuelta en un inusual pero elegante color azul, ampliar\u00e1 ahora la gama Partagas con una serie premium. Los tres nuevos formatos de esta serie tienen una forma de cabeza ligeramente redondeada, [&hellip;]<\/p>\n","protected":false},"featured_media":12115,"comment_status":"open","ping_status":"closed","template":"","meta":{"_et_pb_use_builder":"","_et_pb_old_content":"","_et_gb_content_width":""},"product_brand":[],"product_cat":[274,270],"product_tag":[929,1125,298,815,1040,1218,1012,1098,1121,886,1076,1122,1118,928,1207,1032],"class_list":{"0":"post-12114","1":"product","2":"type-product","3":"status-publish","4":"has-post-thumbnail","6":"product_cat-partagas-es","7":"product_cat-puros","8":"product_tag-cigarros-limitados","9":"product_tag-habanos-es","10":"product_tag-linea-maestra-es","11":"product_tag-partagas-es","12":"product_tag-partagas-linea-maestra-es","13":"product_tag-partagas-rito-es","14":"product_tag-puro-premium","15":"product_tag-puros","16":"product_tag-puros-anejos-cubanos","17":"product_tag-puros-antiguos","18":"product_tag-puros-cubanos","19":"product_tag-puros-cubanos-exclusivos","20":"product_tag-puros-habanos","21":"product_tag-puros-para-coleccionistas","22":"product_tag-puros-partagas","23":"product_tag-puros-raros-es","25":"first","26":"instock","27":"featured","28":"shipping-taxable","29":"purchasable","30":"product-type-variable"},"aioseo_notices":[],"_links":{"self":[{"href":"https:\/\/smoke.ch\/es\/wp-json\/wp\/v2\/product\/12114","targetHints":{"allow":["GET"]}}],"collection":[{"href":"https:\/\/smoke.ch\/es\/wp-json\/wp\/v2\/product"}],"about":[{"href":"https:\/\/smoke.ch\/es\/wp-json\/wp\/v2\/types\/product"}],"replies":[{"embeddable":true,"href":"https:\/\/smoke.ch\/es\/wp-json\/wp\/v2\/comments?post=12114"}],"wp:featuredmedia":[{"embeddable":true,"href":"https:\/\/smoke.ch\/es\/wp-json\/wp\/v2\/media\/12115"}],"wp:attachment":[{"href":"https:\/\/smoke.ch\/es\/wp-json\/wp\/v2\/media?parent=12114"}],"wp:term":[{"taxonomy":"product_brand","embeddable":true,"href":"https:\/\/smoke.ch\/es\/wp-json\/wp\/v2\/product_brand?post=12114"},{"taxonomy":"product_cat","embeddable":true,"href":"https:\/\/smoke.ch\/es\/wp-json\/wp\/v2\/product_cat?post=12114"},{"taxonomy":"product_tag","embeddable":true,"href":"https:\/\/smoke.ch\/es\/wp-json\/wp\/v2\/product_tag?post=12114"}],"curies":[{"name":"wp","href":"https:\/\/api.w.org\/{rel}","templated":true}]}}