{"id":12119,"date":"2024-05-17T13:11:47","date_gmt":"2024-05-17T13:11:47","guid":{"rendered":"https:\/\/smoke.ch\/product\/cohiba-piramides-extra\/"},"modified":"2025-03-19T10:54:03","modified_gmt":"2025-03-19T10:54:03","slug":"cohiba-piramides-extra","status":"publish","type":"product","link":"https:\/\/smoke.ch\/es\/producto\/cohiba-piramides-extra\/","title":{"rendered":"Cohiba Pir\u00e1mides Extra"},"content":{"rendered":"<p>Disfruta de la exclusiva experiencia de sabor del <a href=\"https:\/\/smoke.ch\/es\/categoria-producto\/puros\/cohiba-es\/\"><br \/>\n  <strong>Cohiba Pir\u00e1mides Extra<\/strong><br \/>\n<\/a>elaborado con las mejores materias primas. Este cigarro \u00fanico de <a href=\"https:\/\/www.habanos.com\/en\/\"><br \/>\n  <strong>Habanos<\/strong><br \/>\n<\/a> S.A. es la primera Pir\u00e1mide de Cohiba que no se produce como edici\u00f3n especial y ahora por fin est\u00e1 disponible, pero s\u00f3lo en cantidades limitadas. Se present\u00f3 por primera vez en el Festival del Habano de 2012 y desde entonces ha gozado de gran popularidad entre los aficionados de todo el mundo.<\/p>\n<p>Sum\u00e9rgete en el mundo de <a href=\"https:\/\/smoke.ch\/es\/categoria-producto\/puros\/cohiba-es\/\"><strong>Cohiba<\/strong> <\/a>y d\u00e9jate seducir por este <a href=\"https:\/\/smoke.ch\/es\/categoria-producto\/puros\/\"><br \/>\n  <strong>puro<\/strong><br \/>\n<\/a> \u00a1con su intenso sabor y su incomparable experiencia de fumada! Prueba el Cohiba Pir\u00e1mides Extra y descubre los refinados matices de sabor que hacen de este puro una aut\u00e9ntica obra maestra. Pero no esperes demasiado, \u00a1porque podr\u00eda ser dif\u00edcil conseguirlos debido a su limitada disponibilidad! Pide ahora este puro para tu <a href=\"https:\/\/smoke.ch\/es\/categoria-producto\/humidificadores\/\"><br \/>\n  <strong>humidor<\/strong><br \/>\n<\/a> \u00a1y reg\u00e1late este placer exclusivo!<\/p>\n","protected":false},"excerpt":{"rendered":"<p>Disfruta de la exclusiva experiencia de sabor del Cohiba Pir\u00e1mides Extra elaborado con las mejores materias primas. Este cigarro \u00fanico de Habanos S.A. es la primera Pir\u00e1mide de Cohiba que no se produce como edici\u00f3n especial y ahora por fin est\u00e1 disponible, pero s\u00f3lo en cantidades limitadas. Se present\u00f3 por primera vez en el Festival [&hellip;]<\/p>\n","protected":false},"featured_media":12122,"comment_status":"open","ping_status":"closed","template":"","meta":{"_et_pb_use_builder":"","_et_pb_old_content":"","_et_gb_content_width":""},"product_brand":[],"product_cat":[271,270],"product_tag":[929,798,818,943,1125,1012,1098,1121,886,1117,1076,1122,1118,928,1032],"class_list":{"0":"post-12119","1":"product","2":"type-product","3":"status-publish","4":"has-post-thumbnail","6":"product_cat-cohiba-es","7":"product_cat-puros","8":"product_tag-cigarros-limitados","9":"product_tag-cohiba-es","10":"product_tag-cohiba-piramides-es","11":"product_tag-cohiba-piramides-extra-es","12":"product_tag-habanos-es","13":"product_tag-puro-premium","14":"product_tag-puros","15":"product_tag-puros-anejos-cubanos","16":"product_tag-puros-antiguos","17":"product_tag-puros-cohiba","18":"product_tag-puros-cubanos","19":"product_tag-puros-cubanos-exclusivos","20":"product_tag-puros-habanos","21":"product_tag-puros-para-coleccionistas","22":"product_tag-puros-raros-es","24":"first","25":"instock","26":"shipping-taxable","27":"purchasable","28":"product-type-variable"},"aioseo_notices":[],"_links":{"self":[{"href":"https:\/\/smoke.ch\/es\/wp-json\/wp\/v2\/product\/12119","targetHints":{"allow":["GET"]}}],"collection":[{"href":"https:\/\/smoke.ch\/es\/wp-json\/wp\/v2\/product"}],"about":[{"href":"https:\/\/smoke.ch\/es\/wp-json\/wp\/v2\/types\/product"}],"replies":[{"embeddable":true,"href":"https:\/\/smoke.ch\/es\/wp-json\/wp\/v2\/comments?post=12119"}],"wp:featuredmedia":[{"embeddable":true,"href":"https:\/\/smoke.ch\/es\/wp-json\/wp\/v2\/media\/12122"}],"wp:attachment":[{"href":"https:\/\/smoke.ch\/es\/wp-json\/wp\/v2\/media?parent=12119"}],"wp:term":[{"taxonomy":"product_brand","embeddable":true,"href":"https:\/\/smoke.ch\/es\/wp-json\/wp\/v2\/product_brand?post=12119"},{"taxonomy":"product_cat","embeddable":true,"href":"https:\/\/smoke.ch\/es\/wp-json\/wp\/v2\/product_cat?post=12119"},{"taxonomy":"product_tag","embeddable":true,"href":"https:\/\/smoke.ch\/es\/wp-json\/wp\/v2\/product_tag?post=12119"}],"curies":[{"name":"wp","href":"https:\/\/api.w.org\/{rel}","templated":true}]}}