{"id":12152,"date":"2024-02-03T15:10:37","date_gmt":"2024-02-03T15:10:37","guid":{"rendered":"https:\/\/smoke.ch\/product\/partagas-lusitanias-gran-reserva-cosecha-2007\/"},"modified":"2026-01-31T15:21:37","modified_gmt":"2026-01-31T15:21:37","slug":"partagas-lusitanias-gran-reserva-cosecha-2007","status":"publish","type":"product","link":"https:\/\/smoke.ch\/es\/producto\/partagas-lusitanias-gran-reserva-cosecha-2007\/","title":{"rendered":"Partagas Lusitanias \u2013 Gran Reserva \u2013 Cosecha 2007"},"content":{"rendered":"<p>El <a href=\"https:\/\/smoke.ch\/product-category\/zigarren\/partagas\/\"><br \/>\n  <strong>cigarros Partagas<\/strong><br \/>\n<\/a> son conocidos por su equilibrada mezcla de tabacos y su sabor caracter\u00edstico, que se consigue utilizando hojas de tabaco de la regi\u00f3n de Vuelta Abajo, en la provincia de Pinar del R\u00edo. Estos tabacos, considerados los mejores del mundo, son cuidadosamente seleccionados y transformados en obras maestras por experimentados torcedores de puros.<\/p>\n<p>El Partag\u00e1s Lusitania Gran Reserva es la tercera edici\u00f3n de un Gran Reserva de Habanos. Estos <a href=\"https:\/\/smoke.ch\/product-category\/zigarren\/\"><br \/>\n  <strong>excelentes puros<\/strong><br \/>\n<\/a> se elaboran con tabacos a\u00f1ejados durante al menos cinco a\u00f1os de la cosecha de 2007 y son, sin duda, uno de los mayores placeres del mundo de <a href=\"https:\/\/www.habanos.com\/en\/\"><br \/>\n  <strong>Habanos S.A<\/strong><br \/>\n<\/a>. S\u00f3lo los mejores y m\u00e1s experimentados torcedores de la f\u00e1brica fueron elegidos para liar estos exquisitos puros a partir de hojas de tabaco cuidadosamente seleccionadas. S\u00f3lo se producir\u00e1n 5.000 cajas de este Gran Reserva en todo el mundo, cada una de las cuales contendr\u00e1 15 botellas. La mezcla del Lusitania Gran Reserva es algo m\u00e1s ligera que la del formato cl\u00e1sico de la serie est\u00e1ndar, pero significativamente m\u00e1s compleja y arom\u00e1tica. Seg\u00fan muchos expertos, este impresionante puro est\u00e1 considerado el mejor Gran Reserva de la historia.<br \/>\nNo cabe duda de que pronto ser\u00e1 una de las rarezas m\u00e1s buscadas por los amantes de los Habanos.<\/p>\n<p>Cualquiera que tenga la suerte de poseer un <a href=\"https:\/\/smoke.ch\/product-category\/zigarren\/partagas\/\"><strong>Partag\u00e1s Lusitanias<\/strong><\/a> Gran Reserva Cosecha 2007 puede considerarse extremadamente afortunado. Varios aficionados quisieron explorar con m\u00e1s detalle las cualidades de este cigarro ya legendario. Para comprobarlo, tomaron algunas muestras del proceso de a\u00f1ejamiento y las degustaron, sabiendo muy bien que lo ideal es que los habanos se conserven al menos tanto tiempo como sus tabacos se hayan a\u00f1ejado individualmente antes.<\/p>\n<p>El car\u00e1cter especial de este gran formato se hace a\u00fan m\u00e1s evidente en el segundo tercio. Notas suaves y sabrosas llenan elegantemente el paladar. El acabado est\u00e1 tan bien construido que el aficionado saborear\u00e1 el puro hasta el \u00faltimo cent\u00edmetro: un imprescindible en cualquier humidor. <a href=\"https:\/\/smoke.ch\/product-category\/humidore\/\"><br \/>\n  <strong>humidor.<\/strong><br \/>\n<\/a><\/p>\n","protected":false},"excerpt":{"rendered":"<p>El cigarros Partagas son conocidos por su equilibrada mezcla de tabacos y su sabor caracter\u00edstico, que se consigue utilizando hojas de tabaco de la regi\u00f3n de Vuelta Abajo, en la provincia de Pinar del R\u00edo. Estos tabacos, considerados los mejores del mundo, son cuidadosamente seleccionados y transformados en obras maestras por experimentados torcedores de puros. [&hellip;]<\/p>\n","protected":false},"featured_media":12154,"comment_status":"open","ping_status":"closed","template":"","meta":{"_et_pb_use_builder":"","_et_pb_old_content":"","_et_gb_content_width":""},"product_brand":[],"product_cat":[278,882,274,270],"product_tag":[929,1125,815,820,1226,1012,1098,1121,886,1076,1122,1118,928,1207,1032],"class_list":{"0":"post-12152","1":"product","2":"type-product","3":"status-publish","4":"has-post-thumbnail","6":"product_cat-humidificadores","7":"product_cat-partagas-es-2","8":"product_cat-partagas-es","9":"product_cat-puros","10":"product_tag-cigarros-limitados","11":"product_tag-habanos-es","12":"product_tag-partagas-es","13":"product_tag-partagas-lusitanias-es","14":"product_tag-partagas-lusitanias-gran-reserva-es","15":"product_tag-puro-premium","16":"product_tag-puros","17":"product_tag-puros-anejos-cubanos","18":"product_tag-puros-antiguos","19":"product_tag-puros-cubanos","20":"product_tag-puros-cubanos-exclusivos","21":"product_tag-puros-habanos","22":"product_tag-puros-para-coleccionistas","23":"product_tag-puros-partagas","24":"product_tag-puros-raros-es","26":"first","27":"instock","28":"shipping-taxable","29":"purchasable","30":"product-type-variable"},"aioseo_notices":[],"_links":{"self":[{"href":"https:\/\/smoke.ch\/es\/wp-json\/wp\/v2\/product\/12152","targetHints":{"allow":["GET"]}}],"collection":[{"href":"https:\/\/smoke.ch\/es\/wp-json\/wp\/v2\/product"}],"about":[{"href":"https:\/\/smoke.ch\/es\/wp-json\/wp\/v2\/types\/product"}],"replies":[{"embeddable":true,"href":"https:\/\/smoke.ch\/es\/wp-json\/wp\/v2\/comments?post=12152"}],"wp:featuredmedia":[{"embeddable":true,"href":"https:\/\/smoke.ch\/es\/wp-json\/wp\/v2\/media\/12154"}],"wp:attachment":[{"href":"https:\/\/smoke.ch\/es\/wp-json\/wp\/v2\/media?parent=12152"}],"wp:term":[{"taxonomy":"product_brand","embeddable":true,"href":"https:\/\/smoke.ch\/es\/wp-json\/wp\/v2\/product_brand?post=12152"},{"taxonomy":"product_cat","embeddable":true,"href":"https:\/\/smoke.ch\/es\/wp-json\/wp\/v2\/product_cat?post=12152"},{"taxonomy":"product_tag","embeddable":true,"href":"https:\/\/smoke.ch\/es\/wp-json\/wp\/v2\/product_tag?post=12152"}],"curies":[{"name":"wp","href":"https:\/\/api.w.org\/{rel}","templated":true}]}}