{"id":12170,"date":"2024-03-20T11:02:37","date_gmt":"2024-03-20T11:02:37","guid":{"rendered":"https:\/\/smoke.ch\/product\/trinidad-casilda-coleccion-habanos-2019\/"},"modified":"2025-04-14T14:34:07","modified_gmt":"2025-04-14T14:34:07","slug":"trinidad-casilda-coleccion-habanos-2019","status":"publish","type":"product","link":"https:\/\/smoke.ch\/es\/producto\/trinidad-casilda-coleccion-habanos-2019\/","title":{"rendered":"Trinidad Casilda Colecci\u00f3n Habanos 2019"},"content":{"rendered":"<p>En el <a href=\"https:\/\/www.habanos.com\/en\/habano-festivals\/\"><br \/>\n  <strong>Festival del Habano<\/strong><br \/>\n<\/a> en la primavera de 2019, el 50 aniversario de la marca <a href=\"https:\/\/smoke.ch\/es\/categoria-producto\/puros\/trinidad-es\/\"><br \/>\n  <strong>Trinidad<\/strong><br \/>\n<\/a> de Cuba. Para celebrar este hito, Cuba present\u00f3 la marca con tres nuevos formatos: Media Luna, Topes y Esmeralda. Habanos present\u00f3 una gama de nuevos productos, incluido el nuevo volumen de la Colecci\u00f3n Habanos: Trinidad Casilda.<\/p>\n<p>Desde 2002, Habanos S.A. lanza cada a\u00f1o un extraordinario formato de puro de tama\u00f1o impresionante en una caja con forma de libro. La serie lleva el nombre de \u00ab<a href=\"https:\/\/smoke.ch\/es\/categoria-producto\/humidificadores\/\"><strong>Colecci\u00f3n Habanos<\/strong><\/a>\u00aby est\u00e1 dirigida espec\u00edficamente a los coleccionistas de los mejores tesoros de Habanos. <\/p>\n<p>Para los amantes de los puros cubanos<a href=\"https:\/\/smoke.ch\/es\/categoria-producto\/puros\/\"> <strong>puros<\/strong><\/a> cada edici\u00f3n de la <a href=\"https:\/\/smoke.ch\/es\/categoria-producto\/humidificadores\/\"><br \/>\n  <strong>Colecci\u00f3n Habanos<\/strong><br \/>\n<\/a> es un verdadero objeto de deseo debido a su rareza y a la artesan\u00eda con la que est\u00e1 elaborada. Aunque la marca es una de las m\u00e1s j\u00f3venes de Habanos S.A., Trinidad goza de gran popularidad entre los aficionados iniciados, por lo que este nuevo libro es muy codiciado por los coleccionistas.<\/p>\n<p>El libro Trinidad Casilda se produjo en una edici\u00f3n de s\u00f3lo 3.000 ejemplares para todo el mundo. Cada una de estas piezas de coleccionista contiene 24 \u00abCasilda\u00bb (53 x 185 mm), una vitola de tama\u00f1o generoso producida por <a href=\"https:\/\/www.habanos.com\/en\/\"><strong>Habanos S.A.<\/strong><\/a>. se cre\u00f3 especialmente para esta ocasi\u00f3n. El nombre se eligi\u00f3 en honor al pueblo de Casilda, puerto mar\u00edtimo de la ciudad de Trinidad en la provincia de Sancti Sp\u00edritus.<\/p>\n<p>Cada Trinidad Casilda se elabora totalmente a mano con el mayor cuidado a partir de hojas procedentes de Vuelta Abajo, donde se cosecha el mejor tabaco del mundo. El libro \u00abTrinidad Casilda\u00bb es una pieza de coleccionista muy exclusiva para todos los amantes de la marca y de su sabor arom\u00e1tico. Es un valioso complemento para cualquier <a href=\"https:\/\/smoke.ch\/es\/categoria-producto\/humidificadores\/\"><br \/>\n  <strong>humidor<\/strong><br \/>\n<\/a>.<\/p>\n<p>&nbsp;<\/p>\n","protected":false},"excerpt":{"rendered":"<p>En el Festival del Habano en la primavera de 2019, el 50 aniversario de la marca Trinidad de Cuba. Para celebrar este hito, Cuba present\u00f3 la marca con tres nuevos formatos: Media Luna, Topes y Esmeralda. Habanos present\u00f3 una gama de nuevos productos, incluido el nuevo volumen de la Colecci\u00f3n Habanos: Trinidad Casilda. Desde 2002, [&hellip;]<\/p>\n","protected":false},"featured_media":12172,"comment_status":"open","ping_status":"closed","template":"","meta":{"_et_pb_use_builder":"","_et_pb_old_content":"","_et_gb_content_width":""},"product_brand":[],"product_cat":[278,270,292,295],"product_tag":[929,1125,1012,1098,1121,886,1076,1122,1118,928,1032,1221,297,821],"class_list":{"0":"post-12170","1":"product","2":"type-product","3":"status-publish","4":"has-post-thumbnail","6":"product_cat-humidificadores","7":"product_cat-puros","8":"product_cat-trinidad-es","9":"product_cat-trinidad-es-2","10":"product_tag-cigarros-limitados","11":"product_tag-habanos-es","12":"product_tag-puro-premium","13":"product_tag-puros","14":"product_tag-puros-anejos-cubanos","15":"product_tag-puros-antiguos","16":"product_tag-puros-cubanos","17":"product_tag-puros-cubanos-exclusivos","18":"product_tag-puros-habanos","19":"product_tag-puros-para-coleccionistas","20":"product_tag-puros-raros-es","21":"product_tag-puros-trinidad","22":"product_tag-trinidad-es","23":"product_tag-trinidad-casilda-es","25":"first","26":"instock","27":"featured","28":"shipping-taxable","29":"purchasable","30":"product-type-variable"},"aioseo_notices":[],"_links":{"self":[{"href":"https:\/\/smoke.ch\/es\/wp-json\/wp\/v2\/product\/12170","targetHints":{"allow":["GET"]}}],"collection":[{"href":"https:\/\/smoke.ch\/es\/wp-json\/wp\/v2\/product"}],"about":[{"href":"https:\/\/smoke.ch\/es\/wp-json\/wp\/v2\/types\/product"}],"replies":[{"embeddable":true,"href":"https:\/\/smoke.ch\/es\/wp-json\/wp\/v2\/comments?post=12170"}],"wp:featuredmedia":[{"embeddable":true,"href":"https:\/\/smoke.ch\/es\/wp-json\/wp\/v2\/media\/12172"}],"wp:attachment":[{"href":"https:\/\/smoke.ch\/es\/wp-json\/wp\/v2\/media?parent=12170"}],"wp:term":[{"taxonomy":"product_brand","embeddable":true,"href":"https:\/\/smoke.ch\/es\/wp-json\/wp\/v2\/product_brand?post=12170"},{"taxonomy":"product_cat","embeddable":true,"href":"https:\/\/smoke.ch\/es\/wp-json\/wp\/v2\/product_cat?post=12170"},{"taxonomy":"product_tag","embeddable":true,"href":"https:\/\/smoke.ch\/es\/wp-json\/wp\/v2\/product_tag?post=12170"}],"curies":[{"name":"wp","href":"https:\/\/api.w.org\/{rel}","templated":true}]}}