{"id":12191,"date":"2024-02-03T13:37:34","date_gmt":"2024-02-03T13:37:34","guid":{"rendered":"https:\/\/smoke.ch\/product\/hoyo-de-monterrey-doble-coronas-gran-reserva-2013\/"},"modified":"2025-04-14T14:47:00","modified_gmt":"2025-04-14T14:47:00","slug":"hoyo-de-monterrey-doble-coronas-gran-reserva-2013","status":"publish","type":"product","link":"https:\/\/smoke.ch\/es\/producto\/hoyo-de-monterrey-doble-coronas-gran-reserva-2013\/","title":{"rendered":"Hoyo de Monterrey \u2013 Doble Coronas Gran Reserva 2013"},"content":{"rendered":"<p><a href=\"https:\/\/smoke.ch\/es\/categoria-producto\/puros\/hoyo-de-monterrey-es\/\"><br \/>\n  <strong>Hoyo de Monterrey<\/strong><br \/>\n<\/a> debe su origen a la localidad de San Juan y Mart\u00ednez, situada en el coraz\u00f3n de la zona de Vuelta Abajo. A la plantaci\u00f3n de Hoyo de Monterrey, una de las renombradas Vegas de Primera, se accede a trav\u00e9s de una verja en la plaza principal de la ciudad, que lleva la inscripci\u00f3n \u00abHoyo de Monterrey. Jos\u00e9 Gener. 1960\u00bb.<\/p>\n<p>La palabra \u00abhoyo\u00bb significa literalmente \u00abagujero\u00bb y en este caso describe la profunda ubicaci\u00f3n de la plantaci\u00f3n a lo largo de las f\u00e9rtiles riberas del r\u00edo San Juan y Mart\u00ednez. El espa\u00f1ol Jos\u00e9 Gener utiliz\u00f3 por primera vez el nombre de su Vega en 1865 para crear la marca Habanos. <a href=\"https:\/\/www.habanos.com\/en\/\"><br \/>\n  <strong>Marca Habanos<\/strong><br \/>\n<\/a> para crear una marca Habanos.<\/p>\n<p>El sabor de la mezcla Hoyo de Monterrey lo convierte en la elecci\u00f3n preferida de quienes buscan un Habano delicado pero arom\u00e1tico. Se caracteriza por un sabor m\u00e1s ligero, pero de gran elegancia y complejidad.<\/p>\n<p>El Doble Coronas-Vitola, una aut\u00e9ntica obra maestra de paciencia y artesan\u00eda, introduce el concepto de Gran Reserva en Hoyo de Monterrey. Se present\u00f3 en el <strong>Festival del Habano<\/strong>, destacando de forma impresionante su importancia en el mundo de los puros premium. <\/p>\n<p>El puro Hoyo de Monterrey Doble Coronas Gran Reserva Cosecha 2013 es posiblemente uno de los puros Gran Reserva m\u00e1s esperados por aficionados y coleccionistas de todo el mundo.<br \/>\nEl Hoyo Doble Coronas mide 194 mm y tiene un calibre de anilla de 49. Los puros utilizados para la producci\u00f3n de este<a href=\"https:\/\/smoke.ch\/es\/categoria-producto\/puros\/\"><strong>puro<\/strong> <\/a><br \/>\nLas hojas utilizadas para producir este puro proceden de la cosecha de 2013 y, por tanto, han madurado durante al menos 5 a\u00f1os antes de liarse en estos puros Doble Coronas. Los puros se suministran en la t\u00edpica caja lacada Gran Reserva que contiene 15 puros cada una. S\u00f3lo 5000 cajas de <a href=\"https:\/\/www.habanos.com\/en\/\"><br \/>\n  <strong>Habanos S.A<\/strong><br \/>\n<\/a>. producido, algo para cada <a href=\"https:\/\/smoke.ch\/es\/categoria-producto\/humidificadores\/\"><br \/>\n  <strong>humidor<\/strong><br \/>\n<\/a>.<\/p>\n","protected":false},"excerpt":{"rendered":"<p>Hoyo de Monterrey debe su origen a la localidad de San Juan y Mart\u00ednez, situada en el coraz\u00f3n de la zona de Vuelta Abajo. A la plantaci\u00f3n de Hoyo de Monterrey, una de las renombradas Vegas de Primera, se accede a trav\u00e9s de una verja en la plaza principal de la ciudad, que lleva la [&hellip;]<\/p>\n","protected":false},"featured_media":12196,"comment_status":"open","ping_status":"closed","template":"","meta":{"_et_pb_use_builder":"","_et_pb_old_content":"","_et_gb_content_width":""},"product_brand":[],"product_cat":[281,270],"product_tag":[929,1125,824,825,1012,1098,1121,886,1076,1122,1118,1231,928,1032],"class_list":{"0":"post-12191","1":"product","2":"type-product","3":"status-publish","4":"has-post-thumbnail","6":"product_cat-hoyo-de-monterrey-es","7":"product_cat-puros","8":"product_tag-cigarros-limitados","9":"product_tag-habanos-es","10":"product_tag-hoyo-de-monterrey-es","11":"product_tag-hoyo-de-monterrey-gran-reserva-es","12":"product_tag-puro-premium","13":"product_tag-puros","14":"product_tag-puros-anejos-cubanos","15":"product_tag-puros-antiguos","16":"product_tag-puros-cubanos","17":"product_tag-puros-cubanos-exclusivos","18":"product_tag-puros-habanos","19":"product_tag-puros-hoyo-de-monterrey","20":"product_tag-puros-para-coleccionistas","21":"product_tag-puros-raros-es","23":"first","24":"instock","25":"shipping-taxable","26":"purchasable","27":"product-type-variable"},"aioseo_notices":[],"_links":{"self":[{"href":"https:\/\/smoke.ch\/es\/wp-json\/wp\/v2\/product\/12191","targetHints":{"allow":["GET"]}}],"collection":[{"href":"https:\/\/smoke.ch\/es\/wp-json\/wp\/v2\/product"}],"about":[{"href":"https:\/\/smoke.ch\/es\/wp-json\/wp\/v2\/types\/product"}],"replies":[{"embeddable":true,"href":"https:\/\/smoke.ch\/es\/wp-json\/wp\/v2\/comments?post=12191"}],"wp:featuredmedia":[{"embeddable":true,"href":"https:\/\/smoke.ch\/es\/wp-json\/wp\/v2\/media\/12196"}],"wp:attachment":[{"href":"https:\/\/smoke.ch\/es\/wp-json\/wp\/v2\/media?parent=12191"}],"wp:term":[{"taxonomy":"product_brand","embeddable":true,"href":"https:\/\/smoke.ch\/es\/wp-json\/wp\/v2\/product_brand?post=12191"},{"taxonomy":"product_cat","embeddable":true,"href":"https:\/\/smoke.ch\/es\/wp-json\/wp\/v2\/product_cat?post=12191"},{"taxonomy":"product_tag","embeddable":true,"href":"https:\/\/smoke.ch\/es\/wp-json\/wp\/v2\/product_tag?post=12191"}],"curies":[{"name":"wp","href":"https:\/\/api.w.org\/{rel}","templated":true}]}}