{"id":12230,"date":"2023-10-28T10:55:06","date_gmt":"2023-10-28T10:55:06","guid":{"rendered":"https:\/\/smoke.ch\/product\/h-upmann-sir-winston-gran-reserva-cosecha-2011\/"},"modified":"2025-04-16T09:01:00","modified_gmt":"2025-04-16T09:01:00","slug":"h-upmann-sir-winston-gran-reserva-cosecha-2011","status":"publish","type":"product","link":"https:\/\/smoke.ch\/es\/producto\/h-upmann-sir-winston-gran-reserva-cosecha-2011\/","title":{"rendered":"H. Upmann Sir Winston Gran Reserva Cosecha 2011"},"content":{"rendered":"<p>Como uno de los puros m\u00e1s exclusivos <a href=\"https:\/\/smoke.ch\/es\/categoria-producto\/puros\/\"><strong>puros<\/strong> <\/a>y el primer Gran Reserva de <strong> <a href=\"\/?product_cat=h_upmann\">H. Upmann<\/a><\/strong>, este Habano de sabor redondo y aromas dulces atraer\u00e1 a los exigentes amantes de los <a href=\"https:\/\/www.habanos.com\/en\/\"><strong>Habanos<\/strong> <\/a>quedar\u00e1n encantados. El formato permanece inalterado respecto a la producci\u00f3n est\u00e1ndar y es, por tanto, una \u00abJulieta n\u00ba 2\u00bb de 47 mm de di\u00e1metro y 178 mm de longitud.<\/p>\n<p>Tras una rigurosa selecci\u00f3n de hojas de tabaco cosechadas en 2011 en Vuelta Abajo, la mejor regi\u00f3n tabaquera del mundo, estas hojas se sometieron a un largo y suave proceso de maduraci\u00f3n que dur\u00f3 m\u00e1s de cinco a\u00f1os. A continuaci\u00f3n, los Habanos fueron meticulosamente elaborados a mano por los torcedores m\u00e1s experimentados.<\/p>\n<p>El H. Upmann Sir Winston Gran Reserva Cosecha 2011 est\u00e1 disponible en todo el mundo en una edici\u00f3n limitada de 5.000 cajas numeradas, y cada caja contiene 15 puros para su humidor. <a href=\"https:\/\/smoke.ch\/es\/categoria-producto\/humidificadores\/\"><br \/>\n  <strong>humidor<\/strong><br \/>\n<\/a> contiene.<\/p>\n","protected":false},"excerpt":{"rendered":"<p>Como uno de los puros m\u00e1s exclusivos puros y el primer Gran Reserva de H. Upmann, este Habano de sabor redondo y aromas dulces atraer\u00e1 a los exigentes amantes de los Habanos quedar\u00e1n encantados. El formato permanece inalterado respecto a la producci\u00f3n est\u00e1ndar y es, por tanto, una \u00abJulieta n\u00ba 2\u00bb de 47 mm de [&hellip;]<\/p>\n","protected":false},"featured_media":12231,"comment_status":"open","ping_status":"closed","template":"","meta":{"_et_pb_use_builder":"","_et_pb_old_content":"","_et_gb_content_width":""},"product_brand":[],"product_cat":[280,270],"product_tag":[929,1247,829,830,1125,1012,1098,1121,886,1076,1122,1118,928,1032],"class_list":{"0":"post-12230","1":"product","2":"type-product","3":"status-publish","4":"has-post-thumbnail","6":"product_cat-h-upmann-es","7":"product_cat-puros","8":"product_tag-cigarros-limitados","9":"product_tag-h-upmann-es-2","10":"product_tag-h-upmann-es","11":"product_tag-h-upmann-sir-winston-es","12":"product_tag-habanos-es","13":"product_tag-puro-premium","14":"product_tag-puros","15":"product_tag-puros-anejos-cubanos","16":"product_tag-puros-antiguos","17":"product_tag-puros-cubanos","18":"product_tag-puros-cubanos-exclusivos","19":"product_tag-puros-habanos","20":"product_tag-puros-para-coleccionistas","21":"product_tag-puros-raros-es","23":"first","24":"instock","25":"shipping-taxable","26":"purchasable","27":"product-type-variable"},"aioseo_notices":[],"_links":{"self":[{"href":"https:\/\/smoke.ch\/es\/wp-json\/wp\/v2\/product\/12230","targetHints":{"allow":["GET"]}}],"collection":[{"href":"https:\/\/smoke.ch\/es\/wp-json\/wp\/v2\/product"}],"about":[{"href":"https:\/\/smoke.ch\/es\/wp-json\/wp\/v2\/types\/product"}],"replies":[{"embeddable":true,"href":"https:\/\/smoke.ch\/es\/wp-json\/wp\/v2\/comments?post=12230"}],"wp:featuredmedia":[{"embeddable":true,"href":"https:\/\/smoke.ch\/es\/wp-json\/wp\/v2\/media\/12231"}],"wp:attachment":[{"href":"https:\/\/smoke.ch\/es\/wp-json\/wp\/v2\/media?parent=12230"}],"wp:term":[{"taxonomy":"product_brand","embeddable":true,"href":"https:\/\/smoke.ch\/es\/wp-json\/wp\/v2\/product_brand?post=12230"},{"taxonomy":"product_cat","embeddable":true,"href":"https:\/\/smoke.ch\/es\/wp-json\/wp\/v2\/product_cat?post=12230"},{"taxonomy":"product_tag","embeddable":true,"href":"https:\/\/smoke.ch\/es\/wp-json\/wp\/v2\/product_tag?post=12230"}],"curies":[{"name":"wp","href":"https:\/\/api.w.org\/{rel}","templated":true}]}}