{"id":12242,"date":"2023-10-06T17:32:31","date_gmt":"2023-10-06T17:32:31","guid":{"rendered":"https:\/\/smoke.ch\/product\/hoyo-de-monterrey-epicure-no-2-reserva-cosecha-2012\/"},"modified":"2025-04-16T09:11:52","modified_gmt":"2025-04-16T09:11:52","slug":"hoyo-de-monterrey-epicure-no-2-reserva-cosecha-2012","status":"publish","type":"product","link":"https:\/\/smoke.ch\/es\/producto\/hoyo-de-monterrey-epicure-no-2-reserva-cosecha-2012\/","title":{"rendered":"Hoyo de Monterrey Epicure n\u00ba 2 Reserva Cosecha 2012"},"content":{"rendered":"<p><a href=\"https:\/\/smoke.ch\/es\/categoria-producto\/puros\/hoyo-de-monterrey-es\/\"><br \/>\n  <strong>Hoyo de Monterrey<\/strong><br \/>\n<\/a> debe su origen a la localidad de San Juan y Mart\u00ednez, situada en el coraz\u00f3n de la zona de Vuelta Abajo. A la plantaci\u00f3n de Hoyo de Monterrey, una de las renombradas Vegas de Primera, se accede a trav\u00e9s de una puerta situada en la plaza principal de la ciudad, que lleva la inscripci\u00f3n \u00abHoyo de Monterrey\u00bb. Jos\u00e9 Gener. 1960&#8243;.<\/p>\n<p>La palabra \u00abhoyo\u00bb significa literalmente \u00abagujero\u00bb y en este caso describe la profunda ubicaci\u00f3n de la plantaci\u00f3n a lo largo de las f\u00e9rtiles riberas del r\u00edo San Juan y Mart\u00ednez. El espa\u00f1ol Jos\u00e9 Gener utiliz\u00f3 por primera vez el nombre de su Vega en 1865 para crear la marca Habanos. <a href=\"https:\/\/www.habanos.com\/en\/\"><br \/>\n  <strong>Marca Habanos<\/strong><br \/>\n<\/a> para crear una marca Habanos.<\/p>\n<p>El sabor de la mezcla Hoyo de Monterrey lo convierte en la elecci\u00f3n preferida de quienes buscan un Habano delicado pero arom\u00e1tico. Se caracteriza por un sabor m\u00e1s ligero, pero de gran elegancia y complejidad.<\/p>\n<p>Estos extraordinarios <a href=\"https:\/\/smoke.ch\/es\/categoria-producto\/puros\/\"><br \/>\n  <strong>puros<\/strong><br \/>\n<\/a> se elaboran con tabacos cuidadosamente madurados de la cosecha de 2012, que se han almacenado durante al menos tres a\u00f1os. Sin duda, se encuentran entre los sabores m\u00e1s exclusivos y extraordinarios del mundo del Habano. Ni que decir tiene que en las f\u00e1bricas s\u00f3lo se selecciona a los mejores y m\u00e1s experimentados torcedores de puros para crear verdaderas obras maestras a partir de estas hojas de tabaco finamente seleccionadas.<\/p>\n<p>Cada edici\u00f3n de la Reserva consta de s\u00f3lo 5.000 cajas de 20 puros en todo el mundo. Para esta edici\u00f3n, hemos seleccionado el cl\u00e1sico formato Robusto \u00abn\u00ba 2\u00bb de la prestigiosa marca Hoyo de Monterrey, ideal para tu humidor. <a href=\"https:\/\/smoke.ch\/es\/categoria-producto\/humidificadores\/\"><br \/>\n  <strong>humidor<\/strong><br \/>\n<\/a>.<\/p>\n<p>En la producci\u00f3n de Reservas s\u00f3lo se utilizan tabacos envejecidos durante al menos tres a\u00f1os, incluidas las hojas de tripa, capote y capa de las mejores Vegas Finas de Prima de la regi\u00f3n de Pinar del R\u00edo. Estos puros especiales llevan la etiqueta \u00abReserva\u00bb con una segunda anilla negra y plateada. Las elegantes cajas tienen un acabado lacado de alto brillo y acent\u00faan el car\u00e1cter elegante de este formato magistral.<\/p>\n<p>&nbsp;<\/p>\n","protected":false},"excerpt":{"rendered":"<p>Hoyo de Monterrey debe su origen a la localidad de San Juan y Mart\u00ednez, situada en el coraz\u00f3n de la zona de Vuelta Abajo. A la plantaci\u00f3n de Hoyo de Monterrey, una de las renombradas Vegas de Primera, se accede a trav\u00e9s de una puerta situada en la plaza principal de la ciudad, que lleva [&hellip;]<\/p>\n","protected":false},"featured_media":12250,"comment_status":"open","ping_status":"closed","template":"","meta":{"_et_pb_use_builder":"","_et_pb_old_content":"","_et_gb_content_width":""},"product_brand":[],"product_cat":[281,270],"product_tag":[929,1125,824,831,1012,1098,1121,886,1076,1122,1118,1231,928,1032],"class_list":{"0":"post-12242","1":"product","2":"type-product","3":"status-publish","4":"has-post-thumbnail","6":"product_cat-hoyo-de-monterrey-es","7":"product_cat-puros","8":"product_tag-cigarros-limitados","9":"product_tag-habanos-es","10":"product_tag-hoyo-de-monterrey-es","11":"product_tag-hoyo-de-monterrey-epicure-no-2-reserva-es","12":"product_tag-puro-premium","13":"product_tag-puros","14":"product_tag-puros-anejos-cubanos","15":"product_tag-puros-antiguos","16":"product_tag-puros-cubanos","17":"product_tag-puros-cubanos-exclusivos","18":"product_tag-puros-habanos","19":"product_tag-puros-hoyo-de-monterrey","20":"product_tag-puros-para-coleccionistas","21":"product_tag-puros-raros-es","23":"first","24":"instock","25":"shipping-taxable","26":"purchasable","27":"product-type-variable"},"aioseo_notices":[],"_links":{"self":[{"href":"https:\/\/smoke.ch\/es\/wp-json\/wp\/v2\/product\/12242","targetHints":{"allow":["GET"]}}],"collection":[{"href":"https:\/\/smoke.ch\/es\/wp-json\/wp\/v2\/product"}],"about":[{"href":"https:\/\/smoke.ch\/es\/wp-json\/wp\/v2\/types\/product"}],"replies":[{"embeddable":true,"href":"https:\/\/smoke.ch\/es\/wp-json\/wp\/v2\/comments?post=12242"}],"wp:featuredmedia":[{"embeddable":true,"href":"https:\/\/smoke.ch\/es\/wp-json\/wp\/v2\/media\/12250"}],"wp:attachment":[{"href":"https:\/\/smoke.ch\/es\/wp-json\/wp\/v2\/media?parent=12242"}],"wp:term":[{"taxonomy":"product_brand","embeddable":true,"href":"https:\/\/smoke.ch\/es\/wp-json\/wp\/v2\/product_brand?post=12242"},{"taxonomy":"product_cat","embeddable":true,"href":"https:\/\/smoke.ch\/es\/wp-json\/wp\/v2\/product_cat?post=12242"},{"taxonomy":"product_tag","embeddable":true,"href":"https:\/\/smoke.ch\/es\/wp-json\/wp\/v2\/product_tag?post=12242"}],"curies":[{"name":"wp","href":"https:\/\/api.w.org\/{rel}","templated":true}]}}