{"id":12260,"date":"2023-10-28T10:38:37","date_gmt":"2023-10-28T10:38:37","guid":{"rendered":"https:\/\/smoke.ch\/product\/romeo-y-julieta-churchill-reserva-cosecha-2008\/"},"modified":"2025-04-16T09:08:39","modified_gmt":"2025-04-16T09:08:39","slug":"romeo-y-julieta-churchill-reserva-cosecha-2008","status":"publish","type":"product","link":"https:\/\/smoke.ch\/es\/producto\/romeo-y-julieta-churchill-reserva-cosecha-2008\/","title":{"rendered":"Romeo y Julieta \u2013 Churchill Reserva Cosecha 2008"},"content":{"rendered":"<p>El<a href=\"https:\/\/smoke.ch\/es\/categoria-producto\/puros\/romeo-y-julieta-es\/\"><br \/>\n  <strong> Romeo y Julieta<\/strong><br \/>\n<\/a> Churchill Reserva es una exclusiva <a href=\"https:\/\/www.habanos.com\/en\/\"><br \/>\n  <strong>edici\u00f3n Habanos<\/strong><br \/>\n<\/a>que estar\u00e1 disponible en una edici\u00f3n limitada de s\u00f3lo 5.000 cajas. El formato Churchill cl\u00e1sico con el nombre de producci\u00f3n Julieta n\u00ba 2 (longitud: 178 mm; calibre del anillo: 47) es un formato ic\u00f3nico de la marca, fundada en 1875.<\/p>\n<p>El <strong><a href=\"https:\/\/smoke.ch\/es\/categoria-producto\/puros\/\"> puro<\/a> Churchill<\/strong> Reserva se elabora con tabacos cuidadosamente seleccionados, a\u00f1ejados durante al menos tres a\u00f1os y procedentes de la cosecha de 2008. Como es habitual en esta serie, se ofrece en cajas lacadas de alto brillo, numeradas individualmente y con 20 puros cada una. Adem\u00e1s de la cl\u00e1sica anilla dorada, el Churchill Reserva tambi\u00e9n tiene una segunda anilla que lo distingue como Reserva, ideal para cualquier humidor.<a href=\"https:\/\/smoke.ch\/es\/categoria-producto\/humidificadores\/\"><br \/>\n  <strong> humidor<\/strong><br \/>\n<\/a>.<\/p>\n","protected":false},"excerpt":{"rendered":"<p>El Romeo y Julieta Churchill Reserva es una exclusiva edici\u00f3n Habanos que estar\u00e1 disponible en una edici\u00f3n limitada de s\u00f3lo 5.000 cajas. El formato Churchill cl\u00e1sico con el nombre de producci\u00f3n Julieta n\u00ba 2 (longitud: 178 mm; calibre del anillo: 47) es un formato ic\u00f3nico de la marca, fundada en 1875. El puro Churchill Reserva [&hellip;]<\/p>\n","protected":false},"featured_media":12262,"comment_status":"open","ping_status":"closed","template":"","meta":{"_et_pb_use_builder":"","_et_pb_old_content":"","_et_gb_content_width":""},"product_brand":[],"product_cat":[270,272],"product_tag":[296,929,1125,1012,1098,1121,886,1076,1122,1118,928,1032,1257,294,1256],"class_list":{"0":"post-12260","1":"product","2":"type-product","3":"status-publish","4":"has-post-thumbnail","6":"product_cat-puros","7":"product_cat-romeo-y-julieta-es","8":"product_tag-churchill-es","9":"product_tag-cigarros-limitados","10":"product_tag-habanos-es","11":"product_tag-puro-premium","12":"product_tag-puros","13":"product_tag-puros-anejos-cubanos","14":"product_tag-puros-antiguos","15":"product_tag-puros-cubanos","16":"product_tag-puros-cubanos-exclusivos","17":"product_tag-puros-habanos","18":"product_tag-puros-para-coleccionistas","19":"product_tag-puros-raros-es","20":"product_tag-puros-romeo-y-julieta","21":"product_tag-romeo-y-julieta-es","22":"product_tag-romeo-y-julieta-churchill-es","24":"first","25":"outofstock","26":"shipping-taxable","27":"purchasable","28":"product-type-variable"},"aioseo_notices":[],"_links":{"self":[{"href":"https:\/\/smoke.ch\/es\/wp-json\/wp\/v2\/product\/12260","targetHints":{"allow":["GET"]}}],"collection":[{"href":"https:\/\/smoke.ch\/es\/wp-json\/wp\/v2\/product"}],"about":[{"href":"https:\/\/smoke.ch\/es\/wp-json\/wp\/v2\/types\/product"}],"replies":[{"embeddable":true,"href":"https:\/\/smoke.ch\/es\/wp-json\/wp\/v2\/comments?post=12260"}],"wp:featuredmedia":[{"embeddable":true,"href":"https:\/\/smoke.ch\/es\/wp-json\/wp\/v2\/media\/12262"}],"wp:attachment":[{"href":"https:\/\/smoke.ch\/es\/wp-json\/wp\/v2\/media?parent=12260"}],"wp:term":[{"taxonomy":"product_brand","embeddable":true,"href":"https:\/\/smoke.ch\/es\/wp-json\/wp\/v2\/product_brand?post=12260"},{"taxonomy":"product_cat","embeddable":true,"href":"https:\/\/smoke.ch\/es\/wp-json\/wp\/v2\/product_cat?post=12260"},{"taxonomy":"product_tag","embeddable":true,"href":"https:\/\/smoke.ch\/es\/wp-json\/wp\/v2\/product_tag?post=12260"}],"curies":[{"name":"wp","href":"https:\/\/api.w.org\/{rel}","templated":true}]}}