{"id":12284,"date":"2023-10-06T15:33:43","date_gmt":"2023-10-06T15:33:43","guid":{"rendered":"https:\/\/smoke.ch\/product\/h-upmann-super-magnum-coleccion-habanos-edicion-2020\/"},"modified":"2025-04-16T09:14:52","modified_gmt":"2025-04-16T09:14:52","slug":"h-upmann-super-magnum-coleccion-habanos-edicion-2020","status":"publish","type":"product","link":"https:\/\/smoke.ch\/es\/producto\/h-upmann-super-magnum-coleccion-habanos-edicion-2020\/","title":{"rendered":"H. Upmann Super Magnum Colecci\u00f3n Habanos Edici\u00f3n 2020"},"content":{"rendered":"<p>Las elegantes cajas est\u00e1n dise\u00f1adas en lacado piano negro y lujosamente equipadas. <a href=\"\/?product_cat=h_upmann\"><strong>H. Upmann<\/strong><\/a>banquero alem\u00e1n, se traslad\u00f3 a La Habana en 1844, impulsado por su afici\u00f3n a los puros cubanos.<a href=\"https:\/\/smoke.ch\/es\/categoria-producto\/puros\/\"><strong> Los puros cubanos<\/strong><\/a>. En La Habana se hizo un nombre no s\u00f3lo como banquero, sino tambi\u00e9n como fabricante de puros. Aunque su banco cerr\u00f3 en la d\u00e9cada de 1920, sus puros siguen vivos y son hoy ejemplos sobresalientes de <a href=\"https:\/\/www.habanos.com\/en\/\"><strong>Habanos elegantes<\/strong><\/a><br \/>\nLa mezcla de tabaco de H. Upmann consiste exclusivamente en hojas de la regi\u00f3n de Vuelta Abajo.<br \/>\nLas distintivas cajas est\u00e1n decoradas con medallas de oro, que H. Upmann recibi\u00f3 en once exposiciones internacionales en el siglo XIX.<br \/>\nDurante m\u00e1s de 150 a\u00f1os, la marca ha sido sin\u00f3nimo de equilibrio perfecto y sabor cl\u00e1sico, y el Super Magnum sigue fiel a esta tradici\u00f3n. Este tama\u00f1o especial, conocido en las f\u00e1bricas cubanas como \u00abRadiantes\u00bb, mide 7 1\/8 pulgadas (180 mm) de longitud y tiene un calibre de anillo de 56.<br \/>\nOfrece a los entendidos alrededor de una hora de placer inigualable al fumar y hace latir m\u00e1s r\u00e1pido los corazones de los coleccionistas de todo el mundo. Esta colecci\u00f3n es la segunda dedicada a la marca H. Upmann; la primera apareci\u00f3 en 2007, y es imprescindible en todo humidor.<a href=\"https:\/\/smoke.ch\/es\/categoria-producto\/humidificadores\/\"><strong>humidor.<\/strong><\/a>     <\/p>\n<p>&nbsp;<\/p>\n","protected":false},"excerpt":{"rendered":"<p>Las elegantes cajas est\u00e1n dise\u00f1adas en lacado piano negro y lujosamente equipadas. H. Upmannbanquero alem\u00e1n, se traslad\u00f3 a La Habana en 1844, impulsado por su afici\u00f3n a los puros cubanos. Los puros cubanos. En La Habana se hizo un nombre no s\u00f3lo como banquero, sino tambi\u00e9n como fabricante de puros. Aunque su banco cerr\u00f3 en [&hellip;]<\/p>\n","protected":false},"featured_media":12291,"comment_status":"open","ping_status":"closed","template":"","meta":{"_et_pb_use_builder":"","_et_pb_old_content":"","_et_gb_content_width":""},"product_brand":[],"product_cat":[1019,280,278,270],"product_tag":[929,1247,835,836,1125,1012,1098,1121,886,1076,1118,928,1032],"class_list":{"0":"post-12284","1":"product","2":"type-product","3":"status-publish","4":"has-post-thumbnail","6":"product_cat-h-upmann-es-2","7":"product_cat-h-upmann-es","8":"product_cat-humidificadores","9":"product_cat-puros","10":"product_tag-cigarros-limitados","11":"product_tag-h-upmann-es-2","12":"product_tag-h-upmann-super-magnum-es","13":"product_tag-h-upmann-super-magnum-coleccion-habanos-es","14":"product_tag-habanos-es","15":"product_tag-puro-premium","16":"product_tag-puros","17":"product_tag-puros-anejos-cubanos","18":"product_tag-puros-antiguos","19":"product_tag-puros-cubanos","20":"product_tag-puros-habanos","21":"product_tag-puros-para-coleccionistas","22":"product_tag-puros-raros-es","24":"first","25":"instock","26":"shipping-taxable","27":"purchasable","28":"product-type-variable"},"aioseo_notices":[],"_links":{"self":[{"href":"https:\/\/smoke.ch\/es\/wp-json\/wp\/v2\/product\/12284","targetHints":{"allow":["GET"]}}],"collection":[{"href":"https:\/\/smoke.ch\/es\/wp-json\/wp\/v2\/product"}],"about":[{"href":"https:\/\/smoke.ch\/es\/wp-json\/wp\/v2\/types\/product"}],"replies":[{"embeddable":true,"href":"https:\/\/smoke.ch\/es\/wp-json\/wp\/v2\/comments?post=12284"}],"wp:featuredmedia":[{"embeddable":true,"href":"https:\/\/smoke.ch\/es\/wp-json\/wp\/v2\/media\/12291"}],"wp:attachment":[{"href":"https:\/\/smoke.ch\/es\/wp-json\/wp\/v2\/media?parent=12284"}],"wp:term":[{"taxonomy":"product_brand","embeddable":true,"href":"https:\/\/smoke.ch\/es\/wp-json\/wp\/v2\/product_brand?post=12284"},{"taxonomy":"product_cat","embeddable":true,"href":"https:\/\/smoke.ch\/es\/wp-json\/wp\/v2\/product_cat?post=12284"},{"taxonomy":"product_tag","embeddable":true,"href":"https:\/\/smoke.ch\/es\/wp-json\/wp\/v2\/product_tag?post=12284"}],"curies":[{"name":"wp","href":"https:\/\/api.w.org\/{rel}","templated":true}]}}