{"id":12305,"date":"2023-10-14T10:50:37","date_gmt":"2023-10-14T10:50:37","guid":{"rendered":"https:\/\/smoke.ch\/product\/cohiba-maduro-5-genios\/"},"modified":"2025-03-19T11:03:42","modified_gmt":"2025-03-19T11:03:42","slug":"cohiba-maduro-5-genios","status":"publish","type":"product","link":"https:\/\/smoke.ch\/es\/producto\/cohiba-maduro-5-genios\/","title":{"rendered":"Cohiba Maduro 5 Genios"},"content":{"rendered":"<p>El <a href=\"https:\/\/smoke.ch\/es\/categoria-producto\/puros\/cohiba-es\/\"><strong>Cohiba Maduro 5 Genios<\/strong> <\/a>es sin duda una obra maestra cubana que sorprender\u00e1 a los aficionados. De aspecto impecable, deleita con una diversa gama de sabores, una combusti\u00f3n uniforme y un humo denso. Este impresionante puro en formato Estupendos, con un calibre de 52 y una longitud de 14 cent\u00edmetros, ofrece alrededor de una hora de excitante placer al fumarlo y es especialmente apreciado por los entendidos por su fortaleza.  <\/p>\n<p>Incluso el olor en fr\u00edo es tentador, con finas notas de chocolate que contin\u00faan en la fumada. Los sabores tostados est\u00e1n presentes desde el principio, acompa\u00f1ados de madera dulce y el t\u00edpico terru\u00f1o cubano. Un agradable picante recorre todo el humo, mientras que sutiles notas de musgo complementan los sabores de la madera. El humo es consistentemente denso, cremoso y dulce.   <\/p>\n<p>El aspecto del Genios ya insin\u00faa su importancia. Gracias a la envoltura de Maduro maduro, se presenta con un profundo color oscuro. El acabado es visualmente casi perfecto y exclusivo de<a href=\"https:\/\/www.habanos.com\/en\/\"><strong> Habanos S.A.<\/strong><\/a> La ic\u00f3nica vitola hace latir m\u00e1s r\u00e1pido los corazones de los amantes de los puros. La gama Maduro lleva en el mercado desde 2007 y contin\u00faa la original <a href=\"https:\/\/smoke.ch\/es\/categoria-producto\/puros\/\"><strong>tradici\u00f3n cubana<\/strong><\/a> cuyo fuerte sabor se debe a los pasos especiales de fermentaci\u00f3n del tabaco.   <\/p>\n<p>La \u00faltima creaci\u00f3n de la renombrada empresa Cohiba se llama Maduro 5. Esta serie premium consta de tres formatos de puros: Genios, M\u00e1gicos y Secretos, que son perfectos <a href=\"https:\/\/smoke.ch\/es\/categoria-producto\/humidificadores\/\"><strong>para cualquier humidor<\/strong><\/a> humidor. Cada puro se caracteriza por la m\u00e1s alta calidad y est\u00e1 envuelto en una hoja de envoltorio que ha envejecido durante unos soberbios cinco a\u00f1os. En la producci\u00f3n de estos puros s\u00f3lo se utilizan los mejores tabacos de Cuba.  <\/p>\n","protected":false},"excerpt":{"rendered":"<p>El Cohiba Maduro 5 Genios es sin duda una obra maestra cubana que sorprender\u00e1 a los aficionados. De aspecto impecable, deleita con una diversa gama de sabores, una combusti\u00f3n uniforme y un humo denso. Este impresionante puro en formato Estupendos, con un calibre de 52 y una longitud de 14 cent\u00edmetros, ofrece alrededor de una [&hellip;]<\/p>\n","protected":false},"featured_media":12306,"comment_status":"open","ping_status":"closed","template":"","meta":{"_et_pb_use_builder":"","_et_pb_old_content":"","_et_gb_content_width":""},"product_brand":[],"product_cat":[271,270],"product_tag":[929,798,1153,837,1125,1012,1098,1121,886,1117,1076,1122,1118,928,1032],"class_list":{"0":"post-12305","1":"product","2":"type-product","3":"status-publish","4":"has-post-thumbnail","6":"product_cat-cohiba-es","7":"product_cat-puros","8":"product_tag-cigarros-limitados","9":"product_tag-cohiba-es","10":"product_tag-cohiba-maduro-es","11":"product_tag-cohiba-maduro-5-es","12":"product_tag-habanos-es","13":"product_tag-puro-premium","14":"product_tag-puros","15":"product_tag-puros-anejos-cubanos","16":"product_tag-puros-antiguos","17":"product_tag-puros-cohiba","18":"product_tag-puros-cubanos","19":"product_tag-puros-cubanos-exclusivos","20":"product_tag-puros-habanos","21":"product_tag-puros-para-coleccionistas","22":"product_tag-puros-raros-es","24":"first","25":"instock","26":"shipping-taxable","27":"purchasable","28":"product-type-variable"},"aioseo_notices":[],"_links":{"self":[{"href":"https:\/\/smoke.ch\/es\/wp-json\/wp\/v2\/product\/12305","targetHints":{"allow":["GET"]}}],"collection":[{"href":"https:\/\/smoke.ch\/es\/wp-json\/wp\/v2\/product"}],"about":[{"href":"https:\/\/smoke.ch\/es\/wp-json\/wp\/v2\/types\/product"}],"replies":[{"embeddable":true,"href":"https:\/\/smoke.ch\/es\/wp-json\/wp\/v2\/comments?post=12305"}],"wp:featuredmedia":[{"embeddable":true,"href":"https:\/\/smoke.ch\/es\/wp-json\/wp\/v2\/media\/12306"}],"wp:attachment":[{"href":"https:\/\/smoke.ch\/es\/wp-json\/wp\/v2\/media?parent=12305"}],"wp:term":[{"taxonomy":"product_brand","embeddable":true,"href":"https:\/\/smoke.ch\/es\/wp-json\/wp\/v2\/product_brand?post=12305"},{"taxonomy":"product_cat","embeddable":true,"href":"https:\/\/smoke.ch\/es\/wp-json\/wp\/v2\/product_cat?post=12305"},{"taxonomy":"product_tag","embeddable":true,"href":"https:\/\/smoke.ch\/es\/wp-json\/wp\/v2\/product_tag?post=12305"}],"curies":[{"name":"wp","href":"https:\/\/api.w.org\/{rel}","templated":true}]}}