{"id":12325,"date":"2023-10-06T10:16:42","date_gmt":"2023-10-06T10:16:42","guid":{"rendered":"https:\/\/smoke.ch\/product\/h-upmann-no-2-reserva-cosecha-2010\/"},"modified":"2025-04-16T09:23:13","modified_gmt":"2025-04-16T09:23:13","slug":"h-upmann-no-2-reserva-cosecha-2010","status":"publish","type":"product","link":"https:\/\/smoke.ch\/es\/producto\/h-upmann-no-2-reserva-cosecha-2010\/","title":{"rendered":"H.Upmann No. 2 Reserva Cosecha 2010"},"content":{"rendered":"<p>Anunciado en 2014, por fin est\u00e1 disponible en el mercado el cigarro tan esperado por los aficionados de todo el mundo: el<strong>H. Upmann n\u00ba 2 Reserva cosecha 2010.<\/strong> Estos excepcionales <strong><a href=\"https:\/\/smoke.ch\/es\/categoria-producto\/puros\/\"> puros<\/a> de edici\u00f3n<\/strong> limitada se elaboran con tabacos a\u00f1ejados durante al menos tres a\u00f1os a partir de la cosecha de 2010 y se encuentran sin duda entre los sabores m\u00e1s exclusivos y excepcionales del mundo del <a href=\"https:\/\/www.habanos.com\/en\/\"><br \/>\n  <strong>Habanos<\/strong><br \/>\n<\/a>.  Ni que decir tiene que en las f\u00e1bricas s\u00f3lo se selecciona a los mejores y m\u00e1s experimentados torcedores para producir estas obras maestras a partir de hojas de tabaco cuidadosamente seleccionadas. S\u00f3lo se fabrican 5.000 cajas de 20 unidades de cada edici\u00f3n Reserva en todo el mundo, ideal para tu humidor. <a href=\"https:\/\/smoke.ch\/es\/categoria-producto\/humidificadores\/\"><br \/>\n  <strong>humidor<\/strong><br \/>\n<\/a>. Para esta edici\u00f3n, la marca m\u00e1s destacada de <a href=\"\/?product_cat=h_upmann\"><br \/>\n  <strong>H. Upmann<\/strong><br \/>\n<\/a> ha sido seleccionado para esta edici\u00f3n: el cl\u00e1sico formato Pir\u00e1mide \u00abn\u00ba 2\u00bb con una longitud de 156 mm y un calibre de anillo de 52.<\/p>\n<p>La mezcla de este Reserva es algo m\u00e1s ligera que la del formato cl\u00e1sico de la serie est\u00e1ndar, pero significativamente m\u00e1s compleja y arom\u00e1tica. Sin duda, pronto se convertir\u00e1 en una de las rarezas m\u00e1s buscadas por los coleccionistas y aficionados a los Habanos.<\/p>\n","protected":false},"excerpt":{"rendered":"<p>Anunciado en 2014, por fin est\u00e1 disponible en el mercado el cigarro tan esperado por los aficionados de todo el mundo: elH. Upmann n\u00ba 2 Reserva cosecha 2010. Estos excepcionales puros de edici\u00f3n limitada se elaboran con tabacos a\u00f1ejados durante al menos tres a\u00f1os a partir de la cosecha de 2010 y se encuentran sin [&hellip;]<\/p>\n","protected":false},"featured_media":12333,"comment_status":"open","ping_status":"closed","template":"","meta":{"_et_pb_use_builder":"","_et_pb_old_content":"","_et_gb_content_width":""},"product_brand":[],"product_cat":[280,270],"product_tag":[929,1247,829,840,1125,1012,1098,1121,886,1076,1122,1118,928,1032],"class_list":{"0":"post-12325","1":"product","2":"type-product","3":"status-publish","4":"has-post-thumbnail","6":"product_cat-h-upmann-es","7":"product_cat-puros","8":"product_tag-cigarros-limitados","9":"product_tag-h-upmann-es-2","10":"product_tag-h-upmann-es","11":"product_tag-h-upmann-no-2-reserva-es","12":"product_tag-habanos-es","13":"product_tag-puro-premium","14":"product_tag-puros","15":"product_tag-puros-anejos-cubanos","16":"product_tag-puros-antiguos","17":"product_tag-puros-cubanos","18":"product_tag-puros-cubanos-exclusivos","19":"product_tag-puros-habanos","20":"product_tag-puros-para-coleccionistas","21":"product_tag-puros-raros-es","23":"first","24":"instock","25":"shipping-taxable","26":"purchasable","27":"product-type-variable"},"aioseo_notices":[],"_links":{"self":[{"href":"https:\/\/smoke.ch\/es\/wp-json\/wp\/v2\/product\/12325","targetHints":{"allow":["GET"]}}],"collection":[{"href":"https:\/\/smoke.ch\/es\/wp-json\/wp\/v2\/product"}],"about":[{"href":"https:\/\/smoke.ch\/es\/wp-json\/wp\/v2\/types\/product"}],"replies":[{"embeddable":true,"href":"https:\/\/smoke.ch\/es\/wp-json\/wp\/v2\/comments?post=12325"}],"wp:featuredmedia":[{"embeddable":true,"href":"https:\/\/smoke.ch\/es\/wp-json\/wp\/v2\/media\/12333"}],"wp:attachment":[{"href":"https:\/\/smoke.ch\/es\/wp-json\/wp\/v2\/media?parent=12325"}],"wp:term":[{"taxonomy":"product_brand","embeddable":true,"href":"https:\/\/smoke.ch\/es\/wp-json\/wp\/v2\/product_brand?post=12325"},{"taxonomy":"product_cat","embeddable":true,"href":"https:\/\/smoke.ch\/es\/wp-json\/wp\/v2\/product_cat?post=12325"},{"taxonomy":"product_tag","embeddable":true,"href":"https:\/\/smoke.ch\/es\/wp-json\/wp\/v2\/product_tag?post=12325"}],"curies":[{"name":"wp","href":"https:\/\/api.w.org\/{rel}","templated":true}]}}