{"id":12343,"date":"2023-07-17T10:30:48","date_gmt":"2023-07-17T10:30:48","guid":{"rendered":"https:\/\/smoke.ch\/product\/cohiba-robusto-reserva-cosecha-2014\/"},"modified":"2026-01-31T15:21:37","modified_gmt":"2026-01-31T15:21:37","slug":"cohiba-robusto-reserva-cosecha-2014","status":"publish","type":"product","link":"https:\/\/smoke.ch\/es\/producto\/cohiba-robusto-reserva-cosecha-2014\/","title":{"rendered":"Cohiba Robusto Reserva \u2013 Cosecha 2014"},"content":{"rendered":"<p>El <strong><a href=\"https:\/\/smoke.ch\/product-category\/zigarren\/cohiba\/\">Cohiba<\/a> Robusto Reserva<\/strong> <strong>Cosecha 2014<\/strong>, es una creaci\u00f3n exclusiva de la marca de puros Cohiba de <a href=\"https:\/\/www.habanos.com\/en\/\"><strong>Habanos<\/strong><\/a><\/p>\n<p>S.A. de s\u00f3lo 5.000 cajas numeradas de 20 unidades. Las cajas est\u00e1n lujosamente lacadas e impresas, reflejando el lujo y la exclusividad de uno de los puros Reserva m\u00e1s caros de todos los tiempos. Para el<a href=\"https:\/\/smoke.ch\/product-category\/zigarren\/\"><strong>puros<\/strong><\/a> amantes de los puros, probablemente sea uno de los formatos m\u00e1s populares. Cada hoja e inserto ha madurado durante m\u00e1s de tres a\u00f1os. Las hojas proceden de la regi\u00f3n de Vuelta Abajo, en Pinar del R\u00edo, una de las mejores zonas de cultivo de tabaco del mundo.<\/p>\n<p><strong><br \/>\n  <a href=\"https:\/\/smoke.ch\/product-category\/zigarren\/cohiba\/\">Cohiba<\/a><br \/>\n<\/strong> es una marca legendaria en el mundo de los puros premium. Los amantes de los puros de todo el mundo llevan m\u00e1s de cinco d\u00e9cadas disfrutando de esta marca ic\u00f3nica. Adem\u00e1s, los puros Cohiba son conocidos por su calidad insuperable, su sabor exquisito y <a href=\"https:\/\/www.reddit.com\/r\/cubancigars\/comments\/1nr0xfz\/review_cohiba_robusto_reserva_cosecha_2014\/\"><strong>su lujosa experiencia de fumar<\/strong><\/a> .<\/p>\n","protected":false},"excerpt":{"rendered":"<p>El Cohiba Robusto Reserva Cosecha 2014, es una creaci\u00f3n exclusiva de la marca de puros Cohiba de Habanos S.A. de s\u00f3lo 5.000 cajas numeradas de 20 unidades. Las cajas est\u00e1n lujosamente lacadas e impresas, reflejando el lujo y la exclusividad de uno de los puros Reserva m\u00e1s caros de todos los tiempos. Para elpuros amantes [&hellip;]<\/p>\n","protected":false},"featured_media":12345,"comment_status":"open","ping_status":"closed","template":"","meta":{"_et_pb_use_builder":"","_et_pb_old_content":"","_et_gb_content_width":""},"product_brand":[],"product_cat":[271,270],"product_tag":[1741,1728,1729,1121,1117,1122],"class_list":{"0":"post-12343","1":"product","2":"type-product","3":"status-publish","4":"has-post-thumbnail","6":"product_cat-cohiba-es","7":"product_cat-puros","8":"product_tag-cohiba-robustos-reserva-cosecha-2014-es","9":"product_tag-comprar-cohiba-robustos-reserva","10":"product_tag-precio-de-cohiba-robustos-reserva","11":"product_tag-puros-anejos-cubanos","12":"product_tag-puros-cohiba","13":"product_tag-puros-cubanos-exclusivos","15":"first","16":"instock","17":"shipping-taxable","18":"purchasable","19":"product-type-variable"},"aioseo_notices":[],"_links":{"self":[{"href":"https:\/\/smoke.ch\/es\/wp-json\/wp\/v2\/product\/12343","targetHints":{"allow":["GET"]}}],"collection":[{"href":"https:\/\/smoke.ch\/es\/wp-json\/wp\/v2\/product"}],"about":[{"href":"https:\/\/smoke.ch\/es\/wp-json\/wp\/v2\/types\/product"}],"replies":[{"embeddable":true,"href":"https:\/\/smoke.ch\/es\/wp-json\/wp\/v2\/comments?post=12343"}],"wp:featuredmedia":[{"embeddable":true,"href":"https:\/\/smoke.ch\/es\/wp-json\/wp\/v2\/media\/12345"}],"wp:attachment":[{"href":"https:\/\/smoke.ch\/es\/wp-json\/wp\/v2\/media?parent=12343"}],"wp:term":[{"taxonomy":"product_brand","embeddable":true,"href":"https:\/\/smoke.ch\/es\/wp-json\/wp\/v2\/product_brand?post=12343"},{"taxonomy":"product_cat","embeddable":true,"href":"https:\/\/smoke.ch\/es\/wp-json\/wp\/v2\/product_cat?post=12343"},{"taxonomy":"product_tag","embeddable":true,"href":"https:\/\/smoke.ch\/es\/wp-json\/wp\/v2\/product_tag?post=12343"}],"curies":[{"name":"wp","href":"https:\/\/api.w.org\/{rel}","templated":true}]}}