{"id":12384,"date":"2023-08-02T12:40:00","date_gmt":"2023-08-02T12:40:00","guid":{"rendered":"https:\/\/smoke.ch\/product\/cohiba-55-aniversario-coleccion-habanos-edicion-2021-ideales\/"},"modified":"2025-10-05T09:39:08","modified_gmt":"2025-10-05T09:39:08","slug":"cohiba-55-aniversario-coleccion-habanos-edicion-2021-ideales","status":"publish","type":"product","link":"https:\/\/smoke.ch\/es\/producto\/cohiba-55-aniversario-coleccion-habanos-edicion-2021-ideales\/","title":{"rendered":"Cohiba 55 Aniversario \u2013 Colecci\u00f3n Habanos Edici\u00f3n 2021 \u2013 Ideales"},"content":{"rendered":"<div class=\"flex-1 overflow-hidden\">\n<div class=\"react-scroll-to-bottom--css-pusiv-79elbk h-full dark:bg-gray-800\">\n<div class=\"react-scroll-to-bottom--css-pusiv-1n7m0yu\">\n<div class=\"flex flex-col text-sm dark:bg-gray-800\">\n<div class=\"group w-full text-gray-800 dark:text-gray-100 border-b border-black\/10 dark:border-gray-900\/50 bg-gray-50 dark:bg-[#444654]\">\n<div class=\"flex p-4 gap-4 text-base md:gap-6 md:max-w-2xl lg:max-w-[38rem] xl:max-w-3xl md:py-6 lg:px-0 m-auto\">\n<div class=\"relative flex w-[calc(100%-50px)] flex-col gap-1 md:gap-3 lg:w-[calc(100%-115px)]\">\n<div class=\"flex flex-grow flex-col gap-3\">\n<div class=\"min-h-[20px] flex items-start overflow-x-auto whitespace-pre-wrap break-words flex-col gap-4\">\n<div class=\"markdown prose w-full break-words dark:prose-invert light\">\n<p>La historia de <a href=\"https:\/\/smoke.ch\/product-category\/zigarren\/cohiba\/\"><strong>Cohiba comenz\u00f3 en 1966 <\/strong><\/a>cuando estos puros se utilizaron inicialmente como regalos para miembros de alto rango del gobierno. El l\u00edder cubano Fidel Castro descubri\u00f3 sus vitolas especiales y qued\u00f3 inmediatamente impresionado. Desde entonces, Cohiba se produce en la renombrada f\u00e1brica El Laguito de La Habana y se ha convertido en una leyenda viva de la historia del puro.<\/p>\n<p>En los a\u00f1os 60, el guardaespaldas de Fidel Castro, Bienvenido \u00abChicho\u00bb P\u00e9rez, le ofreci\u00f3 un puro \u00fanico: un formato distintivo con un sabor excepcional. Castro se enamor\u00f3 del sabor y pronto conoci\u00f3 a Eduardo Rivera, torcedor de talento y amigo de su guardaespaldas. Rivera se convirti\u00f3 en torcedor personal de Castro y fund\u00f3 una peque\u00f1a f\u00e1brica en 1964, que m\u00e1s tarde se convirti\u00f3 en la legendaria f\u00e1brica El Laguito. All\u00ed trabajaron torcedoras seleccionadas, entre ellas Norma Fern\u00e1ndez, que lanz\u00f3 la marca Cohiba en 1966, sentando las bases de una de las marcas m\u00e1s exclusivas de <a href=\"https:\/\/www.habanos.com\/en\/\"><strong>Habanos S.A.<\/strong><\/a>.<\/p>\n<p>A partir de 1982<a href=\"https:\/\/smoke.ch\/product-category\/zigarren\/\"><strong> los puros Cohiba<\/strong><\/a> tambi\u00e9n disponibles internacionalmente para los entendidos m\u00e1s exigentes. Con motivo del 55 aniversario de la marca, Habanos S.A. presenta en 2021 la Edici\u00f3n Limitada Cohiba 55 Aniversario, una codiciada rareza para coleccionistas y amantes del mejor arte del tabaco.<\/p>\n<p>Desde 2002, Habanos S.A. publica cada a\u00f1o un formato de puro excepcional en forma de libro humidor bajo la serie <a href=\"https:\/\/smoke.ch\/product-category\/humidore\/\"><strong>\u00abColecci\u00f3n Habanos<\/strong><\/a>. Esta serie est\u00e1 dirigida a los coleccionistas de tesoros de puros finos e incluye formatos grandes e impresionantes.<\/p>\n<p>Los Ideales Cohiba<a href=\"https:\/\/smoke.ch\/product-category\/humidore\/\"><strong> Colecci\u00f3n Habanos 2021 Libro Humidor<\/strong><\/a> es lo m\u00e1s destacado de este a\u00f1o. Con un impresionante calibre de anilla de 56 y una longitud de 175 mm, el formato est\u00e1 etiquetado como \u00abModernas\u00bb en la f\u00e1brica de El Laguito. La edici\u00f3n est\u00e1 estrictamente limitada a 3.000 humidores con 20 puros cada uno.<\/p>\n<p>Experimenta el exclusivo Cohiba 55\u00ba Aniversario y d\u00e9jate hechizar por la exquisita calidad y el fino sabor de estos puros tan especiales. Celebra con nosotros los 55 a\u00f1os de Cohiba, una experiencia inolvidable para verdaderos conocedores.<\/p>\n<\/div>\n<\/div>\n<\/div>\n<div class=\"flex justify-between lg:block\">\n<div class=\"text-gray-400 flex self-end lg:self-center justify-center mt-2 gap-2 md:gap-3 lg:gap-1 lg:absolute lg:top-0 lg:translate-x-full lg:right-0 lg:mt-0 lg:pl-2 visible\">\n<p>&nbsp;<\/p>\n<div class=\"flex gap-1\"><\/div>\n<\/div>\n<\/div>\n<\/div>\n<\/div>\n<\/div>\n<div class=\"h-32 md:h-48 flex-shrink-0\"><\/div>\n<p>&nbsp;<\/p>\n<\/div>\n<\/div>\n<\/div>\n<\/div>\n<div class=\"absolute bottom-0 left-0 w-full border-t md:border-t-0 dark:border-white\/20 md:border-transparent md:dark:border-transparent md:bg-vert-light-gradient bg-white dark:bg-gray-800 md:!bg-transparent dark:md:bg-vert-dark-gradient pt-2 md:pl-2 md:w-[calc(100%-.5rem)]\">\n<form class=\"stretch mx-2 flex flex-row gap-3 last:mb-2 md:mx-4 md:last:mb-6 lg:mx-auto lg:max-w-2xl xl:max-w-3xl\">\n<div class=\"relative flex h-full flex-1 items-stretch md:flex-col\" role=\"presentation\">\n<div>\n<div class=\"h-full flex ml-1 md:w-full md:m-auto md:mb-4 gap-0 md:gap-2 justify-center\"><\/div>\n<\/div>\n<\/div>\n<\/form>\n<\/div>\n","protected":false},"excerpt":{"rendered":"<p>La historia de Cohiba comenz\u00f3 en 1966 cuando estos puros se utilizaron inicialmente como regalos para miembros de alto rango del gobierno. El l\u00edder cubano Fidel Castro descubri\u00f3 sus vitolas especiales y qued\u00f3 inmediatamente impresionado. Desde entonces, Cohiba se produce en la renombrada f\u00e1brica El Laguito de La Habana y se ha convertido en una [&hellip;]<\/p>\n","protected":false},"featured_media":12389,"comment_status":"open","ping_status":"closed","template":"","meta":{"_et_pb_use_builder":"","_et_pb_old_content":"","_et_gb_content_width":""},"product_brand":[],"product_cat":[271,284,278,270],"product_tag":[845,1720,800,1700,1701,1076,1122],"class_list":{"0":"post-12384","1":"product","2":"type-product","3":"status-publish","4":"has-post-thumbnail","6":"product_cat-cohiba-es","7":"product_cat-cohiba-es-2","8":"product_cat-humidificadores","9":"product_cat-puros","10":"product_tag-cohiba-55-aniversario-coleccion-habanos-es","11":"product_tag-cohiba-55-aniversario-coleccion-habanos-edicion-2021-es","12":"product_tag-cohiba-aniversario-es","13":"product_tag-comprar-cohiba-55-aniversario","14":"product_tag-precio-del-cohiba-55-aniversario","15":"product_tag-puros-cubanos","16":"product_tag-puros-cubanos-exclusivos","18":"first","19":"instock","20":"shipping-taxable","21":"purchasable","22":"product-type-variable"},"aioseo_notices":[],"_links":{"self":[{"href":"https:\/\/smoke.ch\/es\/wp-json\/wp\/v2\/product\/12384","targetHints":{"allow":["GET"]}}],"collection":[{"href":"https:\/\/smoke.ch\/es\/wp-json\/wp\/v2\/product"}],"about":[{"href":"https:\/\/smoke.ch\/es\/wp-json\/wp\/v2\/types\/product"}],"replies":[{"embeddable":true,"href":"https:\/\/smoke.ch\/es\/wp-json\/wp\/v2\/comments?post=12384"}],"wp:featuredmedia":[{"embeddable":true,"href":"https:\/\/smoke.ch\/es\/wp-json\/wp\/v2\/media\/12389"}],"wp:attachment":[{"href":"https:\/\/smoke.ch\/es\/wp-json\/wp\/v2\/media?parent=12384"}],"wp:term":[{"taxonomy":"product_brand","embeddable":true,"href":"https:\/\/smoke.ch\/es\/wp-json\/wp\/v2\/product_brand?post=12384"},{"taxonomy":"product_cat","embeddable":true,"href":"https:\/\/smoke.ch\/es\/wp-json\/wp\/v2\/product_cat?post=12384"},{"taxonomy":"product_tag","embeddable":true,"href":"https:\/\/smoke.ch\/es\/wp-json\/wp\/v2\/product_tag?post=12384"}],"curies":[{"name":"wp","href":"https:\/\/api.w.org\/{rel}","templated":true}]}}