{"id":12429,"date":"2023-07-17T12:28:13","date_gmt":"2023-07-17T12:28:13","guid":{"rendered":"https:\/\/smoke.ch\/product\/cohiba-talisman-edicion-limitada-2017\/"},"modified":"2025-10-06T07:35:38","modified_gmt":"2025-10-06T07:35:38","slug":"cohiba-talisman-edicion-limitada-2017","status":"publish","type":"product","link":"https:\/\/smoke.ch\/es\/producto\/cohiba-talisman-edicion-limitada-2017\/","title":{"rendered":"Cohiba Talism\u00e1n \u2013 Edici\u00f3n Limitada 2017"},"content":{"rendered":"<p>El nombre de producci\u00f3n del <strong><a href=\"https:\/\/smoke.ch\/es\/categoria-producto\/puros\/cohiba-es\/\">Cohiba<\/a> Talism\u00e1n<\/strong> es \u00abSublime n\u00ba 1\u00bb. Este <a href=\"https:\/\/smoke.ch\/es\/categoria-producto\/puros\/\"><strong>puro<\/strong><\/a> es completamente nuevo de <a href=\"https:\/\/www.habanos.com\/en\/\"><strong>Habanos<\/strong><\/a> S.A. para esta edici\u00f3n limitada.<br \/>\nLa mezcla de tabaco se caracteriza por la mezcla media a fuerte de la L\u00ednea Cl\u00e1sica. Sin embargo, como es habitual en los puros de Edici\u00f3n Limitada, se compone exclusivamente de tabacos que han sido a\u00f1ejados durante al menos dos a\u00f1os.<br \/>\nEl excepcional <strong>Cohiba Talism\u00e1n<\/strong> ofrece a los entendidos lo \u00faltimo en disfrute de puros para momentos muy especiales con su majestuoso formato.<br \/>\nEsta <strong>edici\u00f3n limitada<\/strong> s\u00f3lo se fabric\u00f3 durante un breve periodo de tiempo. Consigue ya una caja para tu humidor <strong><br \/>\n<a href=\"https:\/\/smoke.ch\/es\/categoria-producto\/humidificadores\/\">humidor <\/a><\/strong><strong><a href=\"https:\/\/smoke.ch\/es\/categoria-producto\/puros\/cohiba-es\/\">Cohiba <\/a><\/strong>es una marca legendaria en el mundo de los puros premium. Los amantes de los puros de todo el mundo llevan m\u00e1s de cinco d\u00e9cadas disfrutando de esta marca ic\u00f3nica.<br \/>\nAdem\u00e1s, Cohiba<a href=\"https:\/\/smoke.ch\/es\/categoria-producto\/puros\/\"><strong> puros <\/strong><\/a>son conocidos por su calidad inigualable, su exquisito sabor y su lujosa experiencia al fumarlos.<\/p>\n<h2><\/h2>\n","protected":false},"excerpt":{"rendered":"<p>El nombre de producci\u00f3n del Cohiba Talism\u00e1n es \u00abSublime n\u00ba 1\u00bb. Este puro es completamente nuevo de Habanos S.A. para esta edici\u00f3n limitada. La mezcla de tabaco se caracteriza por la mezcla media a fuerte de la L\u00ednea Cl\u00e1sica. Sin embargo, como es habitual en los puros de Edici\u00f3n Limitada, se compone exclusivamente de tabacos [&hellip;]<\/p>\n","protected":false},"featured_media":12430,"comment_status":"open","ping_status":"closed","template":"","meta":{"_et_pb_use_builder":"","_et_pb_old_content":"","_et_gb_content_width":""},"product_brand":[],"product_cat":[271,284,278,270],"product_tag":[929,798,1158,850,1125,1012,1098,1121,886,1117,1076,1122,1118,928,1032],"class_list":{"0":"post-12429","1":"product","2":"type-product","3":"status-publish","4":"has-post-thumbnail","6":"product_cat-cohiba-es","7":"product_cat-cohiba-es-2","8":"product_cat-humidificadores","9":"product_cat-puros","10":"product_tag-cigarros-limitados","11":"product_tag-cohiba-es","12":"product_tag-cohiba-talisman-es","13":"product_tag-cohiba-talisman-edicion-limitada-2017-es","14":"product_tag-habanos-es","15":"product_tag-puro-premium","16":"product_tag-puros","17":"product_tag-puros-anejos-cubanos","18":"product_tag-puros-antiguos","19":"product_tag-puros-cohiba","20":"product_tag-puros-cubanos","21":"product_tag-puros-cubanos-exclusivos","22":"product_tag-puros-habanos","23":"product_tag-puros-para-coleccionistas","24":"product_tag-puros-raros-es","26":"first","27":"instock","28":"shipping-taxable","29":"purchasable","30":"product-type-variable"},"aioseo_notices":[],"_links":{"self":[{"href":"https:\/\/smoke.ch\/es\/wp-json\/wp\/v2\/product\/12429","targetHints":{"allow":["GET"]}}],"collection":[{"href":"https:\/\/smoke.ch\/es\/wp-json\/wp\/v2\/product"}],"about":[{"href":"https:\/\/smoke.ch\/es\/wp-json\/wp\/v2\/types\/product"}],"replies":[{"embeddable":true,"href":"https:\/\/smoke.ch\/es\/wp-json\/wp\/v2\/comments?post=12429"}],"wp:featuredmedia":[{"embeddable":true,"href":"https:\/\/smoke.ch\/es\/wp-json\/wp\/v2\/media\/12430"}],"wp:attachment":[{"href":"https:\/\/smoke.ch\/es\/wp-json\/wp\/v2\/media?parent=12429"}],"wp:term":[{"taxonomy":"product_brand","embeddable":true,"href":"https:\/\/smoke.ch\/es\/wp-json\/wp\/v2\/product_brand?post=12429"},{"taxonomy":"product_cat","embeddable":true,"href":"https:\/\/smoke.ch\/es\/wp-json\/wp\/v2\/product_cat?post=12429"},{"taxonomy":"product_tag","embeddable":true,"href":"https:\/\/smoke.ch\/es\/wp-json\/wp\/v2\/product_tag?post=12429"}],"curies":[{"name":"wp","href":"https:\/\/api.w.org\/{rel}","templated":true}]}}