{"id":12435,"date":"2022-07-14T13:04:04","date_gmt":"2022-07-14T13:04:04","guid":{"rendered":"https:\/\/smoke.ch\/product\/cohiba-novedosos-la-casa-del-habano\/"},"modified":"2025-03-22T11:17:09","modified_gmt":"2025-03-22T11:17:09","slug":"cohiba-novedosos-la-casa-del-habano","status":"publish","type":"product","link":"https:\/\/smoke.ch\/es\/producto\/cohiba-novedosos-la-casa-del-habano\/","title":{"rendered":"Cohiba Novedosos \u2013 La Casa del Habano"},"content":{"rendered":"<div class=\"flex-1 overflow-hidden\">\n<div class=\"react-scroll-to-bottom--css-pusiv-79elbk h-full dark:bg-gray-800\">\n<div class=\"react-scroll-to-bottom--css-pusiv-1n7m0yu\">\n<div class=\"flex flex-col text-sm dark:bg-gray-800\">\n<div class=\"group w-full text-gray-800 dark:text-gray-100 border-b border-black\/10 dark:border-gray-900\/50 bg-gray-50 dark:bg-[#444654]\">\n<div class=\"flex p-4 gap-4 text-base md:gap-6 md:max-w-2xl lg:max-w-[38rem] xl:max-w-3xl md:py-6 lg:px-0 m-auto\">\n<div class=\"relative flex w-[calc(100%-50px)] flex-col gap-1 md:gap-3 lg:w-[calc(100%-115px)]\">\n<div class=\"flex flex-grow flex-col gap-3\">\n<div class=\"min-h-[20px] flex items-start overflow-x-auto whitespace-pre-wrap break-words flex-col gap-4\">\n<div class=\"markdown prose w-full break-words dark:prose-invert light\">\n<p>Un nuevo formato en la familia Cohiba es el <strong><a href=\"https:\/\/smoke.ch\/es\/categoria-producto\/puros\/cohiba-es\/\">Cohiba<\/a> Novedosos<\/strong>, un Robusto Extra con una longitud de 156 mm. Este impresionante puro ofrece un sabor rico y terroso que dura de principio a fin. Elaborados con las mejores hojas de tabaco y hechos a mano por torcedores experimentados, los Cohiba Novedosos son una elecci\u00f3n \u00fanica para los amantes de los puros que buscan una experiencia de fumada de alta calidad. Sin embargo, cabe se\u00f1alar que esta exclusiva <a href=\"https:\/\/smoke.ch\/es\/categoria-producto\/puros\/\"><br \/>\n  <strong>variante de puro<\/strong><br \/>\n<\/a> es dif\u00edcil de conseguir.<\/p>\n<p>Prueba un Cohiba Novedosos hoy mismo y experimenta el sabor \u00fanico que s\u00f3lo un Cohiba puede ofrecer. Haz tu pedido ahora en nuestra tienda hasta agotar existencias. La elegante caja contiene 25 piezas, etiquetadas con la etiqueta adicional de \u00abCasa del Habano\u00bb.<\/p>\n<p><strong>Cohiba <\/strong>es una marca legendaria en el mundo de los <strong>puros premium <\/strong>de <strong><a href=\"https:\/\/www.habanos.com\/en\/\">Habanos<\/a> S.A<\/strong>. Esta marca ic\u00f3nica ha sido disfrutada por los amantes de los puros de todo el mundo durante m\u00e1s de cinco d\u00e9cadas. Adem\u00e1s, los puros Cohiba son conocidos por su calidad inigualable, su exquisito sabor y su lujosa experiencia al fumarlos.<\/p>\n<\/div>\n<\/div>\n<\/div>\n<div class=\"flex justify-between lg:block\"><\/div>\n<\/div>\n<\/div>\n<\/div>\n<p>&nbsp;<\/p>\n<\/div>\n<\/div>\n<\/div>\n<\/div>\n<div class=\"group w-full text-gray-800 dark:text-gray-100 border-b border-black\/10 dark:border-gray-900\/50 bg-gray-50 dark:bg-[#444654]\">\n<div class=\"text-base gap-4 md:gap-6 md:max-w-2xl lg:max-w-xl xl:max-w-3xl p-4 md:py-6 flex lg:px-0 m-auto\">\n<div class=\"relative flex w-[calc(100%-50px)] flex-col gap-1 md:gap-3 lg:w-[calc(100%-115px)]\">\n<div class=\"flex flex-grow flex-col gap-3\">\n<div class=\"min-h-[20px] flex flex-col items-start gap-4 whitespace-pre-wrap\">\n<div class=\"markdown prose w-full break-words dark:prose-invert light\">\n<div class=\"group w-full text-gray-800 dark:text-gray-100 border-b border-black\/10 dark:border-gray-900\/50 bg-gray-50 dark:bg-[#444654]\">\n<div class=\"text-base gap-4 md:gap-6 md:max-w-2xl lg:max-w-xl xl:max-w-3xl p-4 md:py-6 flex lg:px-0 m-auto\">\n<div class=\"relative flex w-[calc(100%-50px)] flex-col gap-1 md:gap-3 lg:w-[calc(100%-115px)]\">\n<div class=\"flex justify-between lg:block\">\n<div class=\"text-gray-400 flex self-end lg:self-center justify-center mt-2 gap-2 md:gap-3 lg:gap-1 lg:absolute lg:top-0 lg:translate-x-full lg:right-0 lg:mt-0 lg:pl-2 visible\"><\/div>\n<\/div>\n<\/div>\n<\/div>\n<\/div>\n<\/div>\n<\/div>\n<\/div>\n<div class=\"flex justify-between lg:block\">\n<div class=\"text-gray-400 flex self-end lg:self-center justify-center mt-2 gap-2 md:gap-3 lg:gap-1 lg:absolute lg:top-0 lg:translate-x-full lg:right-0 lg:mt-0 lg:pl-2 visible\"><\/div>\n<\/div>\n<\/div>\n<\/div>\n<\/div>\n","protected":false},"excerpt":{"rendered":"<p>Un nuevo formato en la familia Cohiba es el Cohiba Novedosos, un Robusto Extra con una longitud de 156 mm. Este impresionante puro ofrece un sabor rico y terroso que dura de principio a fin. Elaborados con las mejores hojas de tabaco y hechos a mano por torcedores experimentados, los Cohiba Novedosos son una elecci\u00f3n [&hellip;]<\/p>\n","protected":false},"featured_media":12439,"comment_status":"open","ping_status":"closed","template":"","meta":{"_et_pb_use_builder":"","_et_pb_old_content":"","_et_gb_content_width":""},"product_brand":[],"product_cat":[271,270],"product_tag":[929,798,851,1125,1012,1098,1121,886,1117,1076,1122,1118,928,1032],"class_list":{"0":"post-12435","1":"product","2":"type-product","3":"status-publish","4":"has-post-thumbnail","6":"product_cat-cohiba-es","7":"product_cat-puros","8":"product_tag-cigarros-limitados","9":"product_tag-cohiba-es","10":"product_tag-cohiba-novedosos-es","11":"product_tag-habanos-es","12":"product_tag-puro-premium","13":"product_tag-puros","14":"product_tag-puros-anejos-cubanos","15":"product_tag-puros-antiguos","16":"product_tag-puros-cohiba","17":"product_tag-puros-cubanos","18":"product_tag-puros-cubanos-exclusivos","19":"product_tag-puros-habanos","20":"product_tag-puros-para-coleccionistas","21":"product_tag-puros-raros-es","23":"first","24":"instock","25":"shipping-taxable","26":"purchasable","27":"product-type-variable"},"aioseo_notices":[],"_links":{"self":[{"href":"https:\/\/smoke.ch\/es\/wp-json\/wp\/v2\/product\/12435","targetHints":{"allow":["GET"]}}],"collection":[{"href":"https:\/\/smoke.ch\/es\/wp-json\/wp\/v2\/product"}],"about":[{"href":"https:\/\/smoke.ch\/es\/wp-json\/wp\/v2\/types\/product"}],"replies":[{"embeddable":true,"href":"https:\/\/smoke.ch\/es\/wp-json\/wp\/v2\/comments?post=12435"}],"wp:featuredmedia":[{"embeddable":true,"href":"https:\/\/smoke.ch\/es\/wp-json\/wp\/v2\/media\/12439"}],"wp:attachment":[{"href":"https:\/\/smoke.ch\/es\/wp-json\/wp\/v2\/media?parent=12435"}],"wp:term":[{"taxonomy":"product_brand","embeddable":true,"href":"https:\/\/smoke.ch\/es\/wp-json\/wp\/v2\/product_brand?post=12435"},{"taxonomy":"product_cat","embeddable":true,"href":"https:\/\/smoke.ch\/es\/wp-json\/wp\/v2\/product_cat?post=12435"},{"taxonomy":"product_tag","embeddable":true,"href":"https:\/\/smoke.ch\/es\/wp-json\/wp\/v2\/product_tag?post=12435"}],"curies":[{"name":"wp","href":"https:\/\/api.w.org\/{rel}","templated":true}]}}