{"id":12467,"date":"2022-06-30T12:27:08","date_gmt":"2022-06-30T12:27:08","guid":{"rendered":"https:\/\/smoke.ch\/product\/ron-el-conde-de-santiago-25-anos\/"},"modified":"2025-04-16T12:44:39","modified_gmt":"2025-04-16T12:44:39","slug":"ron-el-conde-de-santiago-25-anos","status":"publish","type":"product","link":"https:\/\/smoke.ch\/es\/producto\/ron-el-conde-de-santiago-25-anos\/","title":{"rendered":"Ron El Conde de Santiago \u2013 25 a\u00f1os"},"content":{"rendered":"<p><a href=\"https:\/\/smoke.ch\/es\/categoria-producto\/espiritus\/el-conde-de-santiago-es-2\/\"><strong>El Conde de Santiago<\/strong><\/a> se destil\u00f3 en la d\u00e9cada de 1970 y se madur\u00f3 durante 25 a\u00f1os en barricas de roble fino, un largo proceso de envejecimiento que le confiere un incomparable sabor caribe\u00f1o. Su c\u00e1lido tono ambarino y su seductor aroma a caramelo, vainilla y flores tropicales son testimonio de la m\u00e1s alta calidad y artesan\u00eda.<br \/>\nEste raro ron, que es uno de los m\u00e1s antiguos y <a href=\"https:\/\/smoke.ch\/es\/categoria-producto\/espiritus\/\"><strong>licores m\u00e1s antiguos y preciados<\/strong><\/a> es el favorito de entendidos y coleccionistas por igual. No s\u00f3lo inspira el paladar, sino que tambi\u00e9n te lleva a un viaje aventurero al pasado caribe\u00f1o, a un lugar que anta\u00f1o encant\u00f3 a piratas, comerciantes y aventureros.<br \/>\n<a href=\"https:\/\/smoke.ch\/es\/categoria-producto\/puros\/el-conde-de-santiago-es\/\"><strong>El Conde de Santiago<\/strong><\/a> est\u00e1 reconocido en todo el mundo como un ron de primera clase y es una aut\u00e9ntica rareza. Se produjo originalmente para celebrar el 500 aniversario del descubrimiento de Am\u00e9rica. Las \u00faltimas existencias de este preciado espirituoso ya est\u00e1n disponibles en exclusiva en nuestra empresa.  <\/p>\n","protected":false},"excerpt":{"rendered":"<p>El Conde de Santiago se destil\u00f3 en la d\u00e9cada de 1970 y se madur\u00f3 durante 25 a\u00f1os en barricas de roble fino, un largo proceso de envejecimiento que le confiere un incomparable sabor caribe\u00f1o. Su c\u00e1lido tono ambarino y su seductor aroma a caramelo, vainilla y flores tropicales son testimonio de la m\u00e1s alta calidad [&hellip;]<\/p>\n","protected":false},"featured_media":12472,"comment_status":"open","ping_status":"closed","template":"","meta":{"_et_pb_use_builder":"","_et_pb_old_content":"","_et_gb_content_width":""},"product_brand":[],"product_cat":[285,282],"product_tag":[853,1339,1308,1347,855,1338,1309],"class_list":{"0":"post-12467","1":"product","2":"type-product","3":"status-publish","4":"has-post-thumbnail","6":"product_cat-el-conde-de-santiago-es-2","7":"product_cat-espiritus","8":"product_tag-ron","9":"product_tag-ron-anejo","10":"product_tag-ron-cubano","11":"product_tag-ron-de-25-anos","12":"product_tag-ron-el-conde-de-santiago","13":"product_tag-ron-raro","14":"product_tag-ron-viejo","16":"first","17":"instock","18":"shipping-taxable","19":"purchasable","20":"product-type-simple"},"aioseo_notices":[],"_links":{"self":[{"href":"https:\/\/smoke.ch\/es\/wp-json\/wp\/v2\/product\/12467","targetHints":{"allow":["GET"]}}],"collection":[{"href":"https:\/\/smoke.ch\/es\/wp-json\/wp\/v2\/product"}],"about":[{"href":"https:\/\/smoke.ch\/es\/wp-json\/wp\/v2\/types\/product"}],"replies":[{"embeddable":true,"href":"https:\/\/smoke.ch\/es\/wp-json\/wp\/v2\/comments?post=12467"}],"wp:featuredmedia":[{"embeddable":true,"href":"https:\/\/smoke.ch\/es\/wp-json\/wp\/v2\/media\/12472"}],"wp:attachment":[{"href":"https:\/\/smoke.ch\/es\/wp-json\/wp\/v2\/media?parent=12467"}],"wp:term":[{"taxonomy":"product_brand","embeddable":true,"href":"https:\/\/smoke.ch\/es\/wp-json\/wp\/v2\/product_brand?post=12467"},{"taxonomy":"product_cat","embeddable":true,"href":"https:\/\/smoke.ch\/es\/wp-json\/wp\/v2\/product_cat?post=12467"},{"taxonomy":"product_tag","embeddable":true,"href":"https:\/\/smoke.ch\/es\/wp-json\/wp\/v2\/product_tag?post=12467"}],"curies":[{"name":"wp","href":"https:\/\/api.w.org\/{rel}","templated":true}]}}