{"id":12493,"date":"2022-06-30T12:24:00","date_gmt":"2022-06-30T12:24:00","guid":{"rendered":"https:\/\/smoke.ch\/product\/romeo-y-julieta-puritos\/"},"modified":"2025-04-16T12:31:01","modified_gmt":"2025-04-16T12:31:01","slug":"romeo-y-julieta-puritos","status":"publish","type":"product","link":"https:\/\/smoke.ch\/es\/producto\/romeo-y-julieta-puritos\/","title":{"rendered":"Romeo y Julieta Puritos"},"content":{"rendered":"<div id=\"main-content\">\n<div id=\"et-boc\" class=\"et-boc\">\n<div class=\"et-l et-l--body\">\n<div class=\"et_builder_inner_content et_pb_gutters3 product\">\n<div class=\"et_pb_section et_pb_section_0_tb_body et_section_regular\">\n<div class=\"et_pb_row et_pb_row_2_tb_body\">\n<div class=\"et_pb_column et_pb_column_4_4 et_pb_column_3_tb_body et_pb_css_mix_blend_mode_passthrough et-last-child\">\n<div class=\"et_pb_module et_pb_wc_tabs et_pb_wc_tabs_0_tb_body et_pb_tabs \">\n<div class=\"et_pb_all_tabs\">\n<div class=\"et_pb_tab clearfix et_pb_active_content et-pb-active-slide\">\n<div class=\"et_pb_tab_content\">\n<p>Cuando se trata de marcas de puros de alta calidad <a href=\"https:\/\/smoke.ch\/es\/categoria-producto\/puros\/romeo-y-julieta-es\/\"><br \/>\n  <strong>Romeo y Julieta<\/strong><br \/>\n<\/a> es sin duda una de las marcas m\u00e1s conocidas y renombradas. Los Romeo y Julieta Puritos tambi\u00e9n son una elecci\u00f3n perfecta para los amantes de los puros que buscan un puro peque\u00f1o pero sabroso para disfrutar sobre la marcha.<\/p>\n<p>Elaborados con una mezcla cuidadosamente seleccionada de tabaco de la regi\u00f3n de Vuelta Abajo, conocida por su sabor \u00fanico y su rica textura, estos puros hechos a m\u00e1quina ofrecen un sabor \u00fanico. <a href=\"https:\/\/smoke.ch\/es\/categoria-producto\/puros\/\"><br \/>\n  <strong>puros<\/strong><br \/>\n<\/a> ofrecen el mismo sabor y aroma que sus hom\u00f3logos m\u00e1s grandes, pero en un tama\u00f1o manejable y pr\u00e1ctico.<\/p>\n<p>Los Puritos Romeo y Julieta de <a href=\"https:\/\/www.habanos.com\/en\/\"><br \/>\n  <strong>Habanos<\/strong><br \/>\n<\/a> S.A. son perfectos para fumar entre horas cuando no tienes mucho tiempo o simplemente quieres tomarte un breve descanso. Son ideales tanto para principiantes como para fumadores experimentados y ofrecen un sabor equilibrado y una experiencia de fumada agradable.<\/p>\n<p>Si buscas un puro \u00fanico para disfrutar sobre la marcha, <strong>los Romeo y Julieta Puritos<\/strong> son la elecci\u00f3n perfecta. Cada caja contiene cinco Puritos de 2012, que est\u00e1n perfectamente madurados y ofrecen una experiencia de fumada inolvidable. \u00a1Atr\u00e9vete a probar estos puros hoy mismo y experimenta el sabor y aroma \u00fanicos de Romeo y Julieta!<\/p>\n<\/div>\n<\/div>\n<\/div>\n<\/div>\n<\/div>\n<\/div>\n<\/div>\n<\/div>\n<\/div>\n<\/div>\n<\/div>\n","protected":false},"excerpt":{"rendered":"<p>Cuando se trata de marcas de puros de alta calidad Romeo y Julieta es sin duda una de las marcas m\u00e1s conocidas y renombradas. Los Romeo y Julieta Puritos tambi\u00e9n son una elecci\u00f3n perfecta para los amantes de los puros que buscan un puro peque\u00f1o pero sabroso para disfrutar sobre la marcha. Elaborados con una [&hellip;]<\/p>\n","protected":false},"featured_media":12495,"comment_status":"open","ping_status":"closed","template":"","meta":{"_et_pb_use_builder":"","_et_pb_old_content":"","_et_gb_content_width":""},"product_brand":[],"product_cat":[270,272],"product_tag":[1324,1323,1125,1317,1012,1098,1076,1118,294,858],"class_list":{"0":"post-12493","1":"product","2":"type-product","3":"status-publish","4":"has-post-thumbnail","6":"product_cat-puros","7":"product_cat-romeo-y-julieta-es","8":"product_tag-cigarrillos","9":"product_tag-cigarrillos-cubanos","10":"product_tag-habanos-es","11":"product_tag-puritos-es","12":"product_tag-puro-premium","13":"product_tag-puros","14":"product_tag-puros-cubanos","15":"product_tag-puros-habanos","16":"product_tag-romeo-y-julieta-es","17":"product_tag-romeo-y-julieta-puritos-es","19":"first","20":"instock","21":"shipping-taxable","22":"purchasable","23":"product-type-simple"},"aioseo_notices":[],"_links":{"self":[{"href":"https:\/\/smoke.ch\/es\/wp-json\/wp\/v2\/product\/12493","targetHints":{"allow":["GET"]}}],"collection":[{"href":"https:\/\/smoke.ch\/es\/wp-json\/wp\/v2\/product"}],"about":[{"href":"https:\/\/smoke.ch\/es\/wp-json\/wp\/v2\/types\/product"}],"replies":[{"embeddable":true,"href":"https:\/\/smoke.ch\/es\/wp-json\/wp\/v2\/comments?post=12493"}],"wp:featuredmedia":[{"embeddable":true,"href":"https:\/\/smoke.ch\/es\/wp-json\/wp\/v2\/media\/12495"}],"wp:attachment":[{"href":"https:\/\/smoke.ch\/es\/wp-json\/wp\/v2\/media?parent=12493"}],"wp:term":[{"taxonomy":"product_brand","embeddable":true,"href":"https:\/\/smoke.ch\/es\/wp-json\/wp\/v2\/product_brand?post=12493"},{"taxonomy":"product_cat","embeddable":true,"href":"https:\/\/smoke.ch\/es\/wp-json\/wp\/v2\/product_cat?post=12493"},{"taxonomy":"product_tag","embeddable":true,"href":"https:\/\/smoke.ch\/es\/wp-json\/wp\/v2\/product_tag?post=12493"}],"curies":[{"name":"wp","href":"https:\/\/api.w.org\/{rel}","templated":true}]}}