{"id":12500,"date":"2022-07-09T14:19:13","date_gmt":"2022-07-09T14:19:13","guid":{"rendered":"https:\/\/smoke.ch\/product\/ginebra-burberrys\/"},"modified":"2025-04-16T09:43:42","modified_gmt":"2025-04-16T09:43:42","slug":"ginebra-burberrys","status":"publish","type":"product","link":"https:\/\/smoke.ch\/es\/producto\/ginebra-burberrys\/","title":{"rendered":"Ginebra Burberrys"},"content":{"rendered":"<p><a href=\"https:\/\/smoke.ch\/es\/categoria-producto\/espiritus\/burberrys-es\/\"><strong>Burberrys<\/strong><\/a> Ginebra \u2013 car\u00e1cter brit\u00e1nico en su forma m\u00e1s fina<br \/>\nBurberrys Gin es sin\u00f3nimo de elegancia atemporal, artesan\u00eda tradicional y sabores finamente equilibrados: una verdadera declaraci\u00f3n del arte brit\u00e1nico de la destilaci\u00f3n. Inspirada en la tradici\u00f3n de la ginebra cl\u00e1sica de Inglaterra, Burberrys Gin combina productos bot\u00e1nicos de alta calidad con una interpretaci\u00f3n moderna del estilo London Dry Gin.<br \/>\nLa composici\u00f3n clara y equilibrada de enebro, c\u00edtricos, cilantro, ra\u00edz de ang\u00e9lica y un toque de lavanda da a esta ginebra su sabor inconfundible: fresco, arom\u00e1tico y con un final agradablemente seco. Ya sea pura con hielo, en un gin &amp; tonic cl\u00e1sico o como base de c\u00f3cteles sofisticados: <a href=\"https:\/\/smoke.ch\/es\/categoria-producto\/espiritus\/burberrys-es\/\"><strong>La ginebra Burberry impresiona por su calidad<\/strong><\/a>estilo y sustancia.<br \/>\nEmbotellada en una botella de elegante dise\u00f1o, la ginebra Burberry no s\u00f3lo refleja el sabor, sino tambi\u00e9n el inconfundible estilo brit\u00e1nico: sutil, de gran calidad y lleno de car\u00e1cter.<br \/>\nUna ginebra para entendidos, y para todos los que quieran llegar a serlo.  <\/p>\n","protected":false},"excerpt":{"rendered":"<p>Burberrys Ginebra \u2013 car\u00e1cter brit\u00e1nico en su forma m\u00e1s fina Burberrys Gin es sin\u00f3nimo de elegancia atemporal, artesan\u00eda tradicional y sabores finamente equilibrados: una verdadera declaraci\u00f3n del arte brit\u00e1nico de la destilaci\u00f3n. Inspirada en la tradici\u00f3n de la ginebra cl\u00e1sica de Inglaterra, Burberrys Gin combina productos bot\u00e1nicos de alta calidad con una interpretaci\u00f3n moderna del [&hellip;]<\/p>\n","protected":false},"featured_media":12505,"comment_status":"open","ping_status":"closed","template":"","meta":{"_et_pb_use_builder":"off","_et_pb_old_content":"<div class=\"group w-full text-gray-800 dark:text-gray-100 border-b border-black\/10 dark:border-gray-900\/50 bg-gray-50 dark:bg-[#444654]\">\n<div class=\"text-base gap-4 md:gap-6 md:max-w-2xl lg:max-w-xl xl:max-w-3xl p-4 md:py-6 flex lg:px-0 m-auto\">\n<div class=\"relative flex w-[calc(100%-50px)] flex-col gap-1 md:gap-3 lg:w-[calc(100%-115px)]\">\n<div class=\"flex flex-grow flex-col gap-3\">\n<div class=\"min-h-[20px] flex flex-col items-start gap-4 whitespace-pre-wrap\">\n<div class=\"markdown prose w-full break-words dark:prose-invert light\">\n\nDescubre la rareza de los <a href=\"https:\/\/smoke.ch\/product-category\/spirituosen\/burberrys\/\">\n  <strong>Burberrys<\/strong>\n<\/a> hecha a mano y basada en muchos a\u00f1os de experiencia y artesan\u00eda. \nAunque ya no se produce, ofrecemos esta rareza \u00fanica en cantidades limitadas. No lo dudes m\u00e1s y haz tu pedido ahora para experimentar un extraordinario placer con la ginebra!\n\n<\/div>\n<\/div>\n<\/div>\n<\/div>\n<\/div>\n<\/div>","_et_gb_content_width":""},"product_brand":[],"product_cat":[283,282],"product_tag":[863,1272,864,1284,1287,1288,1286,1285,1283,1268,1265],"class_list":{"0":"post-12500","1":"product","2":"type-product","3":"status-publish","4":"has-post-thumbnail","6":"product_cat-burberrys-es","7":"product_cat-espiritus","8":"product_tag-burberrys-es","9":"product_tag-ginebra","10":"product_tag-ginebra-burberrys","11":"product_tag-ginebra-exclusiva","12":"product_tag-ginebra-para-coleccionistas","13":"product_tag-ginebra-para-entendidos","14":"product_tag-ginebra-premium","15":"product_tag-ginebra-rara","16":"product_tag-ginebra-seca","17":"product_tag-productos-burberry","18":"product_tag-whisky-burberrys-es","20":"first","21":"instock","22":"shipping-taxable","23":"purchasable","24":"product-type-simple"},"aioseo_notices":[],"_links":{"self":[{"href":"https:\/\/smoke.ch\/es\/wp-json\/wp\/v2\/product\/12500","targetHints":{"allow":["GET"]}}],"collection":[{"href":"https:\/\/smoke.ch\/es\/wp-json\/wp\/v2\/product"}],"about":[{"href":"https:\/\/smoke.ch\/es\/wp-json\/wp\/v2\/types\/product"}],"replies":[{"embeddable":true,"href":"https:\/\/smoke.ch\/es\/wp-json\/wp\/v2\/comments?post=12500"}],"wp:featuredmedia":[{"embeddable":true,"href":"https:\/\/smoke.ch\/es\/wp-json\/wp\/v2\/media\/12505"}],"wp:attachment":[{"href":"https:\/\/smoke.ch\/es\/wp-json\/wp\/v2\/media?parent=12500"}],"wp:term":[{"taxonomy":"product_brand","embeddable":true,"href":"https:\/\/smoke.ch\/es\/wp-json\/wp\/v2\/product_brand?post=12500"},{"taxonomy":"product_cat","embeddable":true,"href":"https:\/\/smoke.ch\/es\/wp-json\/wp\/v2\/product_cat?post=12500"},{"taxonomy":"product_tag","embeddable":true,"href":"https:\/\/smoke.ch\/es\/wp-json\/wp\/v2\/product_tag?post=12500"}],"curies":[{"name":"wp","href":"https:\/\/api.w.org\/{rel}","templated":true}]}}