{"id":12509,"date":"2022-06-30T09:41:35","date_gmt":"2022-06-30T09:41:35","guid":{"rendered":"https:\/\/smoke.ch\/product\/montecristo-tarro-del-milenio-2000\/"},"modified":"2025-04-16T12:35:09","modified_gmt":"2025-04-16T12:35:09","slug":"montecristo-tarro-del-milenio-2000","status":"publish","type":"product","link":"https:\/\/smoke.ch\/es\/producto\/montecristo-tarro-del-milenio-2000\/","title":{"rendered":"Montecristo Tarro del Milenio \u2013 2000"},"content":{"rendered":"<div class=\"flex-1 overflow-hidden\">\n<div class=\"react-scroll-to-bottom--css-pusiv-79elbk h-full dark:bg-gray-800\">\n<div class=\"react-scroll-to-bottom--css-pusiv-1n7m0yu\">\n<div class=\"flex flex-col text-sm dark:bg-gray-800\">\n<div class=\"group w-full text-gray-800 dark:text-gray-100 border-b border-black\/10 dark:border-gray-900\/50 bg-gray-50 dark:bg-[#444654]\">\n<div class=\"flex p-4 gap-4 text-base md:gap-6 md:max-w-2xl lg:max-w-[38rem] xl:max-w-3xl md:py-6 lg:px-0 m-auto\">\n<div class=\"relative flex w-[calc(100%-50px)] flex-col gap-1 md:gap-3 lg:w-[calc(100%-115px)]\">\n<div class=\"flex flex-grow flex-col gap-3\">\n<div class=\"min-h-[20px] flex items-start overflow-x-auto whitespace-pre-wrap break-words flex-col gap-4\">\n<div class=\"markdown prose w-full break-words dark:prose-invert light\">\n<p>El <strong>tarro<a href=\"https:\/\/smoke.ch\/es\/categoria-producto\/puros\/montecristo-es\/\">Montecristo<\/a> Millennium<\/strong> es una creaci\u00f3n exclusiva de <a href=\"https:\/\/www.habanos.com\/en\/\"><br \/>\n  <strong>Habanos<\/strong><br \/>\n<\/a> S.A., una pieza de coleccionista \u00fanica para todo amante de los puros. Para conmemorar el milenio en el a\u00f1o 2000, Habanos fabric\u00f3 tres tarros de cer\u00e1mica diferentes. Entre estos tarros especiales, este en concreto contiene 25 <strong>Montecristo Robustos<\/strong> hechos a mano que se produjeron y almacenaron cuidadosamente en 1999.<\/p>\n<p>El Tarro Montecristo Millennium no es s\u00f3lo un exquisito objeto de coleccionista, sino tambi\u00e9n una experiencia inolvidable con los puros. Los Robustos Montecristo son conocidos por su rico sabor y complejidad, por lo que ofrecen una experiencia de fumada incomparable. Cada calada de este <a href=\"https:\/\/smoke.ch\/es\/categoria-producto\/puros\/\"><br \/>\n  <strong>puro<\/strong><br \/>\n<\/a> es un placer para los sentidos.<\/p>\n<p>Adem\u00e1s, este Tarro Montecristo es perfecto para los amantes de los puros que quieran ampliar su colecci\u00f3n o busquen un regalo \u00fanico para alguien que aprecie el buen disfrute. \u00a1No lo dudes m\u00e1s y pide hoy mismo el Tarro Montecristo Millennium para disfrutar de uno de los mejores puros del mundo en una impresionante pieza de coleccionista!<\/p>\n<\/div>\n<\/div>\n<\/div>\n<div class=\"flex justify-between lg:block\">\n<div class=\"text-gray-400 flex self-end lg:self-center justify-center mt-2 gap-2 md:gap-3 lg:gap-1 lg:absolute lg:top-0 lg:translate-x-full lg:right-0 lg:mt-0 lg:pl-2 visible\">\n<p>&nbsp;<\/p>\n<div class=\"flex gap-1\"><\/div>\n<\/div>\n<\/div>\n<\/div>\n<\/div>\n<\/div>\n<div class=\"h-32 md:h-48 flex-shrink-0\"><\/div>\n<p>&nbsp;<\/p>\n<\/div>\n<\/div>\n<\/div>\n<\/div>\n<div class=\"absolute bottom-0 left-0 w-full border-t md:border-t-0 dark:border-white\/20 md:border-transparent md:dark:border-transparent md:bg-vert-light-gradient bg-white dark:bg-gray-800 md:!bg-transparent dark:md:bg-vert-dark-gradient pt-2 md:pl-2 md:w-[calc(100%-.5rem)]\">\n<form class=\"stretch mx-2 flex flex-row gap-3 last:mb-2 md:mx-4 md:last:mb-6 lg:mx-auto lg:max-w-2xl xl:max-w-3xl\">\n<div class=\"relative flex h-full flex-1 items-stretch md:flex-col\" role=\"presentation\">\n<div>\n<div class=\"h-full flex ml-1 md:w-full md:m-auto md:mb-4 gap-0 md:gap-2 justify-center\"><\/div>\n<\/div>\n<\/div>\n<\/form>\n<\/div>\n","protected":false},"excerpt":{"rendered":"<p>El tarroMontecristo Millennium es una creaci\u00f3n exclusiva de Habanos S.A., una pieza de coleccionista \u00fanica para todo amante de los puros. Para conmemorar el milenio en el a\u00f1o 2000, Habanos fabric\u00f3 tres tarros de cer\u00e1mica diferentes. Entre estos tarros especiales, este en concreto contiene 25 Montecristo Robustos hechos a mano que se produjeron y almacenaron [&hellip;]<\/p>\n","protected":false},"featured_media":12511,"comment_status":"open","ping_status":"closed","template":"","meta":{"_et_pb_use_builder":"","_et_pb_old_content":"","_et_gb_content_width":""},"product_brand":[],"product_cat":[277,270],"product_tag":[929,1125,865,1012,1098,1121,886,1076,1122,1118,928,1032,866],"class_list":{"0":"post-12509","1":"product","2":"type-product","3":"status-publish","4":"has-post-thumbnail","6":"product_cat-montecristo-es","7":"product_cat-puros","8":"product_tag-cigarros-limitados","9":"product_tag-habanos-es","10":"product_tag-montecristo-es","11":"product_tag-puro-premium","12":"product_tag-puros","13":"product_tag-puros-anejos-cubanos","14":"product_tag-puros-antiguos","15":"product_tag-puros-cubanos","16":"product_tag-puros-cubanos-exclusivos","17":"product_tag-puros-habanos","18":"product_tag-puros-para-coleccionistas","19":"product_tag-puros-raros-es","20":"product_tag-tarro-montecristo-millennium","22":"first","23":"instock","24":"shipping-taxable","25":"purchasable","26":"product-type-variable"},"aioseo_notices":[],"_links":{"self":[{"href":"https:\/\/smoke.ch\/es\/wp-json\/wp\/v2\/product\/12509","targetHints":{"allow":["GET"]}}],"collection":[{"href":"https:\/\/smoke.ch\/es\/wp-json\/wp\/v2\/product"}],"about":[{"href":"https:\/\/smoke.ch\/es\/wp-json\/wp\/v2\/types\/product"}],"replies":[{"embeddable":true,"href":"https:\/\/smoke.ch\/es\/wp-json\/wp\/v2\/comments?post=12509"}],"wp:featuredmedia":[{"embeddable":true,"href":"https:\/\/smoke.ch\/es\/wp-json\/wp\/v2\/media\/12511"}],"wp:attachment":[{"href":"https:\/\/smoke.ch\/es\/wp-json\/wp\/v2\/media?parent=12509"}],"wp:term":[{"taxonomy":"product_brand","embeddable":true,"href":"https:\/\/smoke.ch\/es\/wp-json\/wp\/v2\/product_brand?post=12509"},{"taxonomy":"product_cat","embeddable":true,"href":"https:\/\/smoke.ch\/es\/wp-json\/wp\/v2\/product_cat?post=12509"},{"taxonomy":"product_tag","embeddable":true,"href":"https:\/\/smoke.ch\/es\/wp-json\/wp\/v2\/product_tag?post=12509"}],"curies":[{"name":"wp","href":"https:\/\/api.w.org\/{rel}","templated":true}]}}