{"id":12545,"date":"2022-06-30T09:05:51","date_gmt":"2022-06-30T09:05:51","guid":{"rendered":"https:\/\/smoke.ch\/product\/cohiba-bhk-behike-56-2020-2022\/"},"modified":"2025-10-01T08:32:04","modified_gmt":"2025-10-01T08:32:04","slug":"cohiba-bhk-behike-56-2020-2022","status":"publish","type":"product","link":"https:\/\/smoke.ch\/es\/producto\/cohiba-bhk-behike-56-2020-2022\/","title":{"rendered":"Cohiba BHK Behike 56 \u2013 2022\/2023"},"content":{"rendered":"<p>El <a href=\"https:\/\/smoke.ch\/es\/product-category\/puros\/cohiba-es\/\"><strong>Cohiba Behike<\/strong><\/a> es uno de los puros m\u00e1s exclusivos que ofrece Cuba. Lo primero que llama la atenci\u00f3n es su excepcional calidad, ya que se elabora exclusivamente con los mejores tabacos de la regi\u00f3n de Vuelta Abajo. Destaca especialmente el uso de las raras hojas de Medio Tiempo. \u00c9stas no s\u00f3lo confieren al puro un sabor intenso, sino tambi\u00e9n una fortaleza \u00fanica e insuperable.<\/p>\n<p>Al fumarlo, se despliega un perfil de sabor armonioso. Al principio, se aprecian matices cremosos y ligeramente dulces. A continuaci\u00f3n, se desarrollan gradualmente notas de caf\u00e9, madera y especias finas, que redondean maravillosamente el perfil de sabor. Por \u00faltimo, el final suave garantiza un final agradable.<\/p>\n<p>El Cohiba Behike tambi\u00e9n impresiona por su variedad de formatos. La serie ofrece tres tama\u00f1os: <strong>BHK 52, BHK 54 y <a href=\"https:\/\/smoke.ch\/es\/producto\/cohiba-bhk-behike-56-cosecha-2012\/\">BHK 56<\/a><\/strong>. Aunque difieren en longitud y duraci\u00f3n de fumada, todos los formatos garantizan la misma calidad sobresaliente. La elaboraci\u00f3n tambi\u00e9n impresiona por su perfecci\u00f3n. La hoja de la envoltura es impecable, la calada agradable y la combusti\u00f3n siempre uniforme.<\/p>\n<p>Por \u00faltimo, pero no por ello menos importante, el lujoso envoltorio subraya la exclusividad del Cohiba Behike. <a href=\"https:\/\/smoke.ch\/es\/product-category\/puros\/\"><strong>Cada puro<\/strong><\/a> se presenta en elegantes cajas de madera que completan la experiencia premium. Como la producci\u00f3n es estrictamente limitada, estos puros no s\u00f3lo son un placer para fumar, sino tambi\u00e9n un codiciado objeto de coleccionista.<\/p>\n<p>En resumen, el Cohiba Behike es la elecci\u00f3n perfecta para los aficionados m\u00e1s exigentes. Gracias a su excepcional calidad, incomparable sabor y elegante presentaci\u00f3n, es sin\u00f3nimo del arte cubano del puro de<a href=\"https:\/\/www.habanos.com\/en\/\"><strong> Habanos S.A.<\/strong><\/a> al m\u00e1s alto nivel. \u00a1Prueba el Cohiba Behike y sum\u00e9rgete en un mundo de puro lujo!<\/p>\n","protected":false},"excerpt":{"rendered":"<p>El Cohiba Behike es uno de los puros m\u00e1s exclusivos que ofrece Cuba. Lo primero que llama la atenci\u00f3n es su excepcional calidad, ya que se elabora exclusivamente con los mejores tabacos de la regi\u00f3n de Vuelta Abajo. Destaca especialmente el uso de las raras hojas de Medio Tiempo. \u00c9stas no s\u00f3lo confieren al puro [&hellip;]<\/p>\n","protected":false},"featured_media":12548,"comment_status":"open","ping_status":"closed","template":"","meta":{"_et_pb_use_builder":"","_et_pb_old_content":"","_et_gb_content_width":""},"product_brand":[],"product_cat":[271,270],"product_tag":[929,798,288,870,873,1128,1125,1012,1098,1121,886,1076,1122,1118,928,1030,1032],"class_list":{"0":"post-12545","1":"product","2":"type-product","3":"status-publish","4":"has-post-thumbnail","6":"product_cat-cohiba-es","7":"product_cat-puros","8":"product_tag-cigarros-limitados","9":"product_tag-cohiba-es","10":"product_tag-cohiba-behike-es","11":"product_tag-cohiba-bhk-es","12":"product_tag-cohiba-bhk-56-es","13":"product_tag-cohiba-bhk56-es","14":"product_tag-habanos-es","15":"product_tag-puro-premium","16":"product_tag-puros","17":"product_tag-puros-anejos-cubanos","18":"product_tag-puros-antiguos","19":"product_tag-puros-cubanos","20":"product_tag-puros-cubanos-exclusivos","21":"product_tag-puros-habanos","22":"product_tag-puros-para-coleccionistas","23":"product_tag-puros-raros","24":"product_tag-puros-raros-es","26":"first","27":"instock","28":"shipping-taxable","29":"purchasable","30":"product-type-variable"},"aioseo_notices":[],"_links":{"self":[{"href":"https:\/\/smoke.ch\/es\/wp-json\/wp\/v2\/product\/12545","targetHints":{"allow":["GET"]}}],"collection":[{"href":"https:\/\/smoke.ch\/es\/wp-json\/wp\/v2\/product"}],"about":[{"href":"https:\/\/smoke.ch\/es\/wp-json\/wp\/v2\/types\/product"}],"replies":[{"embeddable":true,"href":"https:\/\/smoke.ch\/es\/wp-json\/wp\/v2\/comments?post=12545"}],"wp:featuredmedia":[{"embeddable":true,"href":"https:\/\/smoke.ch\/es\/wp-json\/wp\/v2\/media\/12548"}],"wp:attachment":[{"href":"https:\/\/smoke.ch\/es\/wp-json\/wp\/v2\/media?parent=12545"}],"wp:term":[{"taxonomy":"product_brand","embeddable":true,"href":"https:\/\/smoke.ch\/es\/wp-json\/wp\/v2\/product_brand?post=12545"},{"taxonomy":"product_cat","embeddable":true,"href":"https:\/\/smoke.ch\/es\/wp-json\/wp\/v2\/product_cat?post=12545"},{"taxonomy":"product_tag","embeddable":true,"href":"https:\/\/smoke.ch\/es\/wp-json\/wp\/v2\/product_tag?post=12545"}],"curies":[{"name":"wp","href":"https:\/\/api.w.org\/{rel}","templated":true}]}}