{"id":12566,"date":"2022-03-30T19:56:58","date_gmt":"2022-03-30T19:56:58","guid":{"rendered":"https:\/\/smoke.ch\/product\/cohiba-55-aniversario-edicion-limitada-2021-victoria\/"},"modified":"2025-03-19T11:22:56","modified_gmt":"2025-03-19T11:22:56","slug":"cohiba-55-aniversario-edicion-limitada-2021-victoria","status":"publish","type":"product","link":"https:\/\/smoke.ch\/es\/producto\/cohiba-55-aniversario-edicion-limitada-2021-victoria\/","title":{"rendered":"Cohiba 55 Aniversario Edici\u00f3n Limitada 2021 \u2013 Victoria"},"content":{"rendered":"<p>El <strong><a href=\"https:\/\/smoke.ch\/es\/categoria-producto\/puros\/cohiba-es\/\">Cohiba<\/a> 55 Aniversario Edici\u00f3n Limitada 2021<\/strong> es una creaci\u00f3n exclusiva para conmemorar el 55 aniversario de la marca de puros Cohiba de <a href=\"https:\/\/www.habanos.com\/en\/\"><br \/>\n  <strong>Habanos<\/strong><br \/>\n<\/a> S.A. Con un calibre de 57 y una longitud de 150 mm, es uno de los formatos m\u00e1s gruesos. El puro tambi\u00e9n se presentar\u00e1 en un nuevo formato llamado \u00abVictoria\u00bb. Este puro s\u00f3lo est\u00e1 disponible en cantidades limitadas y se presenta en una exclusiva caja de madera de 10 piezas. Por supuesto, te ofrecemos estos finos<strong> <a href=\"https:\/\/smoke.ch\/es\/categoria-producto\/puros\/\">puros<\/a><\/strong> tambi\u00e9n disponibles individualmente.<\/p>\n<p>Como todos los Cohibas, las hojas utilizadas en la elaboraci\u00f3n del Cohiba 55 Aniversario Edici\u00f3n Limitada 2021 se someten a una tercera fermentaci\u00f3n adicional en barricas de madera. Gracias a este tratamiento especial, los puros de la marca Cohiba tienen un sabor incomparable. El puro tiene un sabor que no se encuentra en ninguna otra marca de puros. Adem\u00e1s del cl\u00e1sico grabado \u00abEdici\u00f3n Limitada 2021\u00bb y la banda de la marca Cohiba, el 55 Aniversario viene ahora con una banda de pie con el logotipo del 55 aniversario de la marca Cohiba.<\/p>\n<p>Esta <strong>edici\u00f3n limitada<\/strong> s\u00f3lo se fabricar\u00e1 por poco tiempo. Consigue ya una caja para tu humidor <strong><br \/>\n  <a href=\"https:\/\/smoke.ch\/es\/categoria-producto\/humidificadores\/\">humidor<\/a><br \/>\n<\/strong>.<\/p>\n","protected":false},"excerpt":{"rendered":"<p>El Cohiba 55 Aniversario Edici\u00f3n Limitada 2021 es una creaci\u00f3n exclusiva para conmemorar el 55 aniversario de la marca de puros Cohiba de Habanos S.A. Con un calibre de 57 y una longitud de 150 mm, es uno de los formatos m\u00e1s gruesos. El puro tambi\u00e9n se presentar\u00e1 en un nuevo formato llamado \u00abVictoria\u00bb. Este [&hellip;]<\/p>\n","protected":false},"featured_media":12568,"comment_status":"open","ping_status":"closed","template":"","meta":{"_et_pb_use_builder":"","_et_pb_old_content":"","_et_gb_content_width":""},"product_brand":[],"product_cat":[271,270],"product_tag":[929,798,1054,846,1055,875,1125,1012,1098,1121,886,1117,1076,1122,1118,928,1032],"class_list":{"0":"post-12566","1":"product","2":"type-product","3":"status-publish","4":"has-post-thumbnail","6":"product_cat-cohiba-es","7":"product_cat-puros","8":"product_tag-cigarros-limitados","9":"product_tag-cohiba-es","10":"product_tag-cohiba-55-es","11":"product_tag-cohiba-55-aniversario","12":"product_tag-cohiba-55-aniversario-es","13":"product_tag-cohiba-55-aniversario-edicion-limitada-es","14":"product_tag-habanos-es","15":"product_tag-puro-premium","16":"product_tag-puros","17":"product_tag-puros-anejos-cubanos","18":"product_tag-puros-antiguos","19":"product_tag-puros-cohiba","20":"product_tag-puros-cubanos","21":"product_tag-puros-cubanos-exclusivos","22":"product_tag-puros-habanos","23":"product_tag-puros-para-coleccionistas","24":"product_tag-puros-raros-es","26":"first","27":"instock","28":"shipping-taxable","29":"purchasable","30":"product-type-variable"},"aioseo_notices":[],"_links":{"self":[{"href":"https:\/\/smoke.ch\/es\/wp-json\/wp\/v2\/product\/12566","targetHints":{"allow":["GET"]}}],"collection":[{"href":"https:\/\/smoke.ch\/es\/wp-json\/wp\/v2\/product"}],"about":[{"href":"https:\/\/smoke.ch\/es\/wp-json\/wp\/v2\/types\/product"}],"replies":[{"embeddable":true,"href":"https:\/\/smoke.ch\/es\/wp-json\/wp\/v2\/comments?post=12566"}],"wp:featuredmedia":[{"embeddable":true,"href":"https:\/\/smoke.ch\/es\/wp-json\/wp\/v2\/media\/12568"}],"wp:attachment":[{"href":"https:\/\/smoke.ch\/es\/wp-json\/wp\/v2\/media?parent=12566"}],"wp:term":[{"taxonomy":"product_brand","embeddable":true,"href":"https:\/\/smoke.ch\/es\/wp-json\/wp\/v2\/product_brand?post=12566"},{"taxonomy":"product_cat","embeddable":true,"href":"https:\/\/smoke.ch\/es\/wp-json\/wp\/v2\/product_cat?post=12566"},{"taxonomy":"product_tag","embeddable":true,"href":"https:\/\/smoke.ch\/es\/wp-json\/wp\/v2\/product_tag?post=12566"}],"curies":[{"name":"wp","href":"https:\/\/api.w.org\/{rel}","templated":true}]}}