{"id":12604,"date":"2022-03-30T19:56:58","date_gmt":"2022-03-30T19:56:58","guid":{"rendered":"https:\/\/smoke.ch\/product\/partagas-155-aniversario-humidor-salomones-puro-individual\/"},"modified":"2026-01-31T15:21:58","modified_gmt":"2026-01-31T15:21:58","slug":"partagas-155-aniversario-humidor-salomones-puro-individual","status":"publish","type":"product","link":"https:\/\/smoke.ch\/es\/producto\/partagas-155-aniversario-humidor-salomones-puro-individual\/","title":{"rendered":"Partagas 155 Aniversario Humidor \u2013 Salomones \u2013 Puro individual"},"content":{"rendered":"<div class=\"flex-1 overflow-hidden\">\n<div class=\"react-scroll-to-bottom--css-pusiv-79elbk h-full dark:bg-gray-800\">\n<div class=\"react-scroll-to-bottom--css-pusiv-1n7m0yu\">\n<div class=\"flex flex-col text-sm dark:bg-gray-800\">\n<div class=\"group w-full text-gray-800 dark:text-gray-100 border-b border-black\/10 dark:border-gray-900\/50 bg-gray-50 dark:bg-[#444654]\">\n<div class=\"flex p-4 gap-4 text-base md:gap-6 md:max-w-2xl lg:max-w-[38rem] xl:max-w-3xl md:py-6 lg:px-0 m-auto\">\n<div class=\"relative flex w-[calc(100%-50px)] flex-col gap-1 md:gap-3 lg:w-[calc(100%-115px)]\">\n<div class=\"flex flex-grow flex-col gap-3\">\n<div class=\"min-h-[20px] flex items-start overflow-x-auto whitespace-pre-wrap break-words flex-col gap-4\">\n<div class=\"markdown prose w-full break-words dark:prose-invert light\">\n<p>El <strong><a href=\"https:\/\/smoke.ch\/product-category\/zigarren\/partagas\/\">Partagas<\/a> 155 Aniversario<\/strong> \u2013 Salomones es un puro que celebra el 155 aniversario del nacimiento del puro. Aniversario de la marca Partagas en noviembre de 2000 por <a href=\"https:\/\/www.habanos.com\/en\/\"><br \/>\n  <strong>Habanos<\/strong><br \/>\n<\/a> S.A. en noviembre de 2000. Esta edici\u00f3n limitada es una aut\u00e9ntica obra maestra en t\u00e9rminos de artesan\u00eda y calidad del tabaco.<\/p>\n<p>Cada puro es \u00fanico y ofrece un perfil de sabor complejo. Los formatos Salomones son conocidos por su larga duraci\u00f3n de fumada y, por tanto, ofrecen una experiencia de placer especial para los amantes de los puros. <a href=\"https:\/\/smoke.ch\/product-category\/zigarren\/\"><br \/>\n  <strong>amantes de los puros<\/strong><br \/>\n<\/a>.<\/p>\n<p>El <a href=\"https:\/\/smoke.ch\/product-category\/humidore\/\"><br \/>\n  <strong>humidor<\/strong><br \/>\n<\/a>en el que se presenta el <strong>Partagas 155 Aniversario<\/strong> es una hermosa obra maestra que contiene 155 puros. Este humidor consta de una base y cuatro cajones desplegables que garantizan un almacenamiento \u00f3ptimo. Tenemos Salomones individuales a la venta de este precioso humidor.<\/p>\n<p>Descubre el<strong> Partagas 155 Aniversario<\/strong> \u2013 Salomones y disfruta de un puro perfecto para ocasiones especiales. Con su perfil de sabor \u00fanico y su disponibilidad limitada, este puro es imprescindible para todos los amantes de los puros. \u00a1As\u00ed que no lo dudes m\u00e1s y aseg\u00farate ahora este cigarro tan especial!<\/p>\n<\/div>\n<\/div>\n<\/div>\n<div class=\"flex justify-between lg:block\">\n<div class=\"text-gray-400 flex self-end lg:self-center justify-center mt-2 gap-2 md:gap-3 lg:gap-1 lg:absolute lg:top-0 lg:translate-x-full lg:right-0 lg:mt-0 lg:pl-2 visible\">\n<p>&nbsp;<\/p>\n<div class=\"flex gap-1\"><\/div>\n<\/div>\n<\/div>\n<\/div>\n<\/div>\n<\/div>\n<div class=\"h-32 md:h-48 flex-shrink-0\"><\/div>\n<p>&nbsp;<\/p>\n<\/div>\n<\/div>\n<\/div>\n<\/div>\n<div class=\"absolute bottom-0 left-0 w-full border-t md:border-t-0 dark:border-white\/20 md:border-transparent md:dark:border-transparent md:bg-vert-light-gradient bg-white dark:bg-gray-800 md:!bg-transparent dark:md:bg-vert-dark-gradient pt-2 md:pl-2 md:w-[calc(100%-.5rem)]\">\n<form class=\"stretch mx-2 flex flex-row gap-3 last:mb-2 md:mx-4 md:last:mb-6 lg:mx-auto lg:max-w-2xl xl:max-w-3xl\">\n<div class=\"relative flex h-full flex-1 items-stretch md:flex-col\" role=\"presentation\">\n<div>\n<div class=\"h-full flex ml-1 md:w-full md:m-auto md:mb-4 gap-0 md:gap-2 justify-center\"><\/div>\n<\/div>\n<\/div>\n<\/form>\n<\/div>\n","protected":false},"excerpt":{"rendered":"<p>El Partagas 155 Aniversario \u2013 Salomones es un puro que celebra el 155 aniversario del nacimiento del puro. Aniversario de la marca Partagas en noviembre de 2000 por Habanos S.A. en noviembre de 2000. Esta edici\u00f3n limitada es una aut\u00e9ntica obra maestra en t\u00e9rminos de artesan\u00eda y calidad del tabaco. Cada puro es \u00fanico y [&hellip;]<\/p>\n","protected":false},"featured_media":12610,"comment_status":"open","ping_status":"closed","template":"","meta":{"_et_pb_use_builder":"","_et_pb_old_content":"","_et_gb_content_width":""},"product_brand":[],"product_cat":[278,274,882,270],"product_tag":[1125,815,885,883,1012,1098,1121,886,1076,1122,1118,928,1207,1032],"class_list":{"0":"post-12604","1":"product","2":"type-product","3":"status-publish","4":"has-post-thumbnail","6":"product_cat-humidificadores","7":"product_cat-partagas-es","8":"product_cat-partagas-es-2","9":"product_cat-puros","10":"product_tag-habanos-es","11":"product_tag-partagas-es","12":"product_tag-partagas-155-aniversario-humidor-es","13":"product_tag-partagas-salomones-es","14":"product_tag-puro-premium","15":"product_tag-puros","16":"product_tag-puros-anejos-cubanos","17":"product_tag-puros-antiguos","18":"product_tag-puros-cubanos","19":"product_tag-puros-cubanos-exclusivos","20":"product_tag-puros-habanos","21":"product_tag-puros-para-coleccionistas","22":"product_tag-puros-partagas","23":"product_tag-puros-raros-es","25":"first","26":"instock","27":"shipping-taxable","28":"purchasable","29":"product-type-simple"},"aioseo_notices":[],"_links":{"self":[{"href":"https:\/\/smoke.ch\/es\/wp-json\/wp\/v2\/product\/12604","targetHints":{"allow":["GET"]}}],"collection":[{"href":"https:\/\/smoke.ch\/es\/wp-json\/wp\/v2\/product"}],"about":[{"href":"https:\/\/smoke.ch\/es\/wp-json\/wp\/v2\/types\/product"}],"replies":[{"embeddable":true,"href":"https:\/\/smoke.ch\/es\/wp-json\/wp\/v2\/comments?post=12604"}],"wp:featuredmedia":[{"embeddable":true,"href":"https:\/\/smoke.ch\/es\/wp-json\/wp\/v2\/media\/12610"}],"wp:attachment":[{"href":"https:\/\/smoke.ch\/es\/wp-json\/wp\/v2\/media?parent=12604"}],"wp:term":[{"taxonomy":"product_brand","embeddable":true,"href":"https:\/\/smoke.ch\/es\/wp-json\/wp\/v2\/product_brand?post=12604"},{"taxonomy":"product_cat","embeddable":true,"href":"https:\/\/smoke.ch\/es\/wp-json\/wp\/v2\/product_cat?post=12604"},{"taxonomy":"product_tag","embeddable":true,"href":"https:\/\/smoke.ch\/es\/wp-json\/wp\/v2\/product_tag?post=12604"}],"curies":[{"name":"wp","href":"https:\/\/api.w.org\/{rel}","templated":true}]}}