{"id":12630,"date":"2022-03-30T19:56:58","date_gmt":"2022-03-30T19:56:58","guid":{"rendered":"https:\/\/smoke.ch\/product\/vegas-robaina-unicos-5-aniversario-puro-individual\/"},"modified":"2025-04-25T12:28:28","modified_gmt":"2025-04-25T12:28:28","slug":"vegas-robaina-unicos-5-aniversario-puro-individual","status":"publish","type":"product","link":"https:\/\/smoke.ch\/es\/producto\/vegas-robaina-unicos-5-aniversario-puro-individual\/","title":{"rendered":"Vegas Robaina Unicos \u2013 5 Aniversario \u2013 Puro individual"},"content":{"rendered":"<p>Los <strong>puros<a href=\"https:\/\/smoke.ch\/es\/categoria-producto\/puros\/vegas-robaina-es\/\">Vegas Robaina<\/a> Unicos<\/strong> son una aut\u00e9ntica joya entre los puros cubanos. Se emitieron con motivo del quinto aniversario de la marca Vegas Robaina durante el IV <strong><a href=\"https:\/\/www.habanos.com\/en\/\">Festival<\/a><\/strong> Internacional <strong>de La Habana<\/strong> en 2002 y fueron firmados personalmente por Alejandro Robaina.<\/p>\n<p>Tambi\u00e9n tenemos algunos m\u00e1s de estos excepcionales <a href=\"https:\/\/smoke.ch\/es\/categoria-producto\/puros\/\"><br \/>\n  <strong>puros<\/strong><br \/>\n<\/a> que representan un sabor \u00fanico y una experiencia inolvidable. Los puros Vegas Robaina Unicos est\u00e1n hechos a mano y elaborados con los mejores tabacos, cuidadosamente seleccionados para conseguir un equilibrio perfecto entre sabor y aroma.<\/p>\n<p>Cada puro ofrece un perfil de sabor complejo, con notas de cuero, madera y especias que armonizan perfectamente entre s\u00ed. Si quieres experimentar el sabor exclusivo de los puros Vegas Robaina \u00danicos, firmados por Alejandro Robaina y que representan una historia \u00fanica, debes hacerte con ellos r\u00e1pidamente mientras duren las existencias para disfrutar de este puro tan especial. \u00a1D\u00e9jate inspirar por esta extraordinaria delicia!<\/p>\n","protected":false},"excerpt":{"rendered":"<p>Los purosVegas Robaina Unicos son una aut\u00e9ntica joya entre los puros cubanos. Se emitieron con motivo del quinto aniversario de la marca Vegas Robaina durante el IV Festival Internacional de La Habana en 2002 y fueron firmados personalmente por Alejandro Robaina. Tambi\u00e9n tenemos algunos m\u00e1s de estos excepcionales puros que representan un sabor \u00fanico y [&hellip;]<\/p>\n","protected":false},"featured_media":12632,"comment_status":"open","ping_status":"closed","template":"","meta":{"_et_pb_use_builder":"","_et_pb_old_content":"","_et_gb_content_width":""},"product_brand":[],"product_cat":[270,286],"product_tag":[929,1125,1012,1098,1121,886,1076,1122,1118,928,1032,1363,890,891],"class_list":{"0":"post-12630","1":"product","2":"type-product","3":"status-publish","4":"has-post-thumbnail","6":"product_cat-puros","7":"product_cat-vegas-robaina-es","8":"product_tag-cigarros-limitados","9":"product_tag-habanos-es","10":"product_tag-puro-premium","11":"product_tag-puros","12":"product_tag-puros-anejos-cubanos","13":"product_tag-puros-antiguos","14":"product_tag-puros-cubanos","15":"product_tag-puros-cubanos-exclusivos","16":"product_tag-puros-habanos","17":"product_tag-puros-para-coleccionistas","18":"product_tag-puros-raros-es","19":"product_tag-puros-vegas-robaina","20":"product_tag-vegas-robaina-es","21":"product_tag-vegas-robaina-don-alejandro-es","23":"first","24":"instock","25":"shipping-taxable","26":"purchasable","27":"product-type-simple"},"aioseo_notices":[],"_links":{"self":[{"href":"https:\/\/smoke.ch\/es\/wp-json\/wp\/v2\/product\/12630","targetHints":{"allow":["GET"]}}],"collection":[{"href":"https:\/\/smoke.ch\/es\/wp-json\/wp\/v2\/product"}],"about":[{"href":"https:\/\/smoke.ch\/es\/wp-json\/wp\/v2\/types\/product"}],"replies":[{"embeddable":true,"href":"https:\/\/smoke.ch\/es\/wp-json\/wp\/v2\/comments?post=12630"}],"wp:featuredmedia":[{"embeddable":true,"href":"https:\/\/smoke.ch\/es\/wp-json\/wp\/v2\/media\/12632"}],"wp:attachment":[{"href":"https:\/\/smoke.ch\/es\/wp-json\/wp\/v2\/media?parent=12630"}],"wp:term":[{"taxonomy":"product_brand","embeddable":true,"href":"https:\/\/smoke.ch\/es\/wp-json\/wp\/v2\/product_brand?post=12630"},{"taxonomy":"product_cat","embeddable":true,"href":"https:\/\/smoke.ch\/es\/wp-json\/wp\/v2\/product_cat?post=12630"},{"taxonomy":"product_tag","embeddable":true,"href":"https:\/\/smoke.ch\/es\/wp-json\/wp\/v2\/product_tag?post=12630"}],"curies":[{"name":"wp","href":"https:\/\/api.w.org\/{rel}","templated":true}]}}