{"id":12636,"date":"2022-03-30T19:56:58","date_gmt":"2022-03-30T19:56:58","guid":{"rendered":"https:\/\/smoke.ch\/product\/seleccion-robustos-cosecha-2003\/"},"modified":"2026-01-31T15:21:54","modified_gmt":"2026-01-31T15:21:54","slug":"seleccion-robustos-cosecha-2003","status":"publish","type":"product","link":"https:\/\/smoke.ch\/es\/producto\/seleccion-robustos-cosecha-2003\/","title":{"rendered":"Seleccion Robustos \u2013 Cosecha 2003"},"content":{"rendered":"<div class=\"flex-1 overflow-hidden\">\n<div class=\"react-scroll-to-bottom--css-pusiv-79elbk h-full dark:bg-gray-800\">\n<div class=\"react-scroll-to-bottom--css-pusiv-1n7m0yu\">\n<div class=\"flex flex-col text-sm dark:bg-gray-800\">\n<div class=\"group w-full text-gray-800 dark:text-gray-100 border-b border-black\/10 dark:border-gray-900\/50 bg-gray-50 dark:bg-[#444654]\">\n<div class=\"flex p-4 gap-4 text-base md:gap-6 md:max-w-2xl lg:max-w-[38rem] xl:max-w-3xl md:py-6 lg:px-0 m-auto\">\n<div class=\"relative flex w-[calc(100%-50px)] flex-col gap-1 md:gap-3 lg:w-[calc(100%-115px)]\">\n<div class=\"flex flex-grow flex-col gap-3\">\n<div class=\"min-h-[20px] flex items-start overflow-x-auto whitespace-pre-wrap break-words flex-col gap-4\">\n<div class=\"markdown prose w-full break-words dark:prose-invert light\">\n<p>Deleita tu paladar con la <strong>Selecci\u00f3n Robustos<\/strong> de 2003, una colecci\u00f3n cuidadosamente seleccionada de cinco puros Robusto de gran calidad. Cada <strong><a href=\"https:\/\/smoke.ch\/product-category\/zigarren\/\">puro<\/a> est\u00e1 perfectamente liado<\/strong> y ofrece un sabor y un aroma \u00fanicos que aprecian los amantes de los puros de todo el mundo.<\/p>\n<p>Los Cohiba Selecci\u00f3n Robustos son una elecci\u00f3n exquisita para cualquier entendido y una forma estupenda de ampliar tu colecci\u00f3n. No lo dudes m\u00e1s y haz tu pedido ahora para experimentar el incomparable placer de estos puros tan especiales. Sum\u00e9rgete en el mundo de <a href=\"https:\/\/smoke.ch\/product-category\/zigarren\/cohiba\/\"><br \/>\n  <strong>Cohiba<\/strong><br \/>\n<\/a> Selecci\u00f3n Robustos del a\u00f1o 2003 de <a href=\"https:\/\/www.habanos.com\/en\/\"><br \/>\n  <strong>Habanos<\/strong><br \/>\n<\/a> S.A. \u00a1D\u00e9jate inspirar por su calidad y sabor inconfundible!<\/p>\n<\/div>\n<\/div>\n<\/div>\n<div class=\"flex justify-between lg:block\">\n<div class=\"text-gray-400 flex self-end lg:self-center justify-center mt-2 gap-2 md:gap-3 lg:gap-1 lg:absolute lg:top-0 lg:translate-x-full lg:right-0 lg:mt-0 lg:pl-2 visible\">\n<p>&nbsp;<\/p>\n<div class=\"flex gap-1\"><\/div>\n<\/div>\n<\/div>\n<\/div>\n<\/div>\n<\/div>\n<div class=\"h-32 md:h-48 flex-shrink-0\"><\/div>\n<p>&nbsp;<\/p>\n<\/div>\n<\/div>\n<\/div>\n<\/div>\n<div class=\"absolute bottom-0 left-0 w-full border-t md:border-t-0 dark:border-white\/20 md:border-transparent md:dark:border-transparent md:bg-vert-light-gradient bg-white dark:bg-gray-800 md:!bg-transparent dark:md:bg-vert-dark-gradient pt-2 md:pl-2 md:w-[calc(100%-.5rem)]\">\n<form class=\"stretch mx-2 flex flex-row gap-3 last:mb-2 md:mx-4 md:last:mb-6 lg:mx-auto lg:max-w-2xl xl:max-w-3xl\">\n<div class=\"relative flex h-full flex-1 items-stretch md:flex-col\" role=\"presentation\">\n<div>\n<div class=\"h-full flex ml-1 md:w-full md:m-auto md:mb-4 gap-0 md:gap-2 justify-center\"><\/div>\n<\/div>\n<\/div>\n<\/form>\n<\/div>\n","protected":false},"excerpt":{"rendered":"<p>Deleita tu paladar con la Selecci\u00f3n Robustos de 2003, una colecci\u00f3n cuidadosamente seleccionada de cinco puros Robusto de gran calidad. Cada puro est\u00e1 perfectamente liado y ofrece un sabor y un aroma \u00fanicos que aprecian los amantes de los puros de todo el mundo. Los Cohiba Selecci\u00f3n Robustos son una elecci\u00f3n exquisita para cualquier entendido [&hellip;]<\/p>\n","protected":false},"featured_media":12638,"comment_status":"open","ping_status":"closed","template":"","meta":{"_et_pb_use_builder":"","_et_pb_old_content":"","_et_gb_content_width":""},"product_brand":[],"product_cat":[275],"product_tag":[],"class_list":{"0":"post-12636","1":"product","2":"type-product","3":"status-publish","4":"has-post-thumbnail","6":"product_cat-sin-categoria","8":"first","9":"outofstock","10":"shipping-taxable","11":"purchasable","12":"product-type-simple"},"aioseo_notices":[],"_links":{"self":[{"href":"https:\/\/smoke.ch\/es\/wp-json\/wp\/v2\/product\/12636","targetHints":{"allow":["GET"]}}],"collection":[{"href":"https:\/\/smoke.ch\/es\/wp-json\/wp\/v2\/product"}],"about":[{"href":"https:\/\/smoke.ch\/es\/wp-json\/wp\/v2\/types\/product"}],"replies":[{"embeddable":true,"href":"https:\/\/smoke.ch\/es\/wp-json\/wp\/v2\/comments?post=12636"}],"wp:featuredmedia":[{"embeddable":true,"href":"https:\/\/smoke.ch\/es\/wp-json\/wp\/v2\/media\/12638"}],"wp:attachment":[{"href":"https:\/\/smoke.ch\/es\/wp-json\/wp\/v2\/media?parent=12636"}],"wp:term":[{"taxonomy":"product_brand","embeddable":true,"href":"https:\/\/smoke.ch\/es\/wp-json\/wp\/v2\/product_brand?post=12636"},{"taxonomy":"product_cat","embeddable":true,"href":"https:\/\/smoke.ch\/es\/wp-json\/wp\/v2\/product_cat?post=12636"},{"taxonomy":"product_tag","embeddable":true,"href":"https:\/\/smoke.ch\/es\/wp-json\/wp\/v2\/product_tag?post=12636"}],"curies":[{"name":"wp","href":"https:\/\/api.w.org\/{rel}","templated":true}]}}