{"id":12644,"date":"2022-03-30T19:56:58","date_gmt":"2022-03-30T19:56:58","guid":{"rendered":"https:\/\/smoke.ch\/product\/vegas-robaina-don-alejandro-unico-5-aniversario\/"},"modified":"2025-04-25T12:25:23","modified_gmt":"2025-04-25T12:25:23","slug":"vegas-robaina-don-alejandro-unico-5-aniversario","status":"publish","type":"product","link":"https:\/\/smoke.ch\/es\/producto\/vegas-robaina-don-alejandro-unico-5-aniversario\/","title":{"rendered":"Vegas Robaina Don Alejandro \u2013 \u00danico \u2013 5 Aniversario"},"content":{"rendered":"<div class=\"flex-1 overflow-hidden\">\n<div class=\"react-scroll-to-bottom--css-pusiv-79elbk h-full dark:bg-gray-800\">\n<div class=\"react-scroll-to-bottom--css-pusiv-1n7m0yu\">\n<div class=\"flex flex-col text-sm dark:bg-gray-800\">\n<div class=\"group w-full text-gray-800 dark:text-gray-100 border-b border-black\/10 dark:border-gray-900\/50 bg-gray-50 dark:bg-[#444654]\">\n<div class=\"flex p-4 gap-4 text-base md:gap-6 md:max-w-2xl lg:max-w-[38rem] xl:max-w-3xl md:py-6 lg:px-0 m-auto\">\n<div class=\"relative flex w-[calc(100%-50px)] flex-col gap-1 md:gap-3 lg:w-[calc(100%-115px)]\">\n<div class=\"flex flex-grow flex-col gap-3\">\n<div class=\"min-h-[20px] flex items-start overflow-x-auto whitespace-pre-wrap break-words flex-col gap-4\">\n<div class=\"markdown prose w-full break-words dark:prose-invert light\">\n<p>El <strong>puro<a href=\"https:\/\/smoke.ch\/es\/categoria-producto\/puros\/vegas-robaina-es\/\">Vegas Robaina<\/a> Don<\/strong> Alejandro es una creaci\u00f3n especial de <a href=\"https:\/\/www.habanos.com\/en\/\"><br \/>\n  <strong>Habanos<\/strong><br \/>\n<\/a> S.A. para <strong>celebrar el quinto aniversario de la marca<\/strong> Vegas <strong>Robaina<\/strong>. Durante el IV Festival Internacional de La Habana de 2002, Alejandro Robaina, una leyenda en el mundo de los cultivadores y productores de tabaco, firm\u00f3 personalmente algunas cajas de puros.<\/p>\n<p>Tambi\u00e9n tenemos algunos de estos excepcionales <a href=\"https:\/\/smoke.ch\/es\/categoria-producto\/puros\/\"><br \/>\n  <strong>puros<\/strong><br \/>\n<\/a> que reflejan el sabor y la calidad exclusivos de la marca Vegas Robaina. Esta edici\u00f3n limitada de 2002 es una aut\u00e9ntica rareza y ofrece una experiencia de sabor \u00fanica que no se puede encontrar en ning\u00fan otro sitio.<\/p>\n<p>Cada puro se l\u00eda a mano y se rellena con tabacos de las mejores regiones productoras de Cuba para crear un perfil de sabor excepcional. Si quieres experimentar el sabor exclusivo del puro Vegas Robaina Don Alejandro \u2013 una edici\u00f3n limitada de 2002, firmada por Alejandro Robaina \u2013 \u00a1deber\u00edas hacerte con \u00e9l r\u00e1pidamente mientras duren las existencias!<\/p>\n<\/div>\n<\/div>\n<\/div>\n<div class=\"flex justify-between lg:block\">\n<div class=\"text-gray-400 flex self-end lg:self-center justify-center mt-2 gap-2 md:gap-3 lg:gap-1 lg:absolute lg:top-0 lg:translate-x-full lg:right-0 lg:mt-0 lg:pl-2 visible\">\n<p>&nbsp;<\/p>\n<div class=\"flex gap-1\"><\/div>\n<\/div>\n<\/div>\n<\/div>\n<\/div>\n<\/div>\n<div class=\"h-32 md:h-48 flex-shrink-0\"><\/div>\n<p>&nbsp;<\/p>\n<\/div>\n<\/div>\n<\/div>\n<\/div>\n<div class=\"absolute bottom-0 left-0 w-full border-t md:border-t-0 dark:border-white\/20 md:border-transparent md:dark:border-transparent md:bg-vert-light-gradient bg-white dark:bg-gray-800 md:!bg-transparent dark:md:bg-vert-dark-gradient pt-2 md:pl-2 md:w-[calc(100%-.5rem)]\">\n<form class=\"stretch mx-2 flex flex-row gap-3 last:mb-2 md:mx-4 md:last:mb-6 lg:mx-auto lg:max-w-2xl xl:max-w-3xl\">\n<div class=\"relative flex h-full flex-1 items-stretch md:flex-col\" role=\"presentation\">\n<div>\n<div class=\"h-full flex ml-1 md:w-full md:m-auto md:mb-4 gap-0 md:gap-2 justify-center\"><\/div>\n<\/div>\n<\/div>\n<\/form>\n<\/div>\n","protected":false},"excerpt":{"rendered":"<p>El puroVegas Robaina Don Alejandro es una creaci\u00f3n especial de Habanos S.A. para celebrar el quinto aniversario de la marca Vegas Robaina. Durante el IV Festival Internacional de La Habana de 2002, Alejandro Robaina, una leyenda en el mundo de los cultivadores y productores de tabaco, firm\u00f3 personalmente algunas cajas de puros. Tambi\u00e9n tenemos algunos [&hellip;]<\/p>\n","protected":false},"featured_media":15319,"comment_status":"open","ping_status":"closed","template":"","meta":{"_et_pb_use_builder":"","_et_pb_old_content":"","_et_gb_content_width":""},"product_brand":[],"product_cat":[270,286],"product_tag":[929,1125,1012,1098,1121,1076,1122,1118,928,1032,1363,890,891],"class_list":{"0":"post-12644","1":"product","2":"type-product","3":"status-publish","4":"has-post-thumbnail","6":"product_cat-puros","7":"product_cat-vegas-robaina-es","8":"product_tag-cigarros-limitados","9":"product_tag-habanos-es","10":"product_tag-puro-premium","11":"product_tag-puros","12":"product_tag-puros-anejos-cubanos","13":"product_tag-puros-cubanos","14":"product_tag-puros-cubanos-exclusivos","15":"product_tag-puros-habanos","16":"product_tag-puros-para-coleccionistas","17":"product_tag-puros-raros-es","18":"product_tag-puros-vegas-robaina","19":"product_tag-vegas-robaina-es","20":"product_tag-vegas-robaina-don-alejandro-es","22":"first","23":"instock","24":"shipping-taxable","25":"purchasable","26":"product-type-simple"},"aioseo_notices":[],"_links":{"self":[{"href":"https:\/\/smoke.ch\/es\/wp-json\/wp\/v2\/product\/12644","targetHints":{"allow":["GET"]}}],"collection":[{"href":"https:\/\/smoke.ch\/es\/wp-json\/wp\/v2\/product"}],"about":[{"href":"https:\/\/smoke.ch\/es\/wp-json\/wp\/v2\/types\/product"}],"replies":[{"embeddable":true,"href":"https:\/\/smoke.ch\/es\/wp-json\/wp\/v2\/comments?post=12644"}],"wp:featuredmedia":[{"embeddable":true,"href":"https:\/\/smoke.ch\/es\/wp-json\/wp\/v2\/media\/15319"}],"wp:attachment":[{"href":"https:\/\/smoke.ch\/es\/wp-json\/wp\/v2\/media?parent=12644"}],"wp:term":[{"taxonomy":"product_brand","embeddable":true,"href":"https:\/\/smoke.ch\/es\/wp-json\/wp\/v2\/product_brand?post=12644"},{"taxonomy":"product_cat","embeddable":true,"href":"https:\/\/smoke.ch\/es\/wp-json\/wp\/v2\/product_cat?post=12644"},{"taxonomy":"product_tag","embeddable":true,"href":"https:\/\/smoke.ch\/es\/wp-json\/wp\/v2\/product_tag?post=12644"}],"curies":[{"name":"wp","href":"https:\/\/api.w.org\/{rel}","templated":true}]}}