{"id":12665,"date":"2022-03-30T19:56:54","date_gmt":"2022-03-30T19:56:54","guid":{"rendered":"https:\/\/smoke.ch\/product\/dunhill-seleccion-fabricado-por-hoyo-de-monterrrey\/"},"modified":"2025-04-25T14:10:54","modified_gmt":"2025-04-25T14:10:54","slug":"dunhill-seleccion-fabricado-por-hoyo-de-monterrrey","status":"publish","type":"product","link":"https:\/\/smoke.ch\/es\/producto\/dunhill-seleccion-fabricado-por-hoyo-de-monterrrey\/","title":{"rendered":"Dunhill Seleccion \u2013 Fabricado por Hoyo de Monterrrey"},"content":{"rendered":"<p>Este <a href=\"https:\/\/smoke.ch\/es\/categoria-producto\/puros\/\"><strong>puro<\/strong><\/a> fue <strong>producido<\/strong> originalmente por <strong><a href=\"https:\/\/smoke.ch\/es\/categoria-producto\/puros\/hoyo-de-monterrey-es\/\">Hoyo de Monterrey<\/a><\/strong> para un \u00fanico cliente asi\u00e1tico. Fue una peque\u00f1a producci\u00f3n de quiz\u00e1 1000 unidades. A mediados de los a\u00f1os 90, nuestra empresa tuvo la suerte de adquirir un peque\u00f1o lote de este excepcional puro de <a href=\"https:\/\/www.cubancigarwebsite.com\/brand\/cubatabaco\"><strong>Cubatabaco<\/strong><\/a><br \/>\na mediados de los 90. Este puro se caracteriza por la mejor materia prima de primera clase y las hojas de capa de color claro. El tiro es muy bueno y los sabores son suaves pero duraderos. Disfruta del sabor \u00fanico de este puro especial.<\/p>\n","protected":false},"excerpt":{"rendered":"<p>Este puro fue producido originalmente por Hoyo de Monterrey para un \u00fanico cliente asi\u00e1tico. Fue una peque\u00f1a producci\u00f3n de quiz\u00e1 1000 unidades. A mediados de los a\u00f1os 90, nuestra empresa tuvo la suerte de adquirir un peque\u00f1o lote de este excepcional puro de Cubatabaco a mediados de los 90. Este puro se caracteriza por la [&hellip;]<\/p>\n","protected":false},"featured_media":12668,"comment_status":"open","ping_status":"closed","template":"","meta":{"_et_pb_use_builder":"","_et_pb_old_content":"","_et_gb_content_width":""},"product_brand":[],"product_cat":[281,270],"product_tag":[929,897,1125,824,1012,1098,1121,886,1076,1122,1433,1118,1231,928,1032],"class_list":{"0":"post-12665","1":"product","2":"type-product","3":"status-publish","4":"has-post-thumbnail","6":"product_cat-hoyo-de-monterrey-es","7":"product_cat-puros","8":"product_tag-cigarros-limitados","9":"product_tag-dunhill-seleccion-fabricado-por-hoyo-de-monterrrey","10":"product_tag-habanos-es","11":"product_tag-hoyo-de-monterrey-es","12":"product_tag-puro-premium","13":"product_tag-puros","14":"product_tag-puros-anejos-cubanos","15":"product_tag-puros-antiguos","16":"product_tag-puros-cubanos","17":"product_tag-puros-cubanos-exclusivos","18":"product_tag-puros-dunhill","19":"product_tag-puros-habanos","20":"product_tag-puros-hoyo-de-monterrey","21":"product_tag-puros-para-coleccionistas","22":"product_tag-puros-raros-es","24":"first","25":"instock","26":"shipping-taxable","27":"purchasable","28":"product-type-simple"},"aioseo_notices":[],"_links":{"self":[{"href":"https:\/\/smoke.ch\/es\/wp-json\/wp\/v2\/product\/12665","targetHints":{"allow":["GET"]}}],"collection":[{"href":"https:\/\/smoke.ch\/es\/wp-json\/wp\/v2\/product"}],"about":[{"href":"https:\/\/smoke.ch\/es\/wp-json\/wp\/v2\/types\/product"}],"replies":[{"embeddable":true,"href":"https:\/\/smoke.ch\/es\/wp-json\/wp\/v2\/comments?post=12665"}],"wp:featuredmedia":[{"embeddable":true,"href":"https:\/\/smoke.ch\/es\/wp-json\/wp\/v2\/media\/12668"}],"wp:attachment":[{"href":"https:\/\/smoke.ch\/es\/wp-json\/wp\/v2\/media?parent=12665"}],"wp:term":[{"taxonomy":"product_brand","embeddable":true,"href":"https:\/\/smoke.ch\/es\/wp-json\/wp\/v2\/product_brand?post=12665"},{"taxonomy":"product_cat","embeddable":true,"href":"https:\/\/smoke.ch\/es\/wp-json\/wp\/v2\/product_cat?post=12665"},{"taxonomy":"product_tag","embeddable":true,"href":"https:\/\/smoke.ch\/es\/wp-json\/wp\/v2\/product_tag?post=12665"}],"curies":[{"name":"wp","href":"https:\/\/api.w.org\/{rel}","templated":true}]}}