{"id":12686,"date":"2022-03-30T19:56:54","date_gmt":"2022-03-30T19:56:54","guid":{"rendered":"https:\/\/smoke.ch\/product\/marques-de-montdidier-armagnac-1950-jeroboam\/"},"modified":"2025-04-25T13:35:49","modified_gmt":"2025-04-25T13:35:49","slug":"marques-de-montdidier-armagnac-1950-jeroboam","status":"publish","type":"product","link":"https:\/\/smoke.ch\/es\/producto\/marques-de-montdidier-armagnac-1950-jeroboam\/","title":{"rendered":"Marqu\u00e9s de Montdidier Armagnac 1950 \u2013 Jeroboam"},"content":{"rendered":"<div class=\"flex-1 overflow-hidden\">\n<div class=\"react-scroll-to-bottom--css-pusiv-79elbk h-full dark:bg-gray-800\">\n<div class=\"react-scroll-to-bottom--css-pusiv-1n7m0yu\">\n<div class=\"flex flex-col text-sm dark:bg-gray-800\">\n<div class=\"group w-full text-gray-800 dark:text-gray-100 border-b border-black\/10 dark:border-gray-900\/50 bg-gray-50 dark:bg-[#444654]\">\n<div class=\"flex p-4 gap-4 text-base md:gap-6 md:max-w-2xl lg:max-w-[38rem] xl:max-w-3xl md:py-6 lg:px-0 m-auto\">\n<div class=\"relative flex w-[calc(100%-50px)] flex-col gap-1 md:gap-3 lg:w-[calc(100%-115px)]\">\n<div class=\"flex flex-grow flex-col gap-3\">\n<div class=\"min-h-[20px] flex items-start overflow-x-auto whitespace-pre-wrap break-words flex-col gap-4\">\n<div class=\"markdown prose w-full break-words dark:prose-invert light\">\n<p>A menudo se dice err\u00f3neamente que <strong>el arma\u00f1ac<\/strong> es el hermano peque\u00f1o del co\u00f1ac. En cambio, la historia del co\u00f1ac se remonta al siglo XVII, mientras que el arma\u00f1ac ya se menciona en documentos de 1461. Ya entonces, el destilado se utilizaba como medicamento.<\/p>\n<p>El arma\u00f1ac se ha destilado y refinado durante siglos con la pericia de los romanos, los galos y los moros. Hoy en d\u00eda, esta bebida espirituosa <a href=\"https:\/\/smoke.ch\/es\/categoria-producto\/espiritus\/\"><br \/>\n  <strong>bebida espirituosa<\/strong><br \/>\n<\/a> goza de una gran reputaci\u00f3n. El arma\u00f1ac procede de Gascu\u00f1a, en el suroeste de Francia, donde tambi\u00e9n crecen y maduran las variedades de uva correspondientes. Durante la destilaci\u00f3n, este brandy s\u00f3lo se destila una vez y luego se madura en barricas nuevas de roble. Estas barricas se fabrican con madera de encina de seis a\u00f1os y confieren al arma\u00f1ac su brillante color \u00e1mbar y su inconfundible bouquet. Cuanto m\u00e1s tiempo pase el arma\u00f1ac en las barricas, mayor ser\u00e1 su nivel de calidad.<\/p>\n<p>Estas a\u00f1adas antiguas de Armagnac <a href=\"https:\/\/smoke.ch\/es\/categoria-producto\/espiritus\/marques-de-montdidier\/\"><br \/>\n  <strong>Marqu\u00e9s de Montdidier<\/strong><br \/>\n<\/a> son aut\u00e9nticas rarezas. S\u00f3lo tenemos en oferta esta botella de esta a\u00f1ada. \u00a1Hazte r\u00e1pidamente con esta rareza especial!<\/p>\n<\/div>\n<\/div>\n<\/div>\n<div class=\"flex justify-between lg:block\">\n<div class=\"text-gray-400 flex self-end lg:self-center justify-center mt-2 gap-2 md:gap-3 lg:gap-1 lg:absolute lg:top-0 lg:translate-x-full lg:right-0 lg:mt-0 lg:pl-2 visible\">\n<p>&nbsp;<\/p>\n<div class=\"flex gap-1\"><\/div>\n<\/div>\n<\/div>\n<\/div>\n<\/div>\n<\/div>\n<div class=\"h-32 md:h-48 flex-shrink-0\"><\/div>\n<\/div>\n<\/div>\n<\/div>\n<\/div>\n<div class=\"absolute bottom-0 left-0 w-full border-t md:border-t-0 dark:border-white\/20 md:border-transparent md:dark:border-transparent md:bg-vert-light-gradient bg-white dark:bg-gray-800 md:!bg-transparent dark:md:bg-vert-dark-gradient pt-2 md:pl-2 md:w-[calc(100%-.5rem)]\">\n<form class=\"stretch mx-2 flex flex-row gap-3 last:mb-2 md:mx-4 md:last:mb-6 lg:mx-auto lg:max-w-2xl xl:max-w-3xl\">\n<div class=\"relative flex h-full flex-1 items-stretch md:flex-col\" role=\"presentation\">\n<div>\n<div class=\"h-full flex ml-1 md:w-full md:m-auto md:mb-4 gap-0 md:gap-2 justify-center\"><\/div>\n<\/div>\n<\/div>\n<\/form>\n<\/div>\n","protected":false},"excerpt":{"rendered":"<p>A menudo se dice err\u00f3neamente que el arma\u00f1ac es el hermano peque\u00f1o del co\u00f1ac. En cambio, la historia del co\u00f1ac se remonta al siglo XVII, mientras que el arma\u00f1ac ya se menciona en documentos de 1461. Ya entonces, el destilado se utilizaba como medicamento. El arma\u00f1ac se ha destilado y refinado durante siglos con la [&hellip;]<\/p>\n","protected":false},"featured_media":12690,"comment_status":"open","ping_status":"closed","template":"","meta":{"_et_pb_use_builder":"","_et_pb_old_content":"","_et_gb_content_width":""},"product_brand":[],"product_cat":[282,287],"product_tag":[902,1396,1371,1384,1388,1376,903],"class_list":{"0":"post-12686","1":"product","2":"type-product","3":"status-publish","4":"has-post-thumbnail","6":"product_cat-espiritus","7":"product_cat-marques-de-montdidier","8":"product_tag-armagnac-es","9":"product_tag-armagnac-1950-es","10":"product_tag-armagnac-vintage","11":"product_tag-brandy-es","12":"product_tag-brandy-anejo","13":"product_tag-espiritus-raros","14":"product_tag-marques-de-montdidier-armagnac","16":"first","17":"instock","18":"shipping-taxable","19":"purchasable","20":"product-type-simple"},"aioseo_notices":[],"_links":{"self":[{"href":"https:\/\/smoke.ch\/es\/wp-json\/wp\/v2\/product\/12686","targetHints":{"allow":["GET"]}}],"collection":[{"href":"https:\/\/smoke.ch\/es\/wp-json\/wp\/v2\/product"}],"about":[{"href":"https:\/\/smoke.ch\/es\/wp-json\/wp\/v2\/types\/product"}],"replies":[{"embeddable":true,"href":"https:\/\/smoke.ch\/es\/wp-json\/wp\/v2\/comments?post=12686"}],"wp:featuredmedia":[{"embeddable":true,"href":"https:\/\/smoke.ch\/es\/wp-json\/wp\/v2\/media\/12690"}],"wp:attachment":[{"href":"https:\/\/smoke.ch\/es\/wp-json\/wp\/v2\/media?parent=12686"}],"wp:term":[{"taxonomy":"product_brand","embeddable":true,"href":"https:\/\/smoke.ch\/es\/wp-json\/wp\/v2\/product_brand?post=12686"},{"taxonomy":"product_cat","embeddable":true,"href":"https:\/\/smoke.ch\/es\/wp-json\/wp\/v2\/product_cat?post=12686"},{"taxonomy":"product_tag","embeddable":true,"href":"https:\/\/smoke.ch\/es\/wp-json\/wp\/v2\/product_tag?post=12686"}],"curies":[{"name":"wp","href":"https:\/\/api.w.org\/{rel}","templated":true}]}}