{"id":12694,"date":"2022-03-30T19:56:58","date_gmt":"2022-03-30T19:56:58","guid":{"rendered":"https:\/\/smoke.ch\/product\/montecristo-no-2-vintage-2011-cigarro-individual\/"},"modified":"2025-04-16T12:49:30","modified_gmt":"2025-04-16T12:49:30","slug":"montecristo-no-2-vintage-2011-cigarro-individual","status":"publish","type":"product","link":"https:\/\/smoke.ch\/es\/producto\/montecristo-no-2-vintage-2011-cigarro-individual\/","title":{"rendered":"Montecristo No. 2 \u2013 Vintage 2011 \u2013 Cigarro individual"},"content":{"rendered":"<p>El <strong><a href=\"https:\/\/smoke.ch\/es\/categoria-producto\/puros\/montecristo-es\/\">Montecristo<\/a> n\u00ba 2 Pir\u00e1mides<\/strong> es uno de los puros <strong>Pir\u00e1mides <\/strong>m\u00e1s conocidos y populares de <strong><br \/>\n  <a href=\"https:\/\/www.habanos.com\/en\/\">Habanos<\/a><br \/>\n  <a href=\"https:\/\/smoke.ch\/es\/categoria-producto\/puros\/\"> S.A.<\/a><br \/>\n<\/strong> Junto con el H. Upmann n\u00ba 2, es uno de los mejores formatos torpedo. Adem\u00e1s, estos puros en oferta datan de 2011, por lo que ofrecen una experiencia de fumada exclusiva.<\/p>\n<p>El Montecristo n\u00ba 2 Pir\u00e1mides es bastante fuerte y ofrece ricos sabores tostados que har\u00e1n las delicias de los amantes de los puros intensos. <a href=\"https:\/\/smoke.ch\/es\/categoria-producto\/puros\/\"><br \/>\n  <strong>Los puros<\/strong><br \/>\n<\/a> apreciar\u00e1n especialmente. No lo dudes m\u00e1s y haz tu pedido ahora para disfrutar de este cigarro especial de una a\u00f1ada especial. \u00a1Prep\u00e1rate para una experiencia de fumada inolvidable!<\/p>\n","protected":false},"excerpt":{"rendered":"<p>El Montecristo n\u00ba 2 Pir\u00e1mides es uno de los puros Pir\u00e1mides m\u00e1s conocidos y populares de Habanos S.A. Junto con el H. Upmann n\u00ba 2, es uno de los mejores formatos torpedo. Adem\u00e1s, estos puros en oferta datan de 2011, por lo que ofrecen una experiencia de fumada exclusiva. El Montecristo n\u00ba 2 Pir\u00e1mides es [&hellip;]<\/p>\n","protected":false},"featured_media":12696,"comment_status":"open","ping_status":"closed","template":"","meta":{"_et_pb_use_builder":"","_et_pb_old_content":"","_et_gb_content_width":""},"product_brand":[],"product_cat":[277,270],"product_tag":[929,1125,865,901,1012,1098,1121,886,1076,1122,1118,1352,928,1032],"class_list":{"0":"post-12694","1":"product","2":"type-product","3":"status-publish","4":"has-post-thumbnail","6":"product_cat-montecristo-es","7":"product_cat-puros","8":"product_tag-cigarros-limitados","9":"product_tag-habanos-es","10":"product_tag-montecristo-es","11":"product_tag-montecristo-no-2-es","12":"product_tag-puro-premium","13":"product_tag-puros","14":"product_tag-puros-anejos-cubanos","15":"product_tag-puros-antiguos","16":"product_tag-puros-cubanos","17":"product_tag-puros-cubanos-exclusivos","18":"product_tag-puros-habanos","19":"product_tag-puros-montecristo","20":"product_tag-puros-para-coleccionistas","21":"product_tag-puros-raros-es","23":"first","24":"instock","25":"shipping-taxable","26":"purchasable","27":"product-type-variable"},"aioseo_notices":[],"_links":{"self":[{"href":"https:\/\/smoke.ch\/es\/wp-json\/wp\/v2\/product\/12694","targetHints":{"allow":["GET"]}}],"collection":[{"href":"https:\/\/smoke.ch\/es\/wp-json\/wp\/v2\/product"}],"about":[{"href":"https:\/\/smoke.ch\/es\/wp-json\/wp\/v2\/types\/product"}],"replies":[{"embeddable":true,"href":"https:\/\/smoke.ch\/es\/wp-json\/wp\/v2\/comments?post=12694"}],"wp:featuredmedia":[{"embeddable":true,"href":"https:\/\/smoke.ch\/es\/wp-json\/wp\/v2\/media\/12696"}],"wp:attachment":[{"href":"https:\/\/smoke.ch\/es\/wp-json\/wp\/v2\/media?parent=12694"}],"wp:term":[{"taxonomy":"product_brand","embeddable":true,"href":"https:\/\/smoke.ch\/es\/wp-json\/wp\/v2\/product_brand?post=12694"},{"taxonomy":"product_cat","embeddable":true,"href":"https:\/\/smoke.ch\/es\/wp-json\/wp\/v2\/product_cat?post=12694"},{"taxonomy":"product_tag","embeddable":true,"href":"https:\/\/smoke.ch\/es\/wp-json\/wp\/v2\/product_tag?post=12694"}],"curies":[{"name":"wp","href":"https:\/\/api.w.org\/{rel}","templated":true}]}}