{"id":12709,"date":"2022-03-30T19:56:54","date_gmt":"2022-03-30T19:56:54","guid":{"rendered":"https:\/\/smoke.ch\/product\/cohiba-50-aniversario-bhk-behike-56\/"},"modified":"2025-04-25T13:56:37","modified_gmt":"2025-04-25T13:56:37","slug":"cohiba-50-aniversario-bhk-behike-56","status":"publish","type":"product","link":"https:\/\/smoke.ch\/es\/producto\/cohiba-50-aniversario-bhk-behike-56\/","title":{"rendered":"Cohiba 50 Aniversario \u2013 BHK Behike 56"},"content":{"rendered":"<div class=\"flex-1 overflow-hidden\">\n<div class=\"react-scroll-to-bottom--css-pusiv-79elbk h-full dark:bg-gray-800\">\n<div class=\"react-scroll-to-bottom--css-pusiv-1n7m0yu\">\n<div class=\"flex flex-col text-sm dark:bg-gray-800\">\n<div class=\"group w-full text-gray-800 dark:text-gray-100 border-b border-black\/10 dark:border-gray-900\/50 bg-gray-50 dark:bg-[#444654]\">\n<div class=\"flex p-4 gap-4 text-base md:gap-6 md:max-w-2xl lg:max-w-[38rem] xl:max-w-3xl md:py-6 lg:px-0 m-auto\">\n<div class=\"relative flex w-[calc(100%-50px)] flex-col gap-1 md:gap-3 lg:w-[calc(100%-115px)]\">\n<div class=\"flex flex-grow flex-col gap-3\">\n<div class=\"min-h-[20px] flex items-start overflow-x-auto whitespace-pre-wrap break-words flex-col gap-4\">\n<div class=\"markdown prose w-full break-words dark:prose-invert light\">\n<p>El <a href=\"https:\/\/smoke.ch\/es\/categoria-producto\/puros\/cohiba-es\/\"><strong>Cohiba Behike<\/strong><\/a> es uno de los puros m\u00e1s exclusivos que ofrece Cuba. Lo primero que llama la atenci\u00f3n es su excepcional calidad, ya que se elabora exclusivamente con los mejores tabacos de la regi\u00f3n de Vuelta Abajo. Destaca especialmente el uso de las raras hojas de Medio Tiempo. \u00c9stas no s\u00f3lo confieren al puro un sabor intenso, sino tambi\u00e9n una fortaleza \u00fanica e insuperable.   <\/p>\n<p>Al fumarlo, se despliega un perfil de sabor armonioso. Al principio, se aprecian matices cremosos y ligeramente dulces. A continuaci\u00f3n, se desarrollan gradualmente notas de caf\u00e9, madera y especias finas, que redondean maravillosamente el perfil de sabor. Por \u00faltimo, el final suave garantiza un final agradable.   <\/p>\n<p>El Cohiba Behike tambi\u00e9n impresiona por su variedad de formatos. La serie ofrece tres tama\u00f1os: <strong>BHK 52, BHK 54 y <a href=\"https:\/\/smoke.ch\/es\/product\/cohiba-bhk-behike-56-cosecha-2012\/\">BHK 56<\/a><\/strong>. Aunque difieren en longitud y duraci\u00f3n de fumada, todos los formatos garantizan la misma calidad sobresaliente. La elaboraci\u00f3n tambi\u00e9n impresiona por su perfecci\u00f3n. La hoja de la envoltura es impecable, la calada agradable y la combusti\u00f3n siempre uniforme.    <\/p>\n<p>Por \u00faltimo, pero no por ello menos importante, el lujoso envoltorio subraya la exclusividad del Cohiba Behike. <a href=\"https:\/\/smoke.ch\/es\/categoria-producto\/puros\/\"><strong>Cada puro<\/strong><\/a> se presenta en elegantes cajas de madera que completan la experiencia premium. Como la producci\u00f3n es estrictamente limitada, estos puros no s\u00f3lo son un placer para fumar, sino tambi\u00e9n un codiciado objeto de coleccionista. <\/p>\n<p>En resumen, el Cohiba Behike es la elecci\u00f3n perfecta para los aficionados m\u00e1s exigentes. Gracias a su excepcional calidad, incomparable sabor y elegante presentaci\u00f3n, es sin\u00f3nimo del arte cubano del puro de<a href=\"https:\/\/www.habanos.com\/en\/\"><strong> Habanos S.A.<\/strong><\/a> al m\u00e1s alto nivel. \u00a1Prueba el Cohiba Behike y sum\u00e9rgete en un mundo de puro lujo!  <\/p>\n<p>El <strong>humidor<a href=\"https:\/\/smoke.ch\/es\/categoria-producto\/puros\/cohiba-es\/\">Cohiba<\/a> 50 Aniversario BHK56<\/strong> es un homenaje al 50 aniversario de la renombrada marca de puros Cohiba. Este exclusivo humidor de <a href=\"https:\/\/www.habanos.com\/en\/\"><br \/>\n  <strong>Habanos<\/strong><br \/>\n<\/a> S.A. se fabric\u00f3 en edici\u00f3n limitada en 2016 y es imprescindible para cualquier amante de los puros.<\/p>\n<p>En el 18\u00ba Festival del Habano, este <a href=\"https:\/\/smoke.ch\/es\/categoria-producto\/humidificadores\/\"><br \/>\n  <strong>humidor<\/strong><br \/>\n<\/a> contiene 10 puros Cohiba BHK56. Estos puros son conocidos por su compleja variedad de sabores y su rico gusto, y son apreciados por los entendidos de todo el mundo.<\/p>\n<p>El propio humidor est\u00e1 hecho a mano con madera de cedro de alta calidad, que mantiene los puros en perfecto estado. Adem\u00e1s, el logotipo de Cohiba adorna el elegante dise\u00f1o del humidor, convirti\u00e9ndolo en un verdadero reclamo para cualquier amante de los puros. <a href=\"https:\/\/smoke.ch\/es\/categoria-producto\/puros\/\"><strong>amante de los puros<\/strong><\/a>.<\/p>\n<p>&nbsp;<\/p>\n<\/div>\n<\/div>\n<\/div>\n<div class=\"flex justify-between lg:block\">\n<div class=\"text-gray-400 flex self-end lg:self-center justify-center mt-2 gap-2 md:gap-3 lg:gap-1 lg:absolute lg:top-0 lg:translate-x-full lg:right-0 lg:mt-0 lg:pl-2 visible\">\n<p>&nbsp;<\/p>\n<div class=\"flex gap-1\"><\/div>\n<\/div>\n<\/div>\n<\/div>\n<\/div>\n<\/div>\n<div class=\"h-32 md:h-48 flex-shrink-0\"><\/div>\n<\/div>\n<\/div>\n<\/div>\n<\/div>\n<div class=\"absolute bottom-0 left-0 w-full border-t md:border-t-0 dark:border-white\/20 md:border-transparent md:dark:border-transparent md:bg-vert-light-gradient bg-white dark:bg-gray-800 md:!bg-transparent dark:md:bg-vert-dark-gradient pt-2 md:pl-2 md:w-[calc(100%-.5rem)]\">\n<form class=\"stretch mx-2 flex flex-row gap-3 last:mb-2 md:mx-4 md:last:mb-6 lg:mx-auto lg:max-w-2xl xl:max-w-3xl\">\n<div class=\"relative flex h-full flex-1 items-stretch md:flex-col\" role=\"presentation\">\n<div>\n<div class=\"h-full flex ml-1 md:w-full md:m-auto md:mb-4 gap-0 md:gap-2 justify-center\"><\/div>\n<\/div>\n<\/div>\n<\/form>\n<\/div>\n","protected":false},"excerpt":{"rendered":"<p>El Cohiba Behike es uno de los puros m\u00e1s exclusivos que ofrece Cuba. Lo primero que llama la atenci\u00f3n es su excepcional calidad, ya que se elabora exclusivamente con los mejores tabacos de la regi\u00f3n de Vuelta Abajo. Destaca especialmente el uso de las raras hojas de Medio Tiempo. \u00c9stas no s\u00f3lo confieren al puro [&hellip;]<\/p>\n","protected":false},"featured_media":12711,"comment_status":"open","ping_status":"closed","template":"","meta":{"_et_pb_use_builder":"","_et_pb_old_content":"","_et_gb_content_width":""},"product_brand":[],"product_cat":[284,278],"product_tag":[906,929,798,905,288,870,873,1125,1007,1012,1098,1121,886,1117,1076,1122,1118,928,1032],"class_list":{"0":"post-12709","1":"product","2":"type-product","3":"status-publish","4":"has-post-thumbnail","6":"product_cat-cohiba-es-2","7":"product_cat-humidificadores","8":"product_tag-bhk-behike-56-es","9":"product_tag-cigarros-limitados","10":"product_tag-cohiba-es","11":"product_tag-cohiba-50-aniversario-es","12":"product_tag-cohiba-behike-es","13":"product_tag-cohiba-bhk-es","14":"product_tag-cohiba-bhk-56-es","15":"product_tag-habanos-es","16":"product_tag-humidificador-cohiba-behike","17":"product_tag-puro-premium","18":"product_tag-puros","19":"product_tag-puros-anejos-cubanos","20":"product_tag-puros-antiguos","21":"product_tag-puros-cohiba","22":"product_tag-puros-cubanos","23":"product_tag-puros-cubanos-exclusivos","24":"product_tag-puros-habanos","25":"product_tag-puros-para-coleccionistas","26":"product_tag-puros-raros-es","28":"first","29":"outofstock","30":"shipping-taxable","31":"purchasable","32":"product-type-simple"},"aioseo_notices":[],"_links":{"self":[{"href":"https:\/\/smoke.ch\/es\/wp-json\/wp\/v2\/product\/12709","targetHints":{"allow":["GET"]}}],"collection":[{"href":"https:\/\/smoke.ch\/es\/wp-json\/wp\/v2\/product"}],"about":[{"href":"https:\/\/smoke.ch\/es\/wp-json\/wp\/v2\/types\/product"}],"replies":[{"embeddable":true,"href":"https:\/\/smoke.ch\/es\/wp-json\/wp\/v2\/comments?post=12709"}],"wp:featuredmedia":[{"embeddable":true,"href":"https:\/\/smoke.ch\/es\/wp-json\/wp\/v2\/media\/12711"}],"wp:attachment":[{"href":"https:\/\/smoke.ch\/es\/wp-json\/wp\/v2\/media?parent=12709"}],"wp:term":[{"taxonomy":"product_brand","embeddable":true,"href":"https:\/\/smoke.ch\/es\/wp-json\/wp\/v2\/product_brand?post=12709"},{"taxonomy":"product_cat","embeddable":true,"href":"https:\/\/smoke.ch\/es\/wp-json\/wp\/v2\/product_cat?post=12709"},{"taxonomy":"product_tag","embeddable":true,"href":"https:\/\/smoke.ch\/es\/wp-json\/wp\/v2\/product_tag?post=12709"}],"curies":[{"name":"wp","href":"https:\/\/api.w.org\/{rel}","templated":true}]}}