{"id":12721,"date":"2022-03-30T19:56:54","date_gmt":"2022-03-30T19:56:54","guid":{"rendered":"https:\/\/smoke.ch\/product\/whisky-burberrys-25-anos\/"},"modified":"2025-04-25T14:06:00","modified_gmt":"2025-04-25T14:06:00","slug":"whisky-burberrys-25-anos","status":"publish","type":"product","link":"https:\/\/smoke.ch\/es\/producto\/whisky-burberrys-25-anos\/","title":{"rendered":"Whisky Burberrys 25 a\u00f1os"},"content":{"rendered":"<div class=\"flex-1 overflow-hidden\">\n<div class=\"react-scroll-to-bottom--css-pusiv-79elbk h-full dark:bg-gray-800\">\n<div class=\"react-scroll-to-bottom--css-pusiv-1n7m0yu\">\n<div class=\"flex flex-col text-sm dark:bg-gray-800\">\n<div class=\"group w-full text-gray-800 dark:text-gray-100 border-b border-black\/10 dark:border-gray-900\/50 bg-gray-50 dark:bg-[#444654]\">\n<div class=\"flex p-4 gap-4 text-base md:gap-6 md:max-w-2xl lg:max-w-[38rem] xl:max-w-3xl md:py-6 lg:px-0 m-auto\">\n<div class=\"relative flex w-[calc(100%-50px)] flex-col gap-1 md:gap-3 lg:w-[calc(100%-115px)]\">\n<div class=\"flex flex-grow flex-col gap-3\">\n<div class=\"min-h-[20px] flex items-start overflow-x-auto whitespace-pre-wrap break-words flex-col gap-4\">\n<div class=\"markdown prose w-full break-words dark:prose-invert light\">\n<p>Sum\u00e9rgete en el car\u00e1cter fino y elegante del <a href=\"https:\/\/smoke.ch\/es\/categoria-producto\/espiritus\/burberrys-es\/\"><br \/>\n  <strong>whisky Burberry<\/strong><br \/>\n<\/a>una rareza desde hace muchos a\u00f1os. Este whisky equilibrado se ha elaborado cuidadosamente y es excepcionalmente suave y duradero. Con sus notas dulces y de turba, es un placer inolvidable.<\/p>\n<p>El whisky de 25 a\u00f1os se presenta en un elegante envase con dos vasos y est\u00e1 disponible en un elegante decantador de cristal o en una versi\u00f3n limitada de cer\u00e1mica. Como aut\u00e9ntica rareza, este whisky ya no se produce y, por tanto, es un regalo noble de gran prestigio.<\/p>\n<p>Experimenta el lujo y la singularidad de este whisky especial y reg\u00e1late a ti mismo o a un entendido en whisky de tu vida esta experiencia exclusiva. No esperes demasiado, ya que esta oportunidad podr\u00eda acabarse pronto debido a la disponibilidad limitada. Haz tu pedido hoy y aseg\u00farate este excepcional y apreciado <a href=\"https:\/\/smoke.ch\/es\/categoria-producto\/espiritus\/\"><br \/>\n  <strong>esp\u00edritu<\/strong><br \/>\n<\/a>\u00a1!<\/p>\n<\/div>\n<\/div>\n<\/div>\n<div class=\"flex justify-between lg:block\">\n<div class=\"text-gray-400 flex self-end lg:self-center justify-center mt-2 gap-2 md:gap-3 lg:gap-1 lg:absolute lg:top-0 lg:translate-x-full lg:right-0 lg:mt-0 lg:pl-2 visible\">\n<p>&nbsp;<\/p>\n<div class=\"flex gap-1\"><\/div>\n<\/div>\n<\/div>\n<\/div>\n<\/div>\n<\/div>\n<div class=\"h-32 md:h-48 flex-shrink-0\"><\/div>\n<p>&nbsp;<\/p>\n<\/div>\n<\/div>\n<\/div>\n<\/div>\n<div class=\"absolute bottom-0 left-0 w-full border-t md:border-t-0 dark:border-white\/20 md:border-transparent md:dark:border-transparent md:bg-vert-light-gradient bg-white dark:bg-gray-800 md:!bg-transparent dark:md:bg-vert-dark-gradient pt-2 md:pl-2 md:w-[calc(100%-.5rem)]\">\n<form class=\"stretch mx-2 flex flex-row gap-3 last:mb-2 md:mx-4 md:last:mb-6 lg:mx-auto lg:max-w-2xl xl:max-w-3xl\">\n<div class=\"relative flex h-full flex-1 items-stretch md:flex-col\" role=\"presentation\">\n<div>\n<div class=\"h-full flex ml-1 md:w-full md:m-auto md:mb-4 gap-0 md:gap-2 justify-center\"><\/div>\n<\/div>\n<\/div>\n<\/form>\n<\/div>\n","protected":false},"excerpt":{"rendered":"<p>Sum\u00e9rgete en el car\u00e1cter fino y elegante del whisky Burberry una rareza desde hace muchos a\u00f1os. Este whisky equilibrado se ha elaborado cuidadosamente y es excepcionalmente suave y duradero. Con sus notas dulces y de turba, es un placer inolvidable. El whisky de 25 a\u00f1os se presenta en un elegante envase con dos vasos y [&hellip;]<\/p>\n","protected":false},"featured_media":12725,"comment_status":"open","ping_status":"closed","template":"","meta":{"_et_pb_use_builder":"","_et_pb_old_content":"","_et_gb_content_width":""},"product_brand":[],"product_cat":[283,282],"product_tag":[863,1423,1410,1415,1265,908,1428,1411,1414],"class_list":{"0":"post-12721","1":"product","2":"type-product","3":"status-publish","4":"has-post-thumbnail","6":"product_cat-burberrys-es","7":"product_cat-espiritus","8":"product_tag-burberrys-es","9":"product_tag-whisky-es-2","10":"product_tag-whisky-es","11":"product_tag-whisky-anejo","12":"product_tag-whisky-burberrys-es","13":"product_tag-whisky-burberrys-25-anos","14":"product_tag-whisky-de-25-anos","15":"product_tag-whisky-escoces","16":"product_tag-whisky-exclusivo","18":"first","19":"instock","20":"shipping-taxable","21":"purchasable","22":"product-type-variable","23":"has-default-attributes"},"aioseo_notices":[],"_links":{"self":[{"href":"https:\/\/smoke.ch\/es\/wp-json\/wp\/v2\/product\/12721","targetHints":{"allow":["GET"]}}],"collection":[{"href":"https:\/\/smoke.ch\/es\/wp-json\/wp\/v2\/product"}],"about":[{"href":"https:\/\/smoke.ch\/es\/wp-json\/wp\/v2\/types\/product"}],"replies":[{"embeddable":true,"href":"https:\/\/smoke.ch\/es\/wp-json\/wp\/v2\/comments?post=12721"}],"wp:featuredmedia":[{"embeddable":true,"href":"https:\/\/smoke.ch\/es\/wp-json\/wp\/v2\/media\/12725"}],"wp:attachment":[{"href":"https:\/\/smoke.ch\/es\/wp-json\/wp\/v2\/media?parent=12721"}],"wp:term":[{"taxonomy":"product_brand","embeddable":true,"href":"https:\/\/smoke.ch\/es\/wp-json\/wp\/v2\/product_brand?post=12721"},{"taxonomy":"product_cat","embeddable":true,"href":"https:\/\/smoke.ch\/es\/wp-json\/wp\/v2\/product_cat?post=12721"},{"taxonomy":"product_tag","embeddable":true,"href":"https:\/\/smoke.ch\/es\/wp-json\/wp\/v2\/product_tag?post=12721"}],"curies":[{"name":"wp","href":"https:\/\/api.w.org\/{rel}","templated":true}]}}