{"id":12731,"date":"2022-03-30T19:56:54","date_gmt":"2022-03-30T19:56:54","guid":{"rendered":"https:\/\/smoke.ch\/product\/ron-el-conde-de-santiago-25-anos-2\/"},"modified":"2025-04-25T14:19:48","modified_gmt":"2025-04-25T14:19:48","slug":"ron-el-conde-de-santiago-25-anos-2","status":"publish","type":"product","link":"https:\/\/smoke.ch\/es\/producto\/ron-el-conde-de-santiago-25-anos-2\/","title":{"rendered":"Ron El Conde de Santiago \u2013 25 a\u00f1os"},"content":{"rendered":"<div class=\"flex-1 overflow-hidden\">\n<div class=\"react-scroll-to-bottom--css-pusiv-79elbk h-full dark:bg-gray-800\">\n<div class=\"react-scroll-to-bottom--css-pusiv-1n7m0yu\">\n<div class=\"flex flex-col text-sm dark:bg-gray-800\">\n<div class=\"group w-full text-gray-800 dark:text-gray-100 border-b border-black\/10 dark:border-gray-900\/50 bg-gray-50 dark:bg-[#444654]\">\n<div class=\"flex p-4 gap-4 text-base md:gap-6 md:max-w-2xl lg:max-w-[38rem] xl:max-w-3xl md:py-6 lg:px-0 m-auto\">\n<div class=\"relative flex w-[calc(100%-50px)] flex-col gap-1 md:gap-3 lg:w-[calc(100%-115px)]\">\n<div class=\"flex flex-grow flex-col gap-3\">\n<div class=\"min-h-[20px] flex items-start overflow-x-auto whitespace-pre-wrap break-words flex-col gap-4\">\n<div class=\"markdown prose w-full break-words dark:prose-invert light\">\n<p><a href=\"https:\/\/smoke.ch\/es\/categoria-producto\/espiritus\/el-conde-de-santiago-es-2\/\"><strong>El Conde de Santiago<\/strong><\/a> se destil\u00f3 en la d\u00e9cada de 1970 y se madur\u00f3 durante 25 a\u00f1os en barricas de roble fino, un largo proceso de envejecimiento que le confiere un incomparable sabor caribe\u00f1o.<br \/>\nSu c\u00e1lido tono ambarino y su seductor aroma a caramelo, vainilla y flores tropicales son testimonio de la m\u00e1s alta calidad y artesan\u00eda. Este raro ron, que es uno de los m\u00e1s antiguos y<a href=\"https:\/\/smoke.ch\/es\/categoria-producto\/espiritus\/\"><strong>espirituosos m\u00e1s antiguos y preciados<\/strong><\/a> es el favorito de entendidos y coleccionistas por igual.<br \/>\nNo s\u00f3lo inspira el paladar, sino que tambi\u00e9n te lleva a un viaje aventurero al pasado caribe\u00f1o, a un lugar que anta\u00f1o encant\u00f3 a piratas, comerciantes y aventureros. El Conde de Santiago est\u00e1 reconocido en todo el mundo como un ron de primera clase y es una aut\u00e9ntica rareza. Se produjo originalmente para celebrar el 500 aniversario del descubrimiento de Am\u00e9rica. Las \u00faltimas existencias de este preciado espirituoso ya est\u00e1n disponibles en exclusiva en nuestra empresa.    <\/p>\n<\/div>\n<\/div>\n<\/div>\n<div class=\"flex justify-between lg:block\">\n<div class=\"text-gray-400 flex self-end lg:self-center justify-center mt-2 gap-2 md:gap-3 lg:gap-1 lg:absolute lg:top-0 lg:translate-x-full lg:right-0 lg:mt-0 lg:pl-2 visible\">\n<p>&nbsp;<\/p>\n<div class=\"flex gap-1\"><\/div>\n<\/div>\n<\/div>\n<\/div>\n<\/div>\n<\/div>\n<div class=\"h-32 md:h-48 flex-shrink-0\"><\/div>\n<p>&nbsp;<\/p>\n<\/div>\n<\/div>\n<\/div>\n<\/div>\n<div class=\"absolute bottom-0 left-0 w-full border-t md:border-t-0 dark:border-white\/20 md:border-transparent md:dark:border-transparent md:bg-vert-light-gradient bg-white dark:bg-gray-800 md:!bg-transparent dark:md:bg-vert-dark-gradient pt-2 md:pl-2 md:w-[calc(100%-.5rem)]\">\n<form class=\"stretch mx-2 flex flex-row gap-3 last:mb-2 md:mx-4 md:last:mb-6 lg:mx-auto lg:max-w-2xl xl:max-w-3xl\">\n<div class=\"relative flex h-full flex-1 items-stretch md:flex-col\" role=\"presentation\">\n<div>\n<div class=\"h-full flex ml-1 md:w-full md:m-auto md:mb-4 gap-0 md:gap-2 justify-center\"><\/div>\n<\/div>\n<\/div>\n<\/form>\n<\/div>\n","protected":false},"excerpt":{"rendered":"<p>El Conde de Santiago se destil\u00f3 en la d\u00e9cada de 1970 y se madur\u00f3 durante 25 a\u00f1os en barricas de roble fino, un largo proceso de envejecimiento que le confiere un incomparable sabor caribe\u00f1o. Su c\u00e1lido tono ambarino y su seductor aroma a caramelo, vainilla y flores tropicales son testimonio de la m\u00e1s alta calidad [&hellip;]<\/p>\n","protected":false},"featured_media":12732,"comment_status":"open","ping_status":"closed","template":"","meta":{"_et_pb_use_builder":"","_et_pb_old_content":"","_et_gb_content_width":""},"product_brand":[],"product_cat":[285,282],"product_tag":[941,853,1339,1308,1347,855,1439,1338],"class_list":{"0":"post-12731","1":"product","2":"type-product","3":"status-publish","4":"has-post-thumbnail","6":"product_cat-el-conde-de-santiago-es-2","7":"product_cat-espiritus","8":"product_tag-el-conde-de-santiago-es","9":"product_tag-ron","10":"product_tag-ron-anejo","11":"product_tag-ron-cubano","12":"product_tag-ron-de-25-anos","13":"product_tag-ron-el-conde-de-santiago","14":"product_tag-ron-exclusivo","15":"product_tag-ron-raro","17":"first","18":"instock","19":"shipping-taxable","20":"purchasable","21":"product-type-simple"},"aioseo_notices":[],"_links":{"self":[{"href":"https:\/\/smoke.ch\/es\/wp-json\/wp\/v2\/product\/12731","targetHints":{"allow":["GET"]}}],"collection":[{"href":"https:\/\/smoke.ch\/es\/wp-json\/wp\/v2\/product"}],"about":[{"href":"https:\/\/smoke.ch\/es\/wp-json\/wp\/v2\/types\/product"}],"replies":[{"embeddable":true,"href":"https:\/\/smoke.ch\/es\/wp-json\/wp\/v2\/comments?post=12731"}],"wp:featuredmedia":[{"embeddable":true,"href":"https:\/\/smoke.ch\/es\/wp-json\/wp\/v2\/media\/12732"}],"wp:attachment":[{"href":"https:\/\/smoke.ch\/es\/wp-json\/wp\/v2\/media?parent=12731"}],"wp:term":[{"taxonomy":"product_brand","embeddable":true,"href":"https:\/\/smoke.ch\/es\/wp-json\/wp\/v2\/product_brand?post=12731"},{"taxonomy":"product_cat","embeddable":true,"href":"https:\/\/smoke.ch\/es\/wp-json\/wp\/v2\/product_cat?post=12731"},{"taxonomy":"product_tag","embeddable":true,"href":"https:\/\/smoke.ch\/es\/wp-json\/wp\/v2\/product_tag?post=12731"}],"curies":[{"name":"wp","href":"https:\/\/api.w.org\/{rel}","templated":true}]}}