{"id":12746,"date":"2022-03-30T19:56:53","date_gmt":"2022-03-30T19:56:53","guid":{"rendered":"https:\/\/smoke.ch\/product\/cohiba-30-aniversario-humidor-robusto-especial-cigarro-individual\/"},"modified":"2025-05-07T09:39:28","modified_gmt":"2025-05-07T09:39:28","slug":"cohiba-30-aniversario-humidor-robusto-especial-cigarro-individual","status":"publish","type":"product","link":"https:\/\/smoke.ch\/es\/producto\/cohiba-30-aniversario-humidor-robusto-especial-cigarro-individual\/","title":{"rendered":"Cohiba 30 Aniversario Humidor \u2013 Robusto Especial \u2013 Cigarro individual"},"content":{"rendered":"<p>Del <strong>humidor<a href=\"https:\/\/smoke.ch\/es\/categoria-producto\/puros\/cohiba-es\/\">Cohiba<\/a> 30 Aniversario<\/strong> de 1996, podemos ofrecer algunos ejemplares de este excepcional puro a la venta individualmente. El humidor est\u00e1 repleto de <strong>Cohibas Robustos Especial<\/strong>, un formato creado con motivo del aniversario de <a href=\"https:\/\/www.habanos.com\/en\/\"><br \/>\n  <strong>Habanos<\/strong><br \/>\n<\/a> S.A. se present\u00f3 por primera vez al p\u00fablico amante de los puros.<\/p>\n<p>S\u00f3lo se fabricaron 45 humidores con capacidad para 50 Cohibas Robustos Especial. Esta edici\u00f3n limitada hace de estos puros un codiciado objeto de coleccionista y una rareza entre los amantes de los puros. <a href=\"https:\/\/smoke.ch\/es\/categoria-producto\/puros\/\"><br \/>\n  <strong>amantes de los puros<\/strong><br \/>\n<\/a>.<\/p>\n<p>Si quieres experimentar el sabor inconfundible y la excelente calidad de los <strong>Cohiba<\/strong> Robustos Especial del <strong> <a href=\"https:\/\/smoke.ch\/es\/categoria-producto\/humidificadores\/\">Humidor<\/a> Cohiba 30 Aniversario<\/strong>, no dudes en aprovechar esta oportunidad \u00fanica. Consigue ahora puros individuales de este exclusivo humidor y enriquece tu colecci\u00f3n de puros con un toque de lujo e historia. \u00a1Haz tu pedido hoy hasta agotar existencias!<\/p>\n","protected":false},"excerpt":{"rendered":"<p>Del humidorCohiba 30 Aniversario de 1996, podemos ofrecer algunos ejemplares de este excepcional puro a la venta individualmente. El humidor est\u00e1 repleto de Cohibas Robustos Especial, un formato creado con motivo del aniversario de Habanos S.A. se present\u00f3 por primera vez al p\u00fablico amante de los puros. S\u00f3lo se fabricaron 45 humidores con capacidad para [&hellip;]<\/p>\n","protected":false},"featured_media":12747,"comment_status":"open","ping_status":"closed","template":"","meta":{"_et_pb_use_builder":"","_et_pb_old_content":"","_et_gb_content_width":""},"product_brand":[],"product_cat":[275],"product_tag":[929,798,914,913,1125,1012,1098,1121,886,1117,1455,1076,1122,1118,928,1032],"class_list":{"0":"post-12746","1":"product","2":"type-product","3":"status-publish","4":"has-post-thumbnail","6":"product_cat-sin-categoria","7":"product_tag-cigarros-limitados","8":"product_tag-cohiba-es","9":"product_tag-cohiba-30-aniversario","10":"product_tag-cohiba-30-aniversario-humidor-es","11":"product_tag-habanos-es","12":"product_tag-puro-premium","13":"product_tag-puros","14":"product_tag-puros-anejos-cubanos","15":"product_tag-puros-antiguos","16":"product_tag-puros-cohiba","17":"product_tag-puros-cohiba-vintage","18":"product_tag-puros-cubanos","19":"product_tag-puros-cubanos-exclusivos","20":"product_tag-puros-habanos","21":"product_tag-puros-para-coleccionistas","22":"product_tag-puros-raros-es","24":"first","25":"instock","26":"shipping-taxable","27":"purchasable","28":"product-type-simple"},"aioseo_notices":[],"_links":{"self":[{"href":"https:\/\/smoke.ch\/es\/wp-json\/wp\/v2\/product\/12746","targetHints":{"allow":["GET"]}}],"collection":[{"href":"https:\/\/smoke.ch\/es\/wp-json\/wp\/v2\/product"}],"about":[{"href":"https:\/\/smoke.ch\/es\/wp-json\/wp\/v2\/types\/product"}],"replies":[{"embeddable":true,"href":"https:\/\/smoke.ch\/es\/wp-json\/wp\/v2\/comments?post=12746"}],"wp:featuredmedia":[{"embeddable":true,"href":"https:\/\/smoke.ch\/es\/wp-json\/wp\/v2\/media\/12747"}],"wp:attachment":[{"href":"https:\/\/smoke.ch\/es\/wp-json\/wp\/v2\/media?parent=12746"}],"wp:term":[{"taxonomy":"product_brand","embeddable":true,"href":"https:\/\/smoke.ch\/es\/wp-json\/wp\/v2\/product_brand?post=12746"},{"taxonomy":"product_cat","embeddable":true,"href":"https:\/\/smoke.ch\/es\/wp-json\/wp\/v2\/product_cat?post=12746"},{"taxonomy":"product_tag","embeddable":true,"href":"https:\/\/smoke.ch\/es\/wp-json\/wp\/v2\/product_tag?post=12746"}],"curies":[{"name":"wp","href":"https:\/\/api.w.org\/{rel}","templated":true}]}}