{"id":12754,"date":"2022-03-30T19:56:53","date_gmt":"2022-03-30T19:56:53","guid":{"rendered":"https:\/\/smoke.ch\/product\/romeo-y-julieta-wide-churchill-gran-reserva-2009\/"},"modified":"2025-10-19T12:51:16","modified_gmt":"2025-10-19T12:51:16","slug":"romeo-y-julieta-wide-churchill-gran-reserva-2009","status":"publish","type":"product","link":"https:\/\/smoke.ch\/es\/producto\/romeo-y-julieta-wide-churchill-gran-reserva-2009\/","title":{"rendered":"Romeo Y Julieta Wide Churchill Gran Reserva 2009"},"content":{"rendered":"<p>El <strong>puro<a href=\"https:\/\/smoke.ch\/es\/categoria-producto\/puros\/romeo-y-julieta-es\/\">Romeo y Julieta<\/a> Wide Churchill Gran<\/strong> Reserva fue lanzado en 2009 por<a href=\"https:\/\/www.habanos.com\/en\/\"><strong> Habanos <\/strong><\/a>S.A. en el mercado. Desde entonces, goza de gran popularidad entre los amantes de los puros suaves y arom\u00e1ticos.<\/p>\n<p>Como todos los Gran Reserva, este puro es<a href=\"https:\/\/smoke.ch\/es\/categoria-producto\/puros\/\"><strong> puro <\/strong><\/a>se elabora s\u00f3lo con el mejor tabaco, que s\u00f3lo est\u00e1 disponible en cantidades limitadas. Esto hace que el Romeo y Julieta Wide Churchill Cigar Gran Reserva sea una aut\u00e9ntica rareza y s\u00f3lo est\u00e9 disponible en cantidades muy limitadas.<\/p>\n<p>El puro ha recibido muchos elogios de los entendidos y ofrece una fumada equilibrada y de fortaleza media que har\u00e1 las delicias tanto de los fumadores de puros experimentados como de los entendidos.<\/p>\n<p>Experimenta por ti mismo la exclusividad y el sabor inconfundible del Romeo y Julieta Wide Churchill Cigar Gran Reserva y reg\u00e1late una experiencia de fumada muy especial. \u00a1Haz tu pedido hoy hasta agotar existencias!<\/p>\n","protected":false},"excerpt":{"rendered":"<p>El puroRomeo y Julieta Wide Churchill Gran Reserva fue lanzado en 2009 por Habanos S.A. en el mercado. Desde entonces, goza de gran popularidad entre los amantes de los puros suaves y arom\u00e1ticos. Como todos los Gran Reserva, este puro es puro se elabora s\u00f3lo con el mejor tabaco, que s\u00f3lo est\u00e1 disponible en cantidades [&hellip;]<\/p>\n","protected":false},"featured_media":12759,"comment_status":"open","ping_status":"closed","template":"","meta":{"_et_pb_use_builder":"","_et_pb_old_content":"","_et_gb_content_width":""},"product_brand":[],"product_cat":[278,270,272,279],"product_tag":[929,1125,1012,1098,1121,1069,1076,1122,1118,928,294,919],"class_list":{"0":"post-12754","1":"product","2":"type-product","3":"status-publish","4":"has-post-thumbnail","6":"product_cat-humidificadores","7":"product_cat-puros","8":"product_cat-romeo-y-julieta-es","9":"product_cat-romeo-y-julieta-es-2","10":"product_tag-cigarros-limitados","11":"product_tag-habanos-es","12":"product_tag-puro-premium","13":"product_tag-puros","14":"product_tag-puros-anejos-cubanos","15":"product_tag-puros-antiguos-es","16":"product_tag-puros-cubanos","17":"product_tag-puros-cubanos-exclusivos","18":"product_tag-puros-habanos","19":"product_tag-puros-para-coleccionistas","20":"product_tag-romeo-y-julieta-es","21":"product_tag-romeo-y-julieta-wide-churchill-gran-reserva-es","23":"first","24":"instock","25":"shipping-taxable","26":"purchasable","27":"product-type-variable"},"aioseo_notices":[],"_links":{"self":[{"href":"https:\/\/smoke.ch\/es\/wp-json\/wp\/v2\/product\/12754","targetHints":{"allow":["GET"]}}],"collection":[{"href":"https:\/\/smoke.ch\/es\/wp-json\/wp\/v2\/product"}],"about":[{"href":"https:\/\/smoke.ch\/es\/wp-json\/wp\/v2\/types\/product"}],"replies":[{"embeddable":true,"href":"https:\/\/smoke.ch\/es\/wp-json\/wp\/v2\/comments?post=12754"}],"wp:featuredmedia":[{"embeddable":true,"href":"https:\/\/smoke.ch\/es\/wp-json\/wp\/v2\/media\/12759"}],"wp:attachment":[{"href":"https:\/\/smoke.ch\/es\/wp-json\/wp\/v2\/media?parent=12754"}],"wp:term":[{"taxonomy":"product_brand","embeddable":true,"href":"https:\/\/smoke.ch\/es\/wp-json\/wp\/v2\/product_brand?post=12754"},{"taxonomy":"product_cat","embeddable":true,"href":"https:\/\/smoke.ch\/es\/wp-json\/wp\/v2\/product_cat?post=12754"},{"taxonomy":"product_tag","embeddable":true,"href":"https:\/\/smoke.ch\/es\/wp-json\/wp\/v2\/product_tag?post=12754"}],"curies":[{"name":"wp","href":"https:\/\/api.w.org\/{rel}","templated":true}]}}