{"id":12784,"date":"2022-03-30T19:56:53","date_gmt":"2022-03-30T19:56:53","guid":{"rendered":"https:\/\/smoke.ch\/product\/romeo-y-julieta-wide-churchill-tubos-2011-cigarro-individual\/"},"modified":"2025-05-07T09:35:10","modified_gmt":"2025-05-07T09:35:10","slug":"romeo-y-julieta-wide-churchill-tubos-2011-cigarro-individual","status":"publish","type":"product","link":"https:\/\/smoke.ch\/es\/producto\/romeo-y-julieta-wide-churchill-tubos-2011-cigarro-individual\/","title":{"rendered":"Romeo y Julieta Wide Churchill Tubos 2011 \u2013 Cigarro individual"},"content":{"rendered":"<p>El cigarro<strong><a href=\"https:\/\/smoke.ch\/es\/categoria-producto\/puros\/romeo-y-julieta-es\/\"> Romeo y Julieta<\/a> Wide Churchill Tubos<\/strong> ha sido desarrollado por <a href=\"https:\/\/www.habanos.com\/en\/\"><br \/>\n  <strong>Habanos<\/strong><br \/>\n<\/a> S.A. en el mercado en 2010. Desde entonces, goza de gran popularidad entre los amantes de los puros suaves y arom\u00e1ticos.<\/p>\n<p>Este cigarro relativamente barato<a href=\"https:\/\/smoke.ch\/es\/categoria-producto\/puros\/\"><br \/>\n  <strong> habano<\/strong><br \/>\n<\/a> est\u00e1 envuelto individualmente en tubos y ofrece una excelente experiencia de fumada que impresionar\u00e1 a entendidos y aficionados por igual. Cada puro se elabora en 2011, por lo que garantiza una maduraci\u00f3n perfecta que le permite desarrollar todo su sabor y su aroma equilibrado.<\/p>\n<p>Prueba ahora el puro Romeo y Julieta Wide Churchill Tubos y d\u00e9jate inspirar por su calidad e inconfundible car\u00e1cter. Haz tu pedido hoy y disfruta del incomparable sabor de este cigarro de primera clase de la renombrada empresa Romeo y Julieta.<\/p>\n","protected":false},"excerpt":{"rendered":"<p>El cigarro Romeo y Julieta Wide Churchill Tubos ha sido desarrollado por Habanos S.A. en el mercado en 2010. Desde entonces, goza de gran popularidad entre los amantes de los puros suaves y arom\u00e1ticos. Este cigarro relativamente barato habano est\u00e1 envuelto individualmente en tubos y ofrece una excelente experiencia de fumada que impresionar\u00e1 a entendidos [&hellip;]<\/p>\n","protected":false},"featured_media":12786,"comment_status":"open","ping_status":"closed","template":"","meta":{"_et_pb_use_builder":"","_et_pb_old_content":"","_et_gb_content_width":""},"product_brand":[],"product_cat":[270,272],"product_tag":[929,1125,1012,1098,1121,886,1076,1122,1118,928,1032,294,925],"class_list":{"0":"post-12784","1":"product","2":"type-product","3":"status-publish","4":"has-post-thumbnail","6":"product_cat-puros","7":"product_cat-romeo-y-julieta-es","8":"product_tag-cigarros-limitados","9":"product_tag-habanos-es","10":"product_tag-puro-premium","11":"product_tag-puros","12":"product_tag-puros-anejos-cubanos","13":"product_tag-puros-antiguos","14":"product_tag-puros-cubanos","15":"product_tag-puros-cubanos-exclusivos","16":"product_tag-puros-habanos","17":"product_tag-puros-para-coleccionistas","18":"product_tag-puros-raros-es","19":"product_tag-romeo-y-julieta-es","20":"product_tag-romeo-y-julieta-churchill-ancho","22":"first","23":"outofstock","24":"shipping-taxable","25":"purchasable","26":"product-type-variable"},"aioseo_notices":[],"_links":{"self":[{"href":"https:\/\/smoke.ch\/es\/wp-json\/wp\/v2\/product\/12784","targetHints":{"allow":["GET"]}}],"collection":[{"href":"https:\/\/smoke.ch\/es\/wp-json\/wp\/v2\/product"}],"about":[{"href":"https:\/\/smoke.ch\/es\/wp-json\/wp\/v2\/types\/product"}],"replies":[{"embeddable":true,"href":"https:\/\/smoke.ch\/es\/wp-json\/wp\/v2\/comments?post=12784"}],"wp:featuredmedia":[{"embeddable":true,"href":"https:\/\/smoke.ch\/es\/wp-json\/wp\/v2\/media\/12786"}],"wp:attachment":[{"href":"https:\/\/smoke.ch\/es\/wp-json\/wp\/v2\/media?parent=12784"}],"wp:term":[{"taxonomy":"product_brand","embeddable":true,"href":"https:\/\/smoke.ch\/es\/wp-json\/wp\/v2\/product_brand?post=12784"},{"taxonomy":"product_cat","embeddable":true,"href":"https:\/\/smoke.ch\/es\/wp-json\/wp\/v2\/product_cat?post=12784"},{"taxonomy":"product_tag","embeddable":true,"href":"https:\/\/smoke.ch\/es\/wp-json\/wp\/v2\/product_tag?post=12784"}],"curies":[{"name":"wp","href":"https:\/\/api.w.org\/{rel}","templated":true}]}}