{"id":12820,"date":"2022-03-30T19:56:53","date_gmt":"2022-03-30T19:56:53","guid":{"rendered":"https:\/\/smoke.ch\/product\/cohiba-50-aniversario-humidor\/"},"modified":"2026-01-31T15:22:16","modified_gmt":"2026-01-31T15:22:16","slug":"cohiba-50-aniversario-humidor","status":"publish","type":"product","link":"https:\/\/smoke.ch\/es\/producto\/cohiba-50-aniversario-humidor\/","title":{"rendered":"Cohiba Majestuosos 1966 \u2013 Humidor 50 Aniversario"},"content":{"rendered":"<div class=\"flex-1 overflow-hidden\">\n<div class=\"react-scroll-to-bottom--css-pusiv-79elbk h-full dark:bg-gray-800\">\n<div class=\"react-scroll-to-bottom--css-pusiv-1n7m0yu\">\n<div class=\"flex flex-col text-sm dark:bg-gray-800\">\n<div class=\"group w-full text-gray-800 dark:text-gray-100 border-b border-black\/10 dark:border-gray-900\/50 bg-gray-50 dark:bg-[#444654]\">\n<div class=\"flex p-4 gap-4 text-base md:gap-6 md:max-w-2xl lg:max-w-[38rem] xl:max-w-3xl md:py-6 lg:px-0 m-auto\">\n<div class=\"relative flex w-[calc(100%-50px)] flex-col gap-1 md:gap-3 lg:w-[calc(100%-115px)]\">\n<div class=\"flex flex-grow flex-col gap-3\">\n<div class=\"min-h-[20px] flex items-start overflow-x-auto whitespace-pre-wrap break-words flex-col gap-4\">\n<div class=\"markdown prose w-full break-words dark:prose-invert light\">\n<p>Este humidor de <strong><a href=\"https:\/\/www.habanos.com\/en\/\">Habanos<\/a> S.A.<\/strong> fue creado para celebrar el 50 aniversario de la renombrada <a href=\"https:\/\/smoke.ch\/product-category\/zigarren\/cohiba\/\"><strong>marca de puros Cohiba<\/strong><\/a> en 2016 en una edici\u00f3n estrictamente limitada de s\u00f3lo 1966 piezas. El exclusivo formato de puros \u00abMajestuosos\u00bb, con cepo 58, fue creado espec\u00edficamente para este humidor del 50.\u00ba aniversario. Disponemos de <a href=\"https:\/\/smoke.ch\/product-category\/zigarren\/\"><strong>puros individuales<\/strong><\/a> de este excepcional formato.<\/p>\n<p>La disponibilidad de estos exquisitos puros conmemorativos est\u00e1 estrictamente limitada a 1996 humidores con 20 puros cada uno. Aseg\u00farate uno de estos raros<a href=\"https:\/\/smoke.ch\/product-category\/humidore\/cohiba-humidore\/\"><br \/>\n  <strong> Cohiba 50 Aniversario<\/strong><br \/>\n<\/a> y disfruta de una experiencia de fumada inolvidable que honra la historia y la tradici\u00f3n de Cohiba. D\u00e9jate inspirar por la excepcional calidad y el exquisito sabor de estos puros especiales y celebra con nosotros el 50 aniversario de Cohiba.<\/p>\n<p>El Cohiba Majestuosos es un formato de puro \u00fanico que es muy dif\u00edcil de comprar individualmente y se vende en <a href=\"https:\/\/www.onlinecigarauctions.com\/sold_lot_info.php?products_id=11993\"><br \/>\n  <strong>subastas en l\u00ednea<\/strong><br \/>\n<\/a> extremadamente buscados.<\/p>\n<p>Adem\u00e1s de un <strong>humidor abierto<\/strong> del que vendemos puros individuales, tambi\u00e9n tenemos varios <a href=\"https:\/\/smoke.ch\/product-category\/humidore\/\"><strong>humidores completos<\/strong> <strong>humidores<\/strong><\/a> en stock, incluidos los n\u00fameros 1121 y 1350, que a\u00fan est\u00e1n disponibles. Asegura tu <a href=\"https:\/\/smoke.ch\/es\/producto\/cohiba-majestuosos-edicion-especial\/\"><strong>Cohiba Majestuosos <\/strong><\/a>y experimenta un placer de fumar \u00fanico con motivo del 50 aniversario de Cohiba.<\/p>\n<\/div>\n<\/div>\n<\/div>\n<div class=\"flex justify-between lg:block\">\n<div class=\"text-gray-400 flex self-end lg:self-center justify-center mt-2 gap-2 md:gap-3 lg:gap-1 lg:absolute lg:top-0 lg:translate-x-full lg:right-0 lg:mt-0 lg:pl-2 visible\">\n<p>&nbsp;<\/p>\n<div class=\"flex gap-1\"><\/div>\n<\/div>\n<\/div>\n<\/div>\n<\/div>\n<\/div>\n<div class=\"h-32 md:h-48 flex-shrink-0\"><\/div>\n<p>&nbsp;<\/p>\n<\/div>\n<\/div>\n<\/div>\n<\/div>\n<div class=\"absolute bottom-0 left-0 w-full border-t md:border-t-0 dark:border-white\/20 md:border-transparent md:dark:border-transparent md:bg-vert-light-gradient bg-white dark:bg-gray-800 md:!bg-transparent dark:md:bg-vert-dark-gradient pt-2 md:pl-2 md:w-[calc(100%-.5rem)]\">\n<form class=\"stretch mx-2 flex flex-row gap-3 last:mb-2 md:mx-4 md:last:mb-6 lg:mx-auto lg:max-w-2xl xl:max-w-3xl\">\n<div class=\"relative flex h-full flex-1 items-stretch md:flex-col\" role=\"presentation\">\n<div>\n<div class=\"h-full flex ml-1 md:w-full md:m-auto md:mb-4 gap-0 md:gap-2 justify-center\"><\/div>\n<\/div>\n<\/div>\n<\/form>\n<\/div>\n","protected":false},"excerpt":{"rendered":"<p>Este humidor de Habanos S.A. fue creado para celebrar el 50 aniversario de la renombrada marca de puros Cohiba en 2016 en una edici\u00f3n estrictamente limitada de s\u00f3lo 1966 piezas. El exclusivo formato de puros \u00abMajestuosos\u00bb, con cepo 58, fue creado espec\u00edficamente para este humidor del 50.\u00ba aniversario. Disponemos de puros individuales de este excepcional [&hellip;]<\/p>\n","protected":false},"featured_media":12824,"comment_status":"open","ping_status":"closed","template":"","meta":{"_et_pb_use_builder":"","_et_pb_old_content":"","_et_gb_content_width":""},"product_brand":[],"product_cat":[284,271,278,270],"product_tag":[1842,929,905,1844,1843,1845,1117,1076],"class_list":{"0":"post-12820","1":"product","2":"type-product","3":"status-publish","4":"has-post-thumbnail","6":"product_cat-cohiba-es-2","7":"product_cat-cohiba-es","8":"product_cat-humidificadores","9":"product_cat-puros","10":"product_tag-cigarros-cohiba-anniversary","11":"product_tag-cigarros-limitados","12":"product_tag-cohiba-50-aniversario-es","13":"product_tag-comprar-cohiba-50-aniversario","14":"product_tag-humidor-cohiba-majestuosos-1966","15":"product_tag-precio-del-50o-aniversario-de-cohiba","16":"product_tag-puros-cohiba","17":"product_tag-puros-cubanos","19":"first","20":"instock","21":"sold-individually","22":"shipping-taxable","23":"purchasable","24":"product-type-variable"},"aioseo_notices":[],"_links":{"self":[{"href":"https:\/\/smoke.ch\/es\/wp-json\/wp\/v2\/product\/12820","targetHints":{"allow":["GET"]}}],"collection":[{"href":"https:\/\/smoke.ch\/es\/wp-json\/wp\/v2\/product"}],"about":[{"href":"https:\/\/smoke.ch\/es\/wp-json\/wp\/v2\/types\/product"}],"replies":[{"embeddable":true,"href":"https:\/\/smoke.ch\/es\/wp-json\/wp\/v2\/comments?post=12820"}],"wp:featuredmedia":[{"embeddable":true,"href":"https:\/\/smoke.ch\/es\/wp-json\/wp\/v2\/media\/12824"}],"wp:attachment":[{"href":"https:\/\/smoke.ch\/es\/wp-json\/wp\/v2\/media?parent=12820"}],"wp:term":[{"taxonomy":"product_brand","embeddable":true,"href":"https:\/\/smoke.ch\/es\/wp-json\/wp\/v2\/product_brand?post=12820"},{"taxonomy":"product_cat","embeddable":true,"href":"https:\/\/smoke.ch\/es\/wp-json\/wp\/v2\/product_cat?post=12820"},{"taxonomy":"product_tag","embeddable":true,"href":"https:\/\/smoke.ch\/es\/wp-json\/wp\/v2\/product_tag?post=12820"}],"curies":[{"name":"wp","href":"https:\/\/api.w.org\/{rel}","templated":true}]}}