{"id":12877,"date":"2022-03-30T19:56:53","date_gmt":"2022-03-30T19:56:53","guid":{"rendered":"https:\/\/smoke.ch\/product\/montecristo-puritos\/"},"modified":"2025-05-09T08:13:37","modified_gmt":"2025-05-09T08:13:37","slug":"montecristo-puritos","status":"publish","type":"product","link":"https:\/\/smoke.ch\/es\/producto\/montecristo-puritos\/","title":{"rendered":"Montecristo Puritos"},"content":{"rendered":"<div id=\"main-content\">\n<div id=\"et-boc\" class=\"et-boc\">\n<div class=\"et-l et-l--body\">\n<div class=\"et_builder_inner_content et_pb_gutters3 product\">\n<div class=\"et_pb_section et_pb_section_0_tb_body et_section_regular\">\n<div class=\"et_pb_row et_pb_row_2_tb_body\">\n<div class=\"et_pb_column et_pb_column_4_4 et_pb_column_3_tb_body et_pb_css_mix_blend_mode_passthrough et-last-child\">\n<div class=\"et_pb_module et_pb_wc_tabs et_pb_wc_tabs_0_tb_body et_pb_tabs \">\n<div class=\"et_pb_all_tabs\">\n<div class=\"et_pb_tab clearfix et_pb_active_content et-pb-active-slide\">\n<div class=\"et_pb_tab_content\">\n<p><strong>Los<a href=\"https:\/\/smoke.ch\/es\/categoria-producto\/puros\/montecristo-es\/\">Montecristo<\/a> Puritos<\/strong> son la elecci\u00f3n perfecta para una fumada r\u00e1pida entre horas. Los pr\u00e1cticos cigarritos se elaboran con una mezcla equilibrada de tabaco procedente de la renombrada regi\u00f3n productora de Vuelta Abajo y ofrecen una experiencia arom\u00e1tica al fumarlos.<\/p>\n<p>Nuestra oferta Puritos de <a href=\"https:\/\/www.habanos.com\/en\/\"><br \/>\n  <strong>Habanos<\/strong><br \/>\n<\/a> S.A. datan de 2012 y han sido cuidadosamente almacenados, lo que ha permitido que se desarrollen perfectamente con el paso del tiempo. Una caja contiene cinco de estos peque\u00f1os pero reconocibles <a href=\"https:\/\/smoke.ch\/es\/categoria-producto\/puros\/\"><br \/>\n  <strong>Montecristo<\/strong><br \/>\n<\/a>.<\/p>\n<p>Disfruta de un breve momento de relajaci\u00f3n con Montecristo Puritos y d\u00e9jate convencer por la calidad y el sabor de estos pr\u00e1cticos puritos. Ideal para los amantes de los puros que aprecian una gama completa de sabores, aunque sean cortos. \u00a1Haz tu pedido hoy y del\u00e9itate con el placer de estos finos puritos!<\/p>\n<\/div>\n<\/div>\n<\/div>\n<\/div>\n<\/div>\n<\/div>\n<\/div>\n<\/div>\n<\/div>\n<\/div>\n<\/div>\n","protected":false},"excerpt":{"rendered":"<p>LosMontecristo Puritos son la elecci\u00f3n perfecta para una fumada r\u00e1pida entre horas. Los pr\u00e1cticos cigarritos se elaboran con una mezcla equilibrada de tabaco procedente de la renombrada regi\u00f3n productora de Vuelta Abajo y ofrecen una experiencia arom\u00e1tica al fumarlos. Nuestra oferta Puritos de Habanos S.A. datan de 2012 y han sido cuidadosamente almacenados, lo que [&hellip;]<\/p>\n","protected":false},"featured_media":12878,"comment_status":"open","ping_status":"closed","template":"","meta":{"_et_pb_use_builder":"","_et_pb_old_content":"","_et_gb_content_width":""},"product_brand":[],"product_cat":[277,270],"product_tag":[1125,865,932,1118,1352],"class_list":{"0":"post-12877","1":"product","2":"type-product","3":"status-publish","4":"has-post-thumbnail","6":"product_cat-montecristo-es","7":"product_cat-puros","8":"product_tag-habanos-es","9":"product_tag-montecristo-es","10":"product_tag-montecristo-puritos-es","11":"product_tag-puros-habanos","12":"product_tag-puros-montecristo","14":"first","15":"instock","16":"shipping-taxable","17":"purchasable","18":"product-type-simple"},"aioseo_notices":[],"_links":{"self":[{"href":"https:\/\/smoke.ch\/es\/wp-json\/wp\/v2\/product\/12877","targetHints":{"allow":["GET"]}}],"collection":[{"href":"https:\/\/smoke.ch\/es\/wp-json\/wp\/v2\/product"}],"about":[{"href":"https:\/\/smoke.ch\/es\/wp-json\/wp\/v2\/types\/product"}],"replies":[{"embeddable":true,"href":"https:\/\/smoke.ch\/es\/wp-json\/wp\/v2\/comments?post=12877"}],"wp:featuredmedia":[{"embeddable":true,"href":"https:\/\/smoke.ch\/es\/wp-json\/wp\/v2\/media\/12878"}],"wp:attachment":[{"href":"https:\/\/smoke.ch\/es\/wp-json\/wp\/v2\/media?parent=12877"}],"wp:term":[{"taxonomy":"product_brand","embeddable":true,"href":"https:\/\/smoke.ch\/es\/wp-json\/wp\/v2\/product_brand?post=12877"},{"taxonomy":"product_cat","embeddable":true,"href":"https:\/\/smoke.ch\/es\/wp-json\/wp\/v2\/product_cat?post=12877"},{"taxonomy":"product_tag","embeddable":true,"href":"https:\/\/smoke.ch\/es\/wp-json\/wp\/v2\/product_tag?post=12877"}],"curies":[{"name":"wp","href":"https:\/\/api.w.org\/{rel}","templated":true}]}}