{"id":12905,"date":"2022-03-30T19:56:53","date_gmt":"2022-03-30T19:56:53","guid":{"rendered":"https:\/\/smoke.ch\/product\/montecristo-edmundo-vintage-2013-cigarro-individual\/"},"modified":"2022-03-30T19:56:53","modified_gmt":"2022-03-30T19:56:53","slug":"montecristo-edmundo-vintage-2013-cigarro-individual","status":"publish","type":"product","link":"https:\/\/smoke.ch\/es\/producto\/montecristo-edmundo-vintage-2013-cigarro-individual\/","title":{"rendered":"Montecristo Edmundo \u2013 Vintage 2013 \u2013 Cigarro individual"},"content":{"rendered":"<p>Descubre el <strong><a href=\"https:\/\/smoke.ch\/product-category\/zigarren\/montecristo\/\">Montecristo<\/a> Edmundo<\/strong>, un puro con un nuevo formato un poco m\u00e1s grande y largo que un Robusto. Con sus sabores maravillosamente equilibrados, el Montecristo Edmundo es un placer incluso a una edad temprana. Los puros que se ofrecen proceden de <a href=\"https:\/\/www.habanos.com\/en\/\"><br \/>\n  <strong>Habanos<\/strong><br \/>\n<\/a> S.A. desde 2013 y, por tanto, ya han madurado para ofrecerte una experiencia de fumada inigualable.<\/p>\n<p>Haz tu pedido hoy y disfruta de los sabores con cuerpo de este fino puro. <a href=\"https:\/\/smoke.ch\/product-category\/zigarren\/\"><br \/>\n  <strong>puro<\/strong><br \/>\n<\/a> te seducir\u00e1 El Montecristo Edmundo es una elecci\u00f3n perfecta para los entendidos y aficionados que buscan un puro rico en sabor y de la m\u00e1xima calidad. Sum\u00e9rgete en el placer del Montecristo Edmundo y experimenta la fascinaci\u00f3n de un puro magistral.<\/p>\n","protected":false},"excerpt":{"rendered":"<p>Descubre el Montecristo Edmundo, un puro con un nuevo formato un poco m\u00e1s grande y largo que un Robusto. Con sus sabores maravillosamente equilibrados, el Montecristo Edmundo es un placer incluso a una edad temprana. Los puros que se ofrecen proceden de Habanos S.A. desde 2013 y, por tanto, ya han madurado para ofrecerte una [&hellip;]<\/p>\n","protected":false},"featured_media":12911,"comment_status":"open","ping_status":"closed","template":"","meta":{"_et_pb_use_builder":"","_et_pb_old_content":"","_et_gb_content_width":""},"product_brand":[],"product_cat":[277,270],"product_tag":[865,937],"class_list":{"0":"post-12905","1":"product","2":"type-product","3":"status-publish","4":"has-post-thumbnail","6":"product_cat-montecristo-es","7":"product_cat-puros","8":"product_tag-montecristo-es","9":"product_tag-montecristo-edmundo-es","11":"first","12":"instock","13":"shipping-taxable","14":"purchasable","15":"product-type-variable"},"aioseo_notices":[],"_links":{"self":[{"href":"https:\/\/smoke.ch\/es\/wp-json\/wp\/v2\/product\/12905","targetHints":{"allow":["GET"]}}],"collection":[{"href":"https:\/\/smoke.ch\/es\/wp-json\/wp\/v2\/product"}],"about":[{"href":"https:\/\/smoke.ch\/es\/wp-json\/wp\/v2\/types\/product"}],"replies":[{"embeddable":true,"href":"https:\/\/smoke.ch\/es\/wp-json\/wp\/v2\/comments?post=12905"}],"wp:featuredmedia":[{"embeddable":true,"href":"https:\/\/smoke.ch\/es\/wp-json\/wp\/v2\/media\/12911"}],"wp:attachment":[{"href":"https:\/\/smoke.ch\/es\/wp-json\/wp\/v2\/media?parent=12905"}],"wp:term":[{"taxonomy":"product_brand","embeddable":true,"href":"https:\/\/smoke.ch\/es\/wp-json\/wp\/v2\/product_brand?post=12905"},{"taxonomy":"product_cat","embeddable":true,"href":"https:\/\/smoke.ch\/es\/wp-json\/wp\/v2\/product_cat?post=12905"},{"taxonomy":"product_tag","embeddable":true,"href":"https:\/\/smoke.ch\/es\/wp-json\/wp\/v2\/product_tag?post=12905"}],"curies":[{"name":"wp","href":"https:\/\/api.w.org\/{rel}","templated":true}]}}