{"id":12936,"date":"2022-03-30T19:56:53","date_gmt":"2022-03-30T19:56:53","guid":{"rendered":"https:\/\/smoke.ch\/product\/el-conde-de-santiago-robustos\/"},"modified":"2022-03-30T19:56:53","modified_gmt":"2022-03-30T19:56:53","slug":"el-conde-de-santiago-robustos","status":"publish","type":"product","link":"https:\/\/smoke.ch\/es\/producto\/el-conde-de-santiago-robustos\/","title":{"rendered":"El Conde De Santiago \u2013 Robustos"},"content":{"rendered":"<p>El Robusto de <a href=\"https:\/\/smoke.ch\/product-category\/zigarren\/el-conde-de-santiago-zigarren\/\"><br \/>\n  <strong>El Conde de Santiago<\/strong><br \/>\n<\/a> es una creaci\u00f3n exclusiva de la casa. Seleccionamos cuidadosamente los tabacos crudos y los maduramos durante al menos dos o tres a\u00f1os antes de procesarlos. Para este <a href=\"https:\/\/smoke.ch\/product-category\/zigarren\/\"><br \/>\n  <strong>puro<\/strong><br \/>\n<\/a> de El Conde de Santiago se utilizan s\u00f3lo los mejores tabacos crudos de la renombrada regi\u00f3n de <strong>Vuelta Abajo<\/strong>, en Pinar del R\u00edo.<\/p>\n<p>Prueba ahora este cigarro \u00fanico de producci\u00f3n propia y experimenta el sabor y la calidad incomparables de El Conde de Santiago. Con sus exquisitos sabores a tabaco y su meticulosa elaboraci\u00f3n, este Robusto promete una experiencia de fumada inolvidable. Saborea la exclusividad y la perfecci\u00f3n de cada puro El Conde de Santiago, un rico complemento para cualquier humidor. <a href=\"https:\/\/smoke.ch\/product-category\/zigarren\/el-conde-de-santiago-zigarren\/\"><br \/>\n  <strong>humidor<\/strong><br \/>\n<\/a>.<\/p>\n","protected":false},"excerpt":{"rendered":"<p>El Robusto de El Conde de Santiago es una creaci\u00f3n exclusiva de la casa. Seleccionamos cuidadosamente los tabacos crudos y los maduramos durante al menos dos o tres a\u00f1os antes de procesarlos. Para este puro de El Conde de Santiago se utilizan s\u00f3lo los mejores tabacos crudos de la renombrada regi\u00f3n de Vuelta Abajo, en [&hellip;]<\/p>\n","protected":false},"featured_media":12937,"comment_status":"open","ping_status":"closed","template":"","meta":{"_et_pb_use_builder":"","_et_pb_old_content":"","_et_gb_content_width":""},"product_brand":[],"product_cat":[273,270],"product_tag":[941,942],"class_list":{"0":"post-12936","1":"product","2":"type-product","3":"status-publish","4":"has-post-thumbnail","6":"product_cat-el-conde-de-santiago-es","7":"product_cat-puros","8":"product_tag-el-conde-de-santiago-es","9":"product_tag-el-conde-de-santiago-robustos-es","11":"first","12":"instock","13":"shipping-taxable","14":"purchasable","15":"product-type-variable"},"aioseo_notices":[],"_links":{"self":[{"href":"https:\/\/smoke.ch\/es\/wp-json\/wp\/v2\/product\/12936","targetHints":{"allow":["GET"]}}],"collection":[{"href":"https:\/\/smoke.ch\/es\/wp-json\/wp\/v2\/product"}],"about":[{"href":"https:\/\/smoke.ch\/es\/wp-json\/wp\/v2\/types\/product"}],"replies":[{"embeddable":true,"href":"https:\/\/smoke.ch\/es\/wp-json\/wp\/v2\/comments?post=12936"}],"wp:featuredmedia":[{"embeddable":true,"href":"https:\/\/smoke.ch\/es\/wp-json\/wp\/v2\/media\/12937"}],"wp:attachment":[{"href":"https:\/\/smoke.ch\/es\/wp-json\/wp\/v2\/media?parent=12936"}],"wp:term":[{"taxonomy":"product_brand","embeddable":true,"href":"https:\/\/smoke.ch\/es\/wp-json\/wp\/v2\/product_brand?post=12936"},{"taxonomy":"product_cat","embeddable":true,"href":"https:\/\/smoke.ch\/es\/wp-json\/wp\/v2\/product_cat?post=12936"},{"taxonomy":"product_tag","embeddable":true,"href":"https:\/\/smoke.ch\/es\/wp-json\/wp\/v2\/product_tag?post=12936"}],"curies":[{"name":"wp","href":"https:\/\/api.w.org\/{rel}","templated":true}]}}