{"id":12963,"date":"2022-03-30T19:56:52","date_gmt":"2022-03-30T19:56:52","guid":{"rendered":"https:\/\/smoke.ch\/product\/el-conde-de-santiago-piramide\/"},"modified":"2022-03-30T19:56:52","modified_gmt":"2022-03-30T19:56:52","slug":"el-conde-de-santiago-piramide","status":"publish","type":"product","link":"https:\/\/smoke.ch\/es\/producto\/el-conde-de-santiago-piramide\/","title":{"rendered":"El Conde De Santiago Piramide"},"content":{"rendered":"<p>Prueba la exclusiva <strong>Pir\u00e1mide<a href=\"https:\/\/smoke.ch\/product-category\/zigarren\/el-conde-de-santiago-zigarren\/\">El Conde De<\/a><\/strong> Santiago, una creaci\u00f3n propia elaborada con tabacos crudos seleccionados a mano. Nuestros experimentados maestros tabaqueros han seleccionado cuidadosamente s\u00f3lo los mejores tabacos crudos, que han madurado durante al menos 2-3 a\u00f1os antes de ser transformados en puro. Este largo proceso de envejecimiento produce un aroma incomparable y un sabor con cuerpo que hace que cada calada sea un aut\u00e9ntico placer.<\/p>\n<p>Este <a href=\"https:\/\/smoke.ch\/product-category\/zigarren\/\"><br \/>\n  <strong>puro<\/strong><br \/>\n<\/a> se produce en peque\u00f1as cantidades para garantizar la m\u00e1xima calidad y exclusividad. Cada puro se produce con gran cuidado y precisi\u00f3n para garantizar que satisface las elevadas exigencias de nuestros exigentes clientes.<\/p>\n<p>Disfruta de uno de los mejores puros que hayas probado nunca: El Conde De Santiago Piramiede. Sum\u00e9rgete en el mundo de los sabores finos y descubre el sabor inconfundible que hace de este puro algo muy especial, un rico complemento para cualquier humidor.<a href=\"https:\/\/smoke.ch\/product-category\/zigarren\/el-conde-de-santiago-zigarren\/\"><br \/>\n  <strong> humidor<\/strong><br \/>\n<\/a>.<\/p>\n","protected":false},"excerpt":{"rendered":"<p>Prueba la exclusiva Pir\u00e1mideEl Conde De Santiago, una creaci\u00f3n propia elaborada con tabacos crudos seleccionados a mano. Nuestros experimentados maestros tabaqueros han seleccionado cuidadosamente s\u00f3lo los mejores tabacos crudos, que han madurado durante al menos 2-3 a\u00f1os antes de ser transformados en puro. Este largo proceso de envejecimiento produce un aroma incomparable y un sabor [&hellip;]<\/p>\n","protected":false},"featured_media":12968,"comment_status":"open","ping_status":"closed","template":"","meta":{"_et_pb_use_builder":"","_et_pb_old_content":"","_et_gb_content_width":""},"product_brand":[],"product_cat":[273,270],"product_tag":[941,945],"class_list":{"0":"post-12963","1":"product","2":"type-product","3":"status-publish","4":"has-post-thumbnail","6":"product_cat-el-conde-de-santiago-es","7":"product_cat-puros","8":"product_tag-el-conde-de-santiago-es","9":"product_tag-el-conde-de-santiago-piramide-es","11":"first","12":"instock","13":"shipping-taxable","14":"purchasable","15":"product-type-variable"},"aioseo_notices":[],"_links":{"self":[{"href":"https:\/\/smoke.ch\/es\/wp-json\/wp\/v2\/product\/12963","targetHints":{"allow":["GET"]}}],"collection":[{"href":"https:\/\/smoke.ch\/es\/wp-json\/wp\/v2\/product"}],"about":[{"href":"https:\/\/smoke.ch\/es\/wp-json\/wp\/v2\/types\/product"}],"replies":[{"embeddable":true,"href":"https:\/\/smoke.ch\/es\/wp-json\/wp\/v2\/comments?post=12963"}],"wp:featuredmedia":[{"embeddable":true,"href":"https:\/\/smoke.ch\/es\/wp-json\/wp\/v2\/media\/12968"}],"wp:attachment":[{"href":"https:\/\/smoke.ch\/es\/wp-json\/wp\/v2\/media?parent=12963"}],"wp:term":[{"taxonomy":"product_brand","embeddable":true,"href":"https:\/\/smoke.ch\/es\/wp-json\/wp\/v2\/product_brand?post=12963"},{"taxonomy":"product_cat","embeddable":true,"href":"https:\/\/smoke.ch\/es\/wp-json\/wp\/v2\/product_cat?post=12963"},{"taxonomy":"product_tag","embeddable":true,"href":"https:\/\/smoke.ch\/es\/wp-json\/wp\/v2\/product_tag?post=12963"}],"curies":[{"name":"wp","href":"https:\/\/api.w.org\/{rel}","templated":true}]}}