{"id":12987,"date":"2022-03-30T19:56:52","date_gmt":"2022-03-30T19:56:52","guid":{"rendered":"https:\/\/smoke.ch\/product\/cohiba-bhk-behike-54-vintage-2012-cigarro-individual\/"},"modified":"2025-03-22T11:46:43","modified_gmt":"2025-03-22T11:46:43","slug":"cohiba-bhk-behike-54-vintage-2012-cigarro-individual","status":"publish","type":"product","link":"https:\/\/smoke.ch\/es\/producto\/cohiba-bhk-behike-54-vintage-2012-cigarro-individual\/","title":{"rendered":"Cohiba BHK Behike 54 \u2013 Vintage 2012 \u2013 Cigarro individual"},"content":{"rendered":"<div class=\"flex-1 overflow-hidden\">\n<div class=\"react-scroll-to-bottom--css-pusiv-79elbk h-full dark:bg-gray-800\">\n<div class=\"react-scroll-to-bottom--css-pusiv-1n7m0yu\">\n<div class=\"flex flex-col text-sm dark:bg-gray-800\">\n<div class=\"group w-full text-gray-800 dark:text-gray-100 border-b border-black\/10 dark:border-gray-900\/50 bg-gray-50 dark:bg-[#444654]\">\n<div class=\"flex p-4 gap-4 text-base md:gap-6 md:max-w-2xl lg:max-w-[38rem] xl:max-w-3xl md:py-6 lg:px-0 m-auto\">\n<div class=\"relative flex w-[calc(100%-50px)] flex-col gap-1 md:gap-3 lg:w-[calc(100%-115px)]\">\n<div class=\"flex flex-grow flex-col gap-3\">\n<div class=\"min-h-[20px] flex items-start overflow-x-auto whitespace-pre-wrap break-words flex-col gap-4\">\n<div class=\"markdown prose w-full break-words dark:prose-invert light\">\n<p>El secreto mejor guardado de Cohiba se anunci\u00f3 como una l\u00ednea nueva y exclusiva en el 12\u00ba Festival del Habano en 2010. El <a href=\"https:\/\/smoke.ch\/es\/categoria-producto\/puros\/cohiba-es\/\"><br \/>\n  <strong>Cohiba Behike<\/strong><br \/>\n<\/a>disponible en tres formatos: BHK 52, BHK 54 y BHK 56, se fabrica y vende en cantidades muy limitadas cada a\u00f1o.<\/p>\n<p>El Cohiba BHK 54 de la exclusiva <strong>l\u00ednea Behike de <a href=\"https:\/\/www.habanos.com\/en\/\">Habanos<\/a> S.A.<\/strong> es un<a href=\"https:\/\/smoke.ch\/es\/categoria-producto\/puros\/\"><strong> puro<\/strong> <\/a>de producci\u00f3n limitada. Con su sabor extraordinariamente denso e intenso, est\u00e1 considerado uno de los mejores puros del mercado. No lo dudes m\u00e1s y consigue ahora este exclusivo puro vintage para disfrutar de una experiencia de fumada inolvidable. \u00a1Sum\u00e9rgete en el mundo del Cohiba Behike y descubre la calidad y el sabor \u00fanicos que ofrece este puro!<\/p>\n<\/div>\n<\/div>\n<\/div>\n<div class=\"flex justify-between lg:block\">\n<div class=\"text-gray-400 flex self-end lg:self-center justify-center mt-2 gap-2 md:gap-3 lg:gap-1 lg:absolute lg:top-0 lg:translate-x-full lg:right-0 lg:mt-0 lg:pl-2 visible\">\n<p>&nbsp;<\/p>\n<div class=\"flex gap-1\"><\/div>\n<\/div>\n<\/div>\n<\/div>\n<\/div>\n<\/div>\n<div class=\"h-32 md:h-48 flex-shrink-0\"><\/div>\n<p>&nbsp;<\/p>\n<\/div>\n<\/div>\n<\/div>\n<\/div>\n<div class=\"absolute bottom-0 left-0 w-full border-t md:border-t-0 dark:border-white\/20 md:border-transparent md:dark:border-transparent md:bg-vert-light-gradient bg-white dark:bg-gray-800 md:!bg-transparent dark:md:bg-vert-dark-gradient pt-2 md:pl-2 md:w-[calc(100%-.5rem)]\">\n<form class=\"stretch mx-2 flex flex-row gap-3 last:mb-2 md:mx-4 md:last:mb-6 lg:mx-auto lg:max-w-2xl xl:max-w-3xl\">\n<div class=\"relative flex h-full flex-1 items-stretch md:flex-col\" role=\"presentation\">\n<div>\n<div class=\"h-full flex ml-1 md:w-full md:m-auto md:mb-4 gap-0 md:gap-2 justify-center\"><\/div>\n<\/div>\n<\/div>\n<\/form>\n<\/div>\n<p>&nbsp;<\/p>\n","protected":false},"excerpt":{"rendered":"<p>El secreto mejor guardado de Cohiba se anunci\u00f3 como una l\u00ednea nueva y exclusiva en el 12\u00ba Festival del Habano en 2010. El Cohiba Behike disponible en tres formatos: BHK 52, BHK 54 y BHK 56, se fabrica y vende en cantidades muy limitadas cada a\u00f1o. El Cohiba BHK 54 de la exclusiva l\u00ednea Behike [&hellip;]<\/p>\n","protected":false},"featured_media":12989,"comment_status":"open","ping_status":"closed","template":"","meta":{"_et_pb_use_builder":"","_et_pb_old_content":"","_et_gb_content_width":""},"product_brand":[],"product_cat":[275],"product_tag":[929,798,288,870,877,1168,1125,1012,1098,1121,886,1117,1076,1122,1118,928,1032],"class_list":{"0":"post-12987","1":"product","2":"type-product","3":"status-publish","4":"has-post-thumbnail","6":"product_cat-sin-categoria","7":"product_tag-cigarros-limitados","8":"product_tag-cohiba-es","9":"product_tag-cohiba-behike-es","10":"product_tag-cohiba-bhk-es","11":"product_tag-cohiba-bhk-54-es","12":"product_tag-cohiba-bhk54-es","13":"product_tag-habanos-es","14":"product_tag-puro-premium","15":"product_tag-puros","16":"product_tag-puros-anejos-cubanos","17":"product_tag-puros-antiguos","18":"product_tag-puros-cohiba","19":"product_tag-puros-cubanos","20":"product_tag-puros-cubanos-exclusivos","21":"product_tag-puros-habanos","22":"product_tag-puros-para-coleccionistas","23":"product_tag-puros-raros-es","25":"first","26":"instock","27":"shipping-taxable","28":"purchasable","29":"product-type-variable"},"aioseo_notices":[],"_links":{"self":[{"href":"https:\/\/smoke.ch\/es\/wp-json\/wp\/v2\/product\/12987","targetHints":{"allow":["GET"]}}],"collection":[{"href":"https:\/\/smoke.ch\/es\/wp-json\/wp\/v2\/product"}],"about":[{"href":"https:\/\/smoke.ch\/es\/wp-json\/wp\/v2\/types\/product"}],"replies":[{"embeddable":true,"href":"https:\/\/smoke.ch\/es\/wp-json\/wp\/v2\/comments?post=12987"}],"wp:featuredmedia":[{"embeddable":true,"href":"https:\/\/smoke.ch\/es\/wp-json\/wp\/v2\/media\/12989"}],"wp:attachment":[{"href":"https:\/\/smoke.ch\/es\/wp-json\/wp\/v2\/media?parent=12987"}],"wp:term":[{"taxonomy":"product_brand","embeddable":true,"href":"https:\/\/smoke.ch\/es\/wp-json\/wp\/v2\/product_brand?post=12987"},{"taxonomy":"product_cat","embeddable":true,"href":"https:\/\/smoke.ch\/es\/wp-json\/wp\/v2\/product_cat?post=12987"},{"taxonomy":"product_tag","embeddable":true,"href":"https:\/\/smoke.ch\/es\/wp-json\/wp\/v2\/product_tag?post=12987"}],"curies":[{"name":"wp","href":"https:\/\/api.w.org\/{rel}","templated":true}]}}