{"id":12988,"date":"2022-03-30T19:56:52","date_gmt":"2022-03-30T19:56:52","guid":{"rendered":"https:\/\/smoke.ch\/product\/el-conde-de-santiago-especial\/"},"modified":"2022-03-30T19:56:52","modified_gmt":"2022-03-30T19:56:52","slug":"el-conde-de-santiago-especial","status":"publish","type":"product","link":"https:\/\/smoke.ch\/es\/producto\/el-conde-de-santiago-especial\/","title":{"rendered":"El Conde De Santiago \u2013 Especial"},"content":{"rendered":"<p>El puro Especial de<a href=\"https:\/\/smoke.ch\/product-category\/zigarren\/\"><br \/>\n  <strong> El Conde de Santiago<\/strong><br \/>\n<\/a> es una creaci\u00f3n exclusiva que se produce en peque\u00f1as cantidades. Tambi\u00e9n seleccionamos s\u00f3lo los mejores tabacos crudos y los almacenamos durante al menos dos o tres a\u00f1os antes de procesarlos. Este elaborado proceso nos permite garantizar una calidad excepcional, que se nota en cada bocanada.<\/p>\n<p>Este cigarro <a href=\"https:\/\/smoke.ch\/product-category\/zigarren\/\"><br \/>\n  <strong>puro<\/strong><br \/>\n<\/a> ofrece un sabor complejo con notas armoniosas de madera, especias y caf\u00e9, que lo convierten en una experiencia gustativa \u00fanica.<\/p>\n<p>Prueba ahora el puro Especial de El Conde de Santiago y disfruta de la maestr\u00eda artesanal y los tabacos cuidadosamente seleccionados que hacen de este puro algo muy especial. Descubre la calidad incomparable y el sabor \u00fanico de este exclusivo puro, un rico complemento para cualquier humidor. <a href=\"https:\/\/smoke.ch\/product-category\/zigarren\/el-conde-de-santiago-zigarren\/\"><br \/>\n  <strong>humidor<\/strong><br \/>\n<\/a>.<\/p>\n","protected":false},"excerpt":{"rendered":"<p>El puro Especial de El Conde de Santiago es una creaci\u00f3n exclusiva que se produce en peque\u00f1as cantidades. Tambi\u00e9n seleccionamos s\u00f3lo los mejores tabacos crudos y los almacenamos durante al menos dos o tres a\u00f1os antes de procesarlos. Este elaborado proceso nos permite garantizar una calidad excepcional, que se nota en cada bocanada. Este cigarro [&hellip;]<\/p>\n","protected":false},"featured_media":12993,"comment_status":"open","ping_status":"closed","template":"","meta":{"_et_pb_use_builder":"","_et_pb_old_content":"","_et_gb_content_width":""},"product_brand":[],"product_cat":[273,270],"product_tag":[941,947],"class_list":{"0":"post-12988","1":"product","2":"type-product","3":"status-publish","4":"has-post-thumbnail","6":"product_cat-el-conde-de-santiago-es","7":"product_cat-puros","8":"product_tag-el-conde-de-santiago-es","9":"product_tag-el-conde-de-santiago-especial-es","11":"first","12":"instock","13":"shipping-taxable","14":"purchasable","15":"product-type-variable"},"aioseo_notices":[],"_links":{"self":[{"href":"https:\/\/smoke.ch\/es\/wp-json\/wp\/v2\/product\/12988","targetHints":{"allow":["GET"]}}],"collection":[{"href":"https:\/\/smoke.ch\/es\/wp-json\/wp\/v2\/product"}],"about":[{"href":"https:\/\/smoke.ch\/es\/wp-json\/wp\/v2\/types\/product"}],"replies":[{"embeddable":true,"href":"https:\/\/smoke.ch\/es\/wp-json\/wp\/v2\/comments?post=12988"}],"wp:featuredmedia":[{"embeddable":true,"href":"https:\/\/smoke.ch\/es\/wp-json\/wp\/v2\/media\/12993"}],"wp:attachment":[{"href":"https:\/\/smoke.ch\/es\/wp-json\/wp\/v2\/media?parent=12988"}],"wp:term":[{"taxonomy":"product_brand","embeddable":true,"href":"https:\/\/smoke.ch\/es\/wp-json\/wp\/v2\/product_brand?post=12988"},{"taxonomy":"product_cat","embeddable":true,"href":"https:\/\/smoke.ch\/es\/wp-json\/wp\/v2\/product_cat?post=12988"},{"taxonomy":"product_tag","embeddable":true,"href":"https:\/\/smoke.ch\/es\/wp-json\/wp\/v2\/product_tag?post=12988"}],"curies":[{"name":"wp","href":"https:\/\/api.w.org\/{rel}","templated":true}]}}