{"id":13082,"date":"2024-10-11T08:26:20","date_gmt":"2024-10-11T08:26:20","guid":{"rendered":"https:\/\/smoke.ch\/product\/partagas-serie-e-no-2-gran-reserva-cosecha-2015\/"},"modified":"2025-04-14T13:22:47","modified_gmt":"2025-04-14T13:22:47","slug":"partagas-serie-e-no-2-gran-reserva-cosecha-2015","status":"publish","type":"product","link":"https:\/\/smoke.ch\/es\/producto\/partagas-serie-e-no-2-gran-reserva-cosecha-2015\/","title":{"rendered":"Partagas Serie E No.2 Gran Reserva Cosecha 2015"},"content":{"rendered":"<p>La l\u00ednea Reserva de <a href=\"https:\/\/www.habanos.com\/en\/\"><strong>Habanos<\/strong> <\/a>es hist\u00f3ricamente conocida por crear los \u00faltimos cl\u00e1sicos elaborados con tabacos especialmente a\u00f1ejados. Ahora, el Partag\u00e1s Serie E n\u00ba 2 se presenta como Gran Reserva, un formato a\u00fan joven elaborado con tabaco de la cosecha de 2015. <\/p>\n<p>El Partagas Serie E n\u00ba 2 Gran Reserva Cosecha 2015 representa la cima de la artesan\u00eda del puro cubano. Este puro cubano <a href=\"https:\/\/smoke.ch\/es\/categoria-producto\/puros\/\"><strong>puro<\/strong><\/a>resultado de un a\u00f1o de cosecha excepcional, combina magistralmente tradici\u00f3n y prestigio.  <\/p>\n<p>El tabaco, cultivado en los f\u00e9rtiles suelos de Pinar del R\u00edo, procede de las plantaciones m\u00e1s renombradas de Cuba. Cuidadosamente madurado desde 2015, las hojas han ganado en car\u00e1cter y complejidad. <\/p>\n<p>El impresionante formato Duke ha ascendido r\u00e1pidamente al primer puesto de la lista de ventas de <a href=\"https:\/\/smoke.ch\/es\/categoria-producto\/puros\/partagas-es\/\"><strong>Partag\u00e1s<\/strong><\/a> lista de ventas. Se asienta c\u00f3modamente en la mano y despliega maravillosamente la mezcla de tabaco de la serie Partag\u00e1s gracias a una longitud de 140 mm y un generoso calibre de anilla de 54. Esto fue para <a href=\"https:\/\/www.habanos.com\/en\/\"><strong>Habanos S.A.<\/strong> <\/a>creara una Edici\u00f3n Gran Reserva exclusiva especialmente para este formato.<a href=\"https:\/\/smoke.ch\/es\/categoria-producto\/puros\/\"><strong> Estos puros de primera clase<\/strong> <\/a>se encuentran sin duda entre las delicias m\u00e1s exclusivas y destacadas del universo Habanos, ya que est\u00e1n elaborados con tabaco madurado con especial cuidado.  <\/p>\n<p>Ni que decir tiene que en las f\u00e1bricas s\u00f3lo se selecciona a los torcedores m\u00e1s experimentados para producir estas obras maestras a partir de las mejores hojas de tabaco. Cada edici\u00f3n Gran Reserva est\u00e1 limitada a s\u00f3lo <a href=\"https:\/\/smoke.ch\/es\/categoria-producto\/humidificadores\/\"><strong>5.000 cajas de 15 puros<\/strong><\/a> limitados. S\u00f3lo se utilizan tabacos a\u00f1ejados durante al menos cinco a\u00f1os para la tripa, la capa y el ligamento de los Gran Reserva, que proceden de la plantaci\u00f3n m\u00e1s prestigiosa de la regi\u00f3n de Pinar del R\u00edo.  <\/p>\n<p>La palabra espa\u00f1ola \u00ab<a href=\"https:\/\/smoke.ch\/es\/\"><strong>Cosecha\u00bb significa \u00abcosecha<\/strong><\/a>\u00aby se refiere al a\u00f1o en que se cosecharon las hojas de tabaco. Los puros de esta categor\u00eda tienen una anilla negra y dorada y llevan la etiqueta \u00abGran Reserva\u00bb. El aspecto elegante de los puros Gran Reserva se acent\u00faa a\u00fan m\u00e1s con las cajas de lujo lacadas en negro de alto brillo.  <\/p>\n","protected":false},"excerpt":{"rendered":"<p>La l\u00ednea Reserva de Habanos es hist\u00f3ricamente conocida por crear los \u00faltimos cl\u00e1sicos elaborados con tabacos especialmente a\u00f1ejados. Ahora, el Partag\u00e1s Serie E n\u00ba 2 se presenta como Gran Reserva, un formato a\u00fan joven elaborado con tabaco de la cosecha de 2015. El Partagas Serie E n\u00ba 2 Gran Reserva Cosecha 2015 representa la cima [&hellip;]<\/p>\n","protected":false},"featured_media":13083,"comment_status":"open","ping_status":"closed","template":"","meta":{"_et_pb_use_builder":"off","_et_pb_old_content":"La l\u00ednea Reserva de <a href=\"https:\/\/www.habanos.com\/en\/\"><strong>Habanos<\/strong> <\/a>es hist\u00f3ricamente conocida por crear los \u00faltimos cl\u00e1sicos elaborados con tabacos especialmente a\u00f1ejados. Ahora, el Partag\u00e1s Serie E n\u00ba 2 se presenta como Gran Reserva, un formato a\u00fan joven elaborado con tabaco de la cosecha de 2015. \n\nEl impresionante formato Duke ha ascendido r\u00e1pidamente al primer puesto de la lista de ventas de <a href=\"https:\/\/smoke.ch\/product-category\/zigarren\/partagas\/\"><strong>Partag\u00e1s<\/strong><\/a> lista de ventas. Se asienta c\u00f3modamente en la mano y despliega la mezcla de tabaco de la serie Partag\u00e1s de forma maravillosa gracias a su longitud de 140 mm y a su generoso calibre de anilla de 54. Esta fue la raz\u00f3n por la que Habanos S.A. cre\u00f3 una exclusiva Edici\u00f3n Gran Reserva especialmente para este formato.<a href=\"https:\/\/smoke.ch\/product-category\/zigarren\/\"><strong> Estos puros de primera clase<\/strong> <\/a>se encuentran sin duda entre las delicias m\u00e1s exclusivas y destacadas del universo Habanos, ya que est\u00e1n elaborados con tabaco madurado con especial cuidado.  \n\nNi que decir tiene que en las f\u00e1bricas s\u00f3lo se selecciona a los torcedores m\u00e1s experimentados para producir estas obras maestras a partir de las mejores hojas de tabaco. Cada edici\u00f3n Gran Reserva est\u00e1 limitada a s\u00f3lo <a href=\"https:\/\/smoke.ch\/product-category\/humidore\/\"><strong>5.000 cajas de 15 puros<\/strong><\/a> limitados. S\u00f3lo se utilizan tabacos a\u00f1ejados durante al menos cinco a\u00f1os para la tripa, la capa y el ligamento de los Gran Reserva, que proceden de la plantaci\u00f3n m\u00e1s prestigiosa de la regi\u00f3n de Pinar del R\u00edo.  ","_et_gb_content_width":""},"product_brand":[],"product_cat":[274,270],"product_tag":[929,1125,815,950,951,1012,1098,1121,886,1076,1122,1118,928,1207,1032],"class_list":{"0":"post-13082","1":"product","2":"type-product","3":"status-publish","4":"has-post-thumbnail","6":"product_cat-partagas-es","7":"product_cat-puros","8":"product_tag-cigarros-limitados","9":"product_tag-habanos-es","10":"product_tag-partagas-es","11":"product_tag-partagas-reserva-es","12":"product_tag-partagas-serie-e-no-2-gran-reserva-es","13":"product_tag-puro-premium","14":"product_tag-puros","15":"product_tag-puros-anejos-cubanos","16":"product_tag-puros-antiguos","17":"product_tag-puros-cubanos","18":"product_tag-puros-cubanos-exclusivos","19":"product_tag-puros-habanos","20":"product_tag-puros-para-coleccionistas","21":"product_tag-puros-partagas","22":"product_tag-puros-raros-es","24":"first","25":"instock","26":"shipping-taxable","27":"purchasable","28":"product-type-simple"},"aioseo_notices":[],"_links":{"self":[{"href":"https:\/\/smoke.ch\/es\/wp-json\/wp\/v2\/product\/13082","targetHints":{"allow":["GET"]}}],"collection":[{"href":"https:\/\/smoke.ch\/es\/wp-json\/wp\/v2\/product"}],"about":[{"href":"https:\/\/smoke.ch\/es\/wp-json\/wp\/v2\/types\/product"}],"replies":[{"embeddable":true,"href":"https:\/\/smoke.ch\/es\/wp-json\/wp\/v2\/comments?post=13082"}],"wp:featuredmedia":[{"embeddable":true,"href":"https:\/\/smoke.ch\/es\/wp-json\/wp\/v2\/media\/13083"}],"wp:attachment":[{"href":"https:\/\/smoke.ch\/es\/wp-json\/wp\/v2\/media?parent=13082"}],"wp:term":[{"taxonomy":"product_brand","embeddable":true,"href":"https:\/\/smoke.ch\/es\/wp-json\/wp\/v2\/product_brand?post=13082"},{"taxonomy":"product_cat","embeddable":true,"href":"https:\/\/smoke.ch\/es\/wp-json\/wp\/v2\/product_cat?post=13082"},{"taxonomy":"product_tag","embeddable":true,"href":"https:\/\/smoke.ch\/es\/wp-json\/wp\/v2\/product_tag?post=13082"}],"curies":[{"name":"wp","href":"https:\/\/api.w.org\/{rel}","templated":true}]}}